{"id":377225,"date":"2025-05-18T20:59:39","date_gmt":"2025-05-18T20:59:39","guid":{"rendered":"https:\/\/staging2.stylingagenten.com\/no\/produkt\/banila-co-dear-hydration-water-barrier-cream-50ml\/"},"modified":"2025-12-18T21:30:53","modified_gmt":"2025-12-18T21:30:53","slug":"banila-co-dear-hydration-water-barrier-cream-50ml","status":"publish","type":"product","link":"https:\/\/stylingagenten.com\/no\/produkt\/banila-co-dear-hydration-water-barrier-cream-50ml\/","title":{"rendered":"Banila Co Dear Hydration Water Barrier Cream 50ml"},"content":{"rendered":"<p>Banila Co Dear Hydration Water Barrier Cream er en raskt absorberende og fuktgivende ansiktskrem som umiddelbart gir huden fukt og n\u00e6ring, hjelper med \u00e5 opprettholde dens naturlige barriere og gir en sunn gl\u00f8d. Den inneholder blant annet Pink Cactus Water\u2122 og Pink Hydra Biome\u2122, som er rike p\u00e5 antioksidanter og fukter t\u00f8rr hud. Kan brukes b\u00e5de om dagen og om natten. Dermatologisk testet, passer alle hudtyper.<\/p>\n<p>50ml<\/p>\n","protected":false},"excerpt":{"rendered":"<p>Banila Co Dear Hydration Water Barrier Cream er en raskt absorberende og fuktgivende ansiktskrem som umiddelbart gir huden fukt og n\u00e6ring, hjelper med \u00e5 opprettholde dens naturlige barriere og gir en sunn gl\u00f8d. Den inneholder blant annet Pink Cactus Water\u2122 og Pink Hydra Biome\u2122, som er rike p\u00e5 antioksidanter og fukter t\u00f8rr hud. Kan brukes [&hellip;]<\/p>\n","protected":false},"featured_media":377196,"comment_status":"open","ping_status":"closed","template":"","meta":{"_trash_the_other_posts":false},"product_brand":[],"product_cat":[559],"product_tag":[],"berocket_brand":[1394],"class_list":{"0":"post-377225","1":"product","2":"type-product","3":"status-publish","4":"has-post-thumbnail","6":"product_cat-ansiktskrem","7":"pa_brand-banila-co","8":"berocket_brand-banila-co","10":"first","11":"instock","12":"sale","13":"taxable","14":"shipping-taxable","15":"purchasable","16":"product-type-simple"},"_links":{"self":[{"href":"https:\/\/stylingagenten.com\/no\/wp-json\/wp\/v2\/product\/377225","targetHints":{"allow":["GET"]}}],"collection":[{"href":"https:\/\/stylingagenten.com\/no\/wp-json\/wp\/v2\/product"}],"about":[{"href":"https:\/\/stylingagenten.com\/no\/wp-json\/wp\/v2\/types\/product"}],"replies":[{"embeddable":true,"href":"https:\/\/stylingagenten.com\/no\/wp-json\/wp\/v2\/comments?post=377225"}],"version-history":[{"count":0,"href":"https:\/\/stylingagenten.com\/no\/wp-json\/wp\/v2\/product\/377225\/revisions"}],"wp:featuredmedia":[{"embeddable":true,"href":"https:\/\/stylingagenten.com\/no\/wp-json\/wp\/v2\/media\/377196"}],"wp:attachment":[{"href":"https:\/\/stylingagenten.com\/no\/wp-json\/wp\/v2\/media?parent=377225"}],"wp:term":[{"taxonomy":"product_brand","embeddable":true,"href":"https:\/\/stylingagenten.com\/no\/wp-json\/wp\/v2\/product_brand?post=377225"},{"taxonomy":"product_cat","embeddable":true,"href":"https:\/\/stylingagenten.com\/no\/wp-json\/wp\/v2\/product_cat?post=377225"},{"taxonomy":"product_tag","embeddable":true,"href":"https:\/\/stylingagenten.com\/no\/wp-json\/wp\/v2\/product_tag?post=377225"},{"taxonomy":"berocket_brand","embeddable":true,"href":"https:\/\/stylingagenten.com\/no\/wp-json\/wp\/v2\/berocket_brand?post=377225"}],"curies":[{"name":"wp","href":"https:\/\/api.w.org\/{rel}","templated":true}]}}