{"id":377189,"date":"2025-05-18T20:59:34","date_gmt":"2025-05-18T20:59:34","guid":{"rendered":"https:\/\/staging2.stylingagenten.com\/no\/produkt\/skin1004-madagascar-centella-probio-cica-enrich-cream-50ml\/"},"modified":"2026-02-06T17:36:31","modified_gmt":"2026-02-06T17:36:31","slug":"skin1004-madagascar-centella-probio-cica-enrich-cream-50ml","status":"publish","type":"product","link":"https:\/\/stylingagenten.com\/no\/produkt\/skin1004-madagascar-centella-probio-cica-enrich-cream-50ml\/","title":{"rendered":"SKIN1004 Madagascar Centella Probio-Cica Enrich Cream 50ml"},"content":{"rendered":"<p>SKIN1004 Madagascar Centella Probio-Cica Enrich Cream er en h\u00f8ykonsentrert krem som strammer opp hudstrukturen og styrker hudbarrieren ved \u00e5 etterligne den lamell\u00e6re strukturen til hudbarri\u00e6rceller, det sunne grunnlaget for hudlipider. Ved p\u00e5f\u00f8ring fester den seg sk\u00e5nsomt til huden og etterlater en silkemyk finish.<\/p>\n<p>50ml<\/p>\n","protected":false},"excerpt":{"rendered":"<p>SKIN1004 Madagascar Centella Probio-Cica Enrich Cream er en h\u00f8ykonsentrert krem som strammer opp hudstrukturen og styrker hudbarrieren ved \u00e5 etterligne den lamell\u00e6re strukturen til hudbarri\u00e6rceller, det sunne grunnlaget for hudlipider. Ved p\u00e5f\u00f8ring fester den seg sk\u00e5nsomt til huden og etterlater en silkemyk finish. 50ml<\/p>\n","protected":false},"featured_media":377162,"comment_status":"open","ping_status":"closed","template":"","meta":{"_trash_the_other_posts":false},"product_brand":[],"product_cat":[559],"product_tag":[],"berocket_brand":[1999],"class_list":{"0":"post-377189","1":"product","2":"type-product","3":"status-publish","4":"has-post-thumbnail","6":"product_cat-ansiktskrem","7":"pa_brand-1541-london","8":"berocket_brand-skin1010","10":"first","11":"instock","12":"sale","13":"taxable","14":"shipping-taxable","15":"purchasable","16":"product-type-simple"},"_links":{"self":[{"href":"https:\/\/stylingagenten.com\/no\/wp-json\/wp\/v2\/product\/377189","targetHints":{"allow":["GET"]}}],"collection":[{"href":"https:\/\/stylingagenten.com\/no\/wp-json\/wp\/v2\/product"}],"about":[{"href":"https:\/\/stylingagenten.com\/no\/wp-json\/wp\/v2\/types\/product"}],"replies":[{"embeddable":true,"href":"https:\/\/stylingagenten.com\/no\/wp-json\/wp\/v2\/comments?post=377189"}],"version-history":[{"count":0,"href":"https:\/\/stylingagenten.com\/no\/wp-json\/wp\/v2\/product\/377189\/revisions"}],"wp:featuredmedia":[{"embeddable":true,"href":"https:\/\/stylingagenten.com\/no\/wp-json\/wp\/v2\/media\/377162"}],"wp:attachment":[{"href":"https:\/\/stylingagenten.com\/no\/wp-json\/wp\/v2\/media?parent=377189"}],"wp:term":[{"taxonomy":"product_brand","embeddable":true,"href":"https:\/\/stylingagenten.com\/no\/wp-json\/wp\/v2\/product_brand?post=377189"},{"taxonomy":"product_cat","embeddable":true,"href":"https:\/\/stylingagenten.com\/no\/wp-json\/wp\/v2\/product_cat?post=377189"},{"taxonomy":"product_tag","embeddable":true,"href":"https:\/\/stylingagenten.com\/no\/wp-json\/wp\/v2\/product_tag?post=377189"},{"taxonomy":"berocket_brand","embeddable":true,"href":"https:\/\/stylingagenten.com\/no\/wp-json\/wp\/v2\/berocket_brand?post=377189"}],"curies":[{"name":"wp","href":"https:\/\/api.w.org\/{rel}","templated":true}]}}