{"id":377139,"date":"2025-05-18T20:59:28","date_gmt":"2025-05-18T20:59:28","guid":{"rendered":"https:\/\/staging2.stylingagenten.com\/no\/produkt\/anua-peach-77-niacin-enriched-cream-50ml\/"},"modified":"2025-12-18T21:28:28","modified_gmt":"2025-12-18T21:28:28","slug":"anua-peach-77-niacin-enriched-cream-50ml","status":"publish","type":"product","link":"https:\/\/stylingagenten.com\/no\/produkt\/anua-peach-77-niacin-enriched-cream-50ml\/","title":{"rendered":"Anua Peach 77% Niacin Enriched Cream 50ml"},"content":{"rendered":"<p>ANUA Peach 77% Niacin Enriched Cream er en fuktighetsgivende og opplysende ansiktskrem som gir en str\u00e5lende og sunn hudtone.<\/p>\n<p>Den fuktighetsgivende og opplysende ansiktskremen passer for alle hudtyper og for deg som \u00f8nsker en gl\u00f8dende og frisk hud. Kremen inneholder 77 % ferskenekstrakt, som er rikt p\u00e5 vitaminer og antioksidanter, og bidrar til \u00e5 fukte huden og gi den gl\u00f8d. Niacinamid (Vitamin B3) reduserer synligheten av hyperpigmentering og jevner ut hudtonen. Ceramider styrker hudbarrieren og kapsler inn fuktighet, mens kollagen forbedrer hudens elastisitet og reduserer synligheten av fine linjer. Panthenol (Vitamin B5) fukter og beroliger huden. Kremen har en lett konsistens som raskt absorberes av huden.<\/p>\n<p>50ml<\/p>\n","protected":false},"excerpt":{"rendered":"<p>ANUA Peach 77% Niacin Enriched Cream er en fuktighetsgivende og opplysende ansiktskrem som gir en str\u00e5lende og sunn hudtone. Den fuktighetsgivende og opplysende ansiktskremen passer for alle hudtyper og for deg som \u00f8nsker en gl\u00f8dende og frisk hud. Kremen inneholder 77 % ferskenekstrakt, som er rikt p\u00e5 vitaminer og antioksidanter, og bidrar til \u00e5 fukte [&hellip;]<\/p>\n","protected":false},"featured_media":377123,"comment_status":"open","ping_status":"closed","template":"","meta":{"_trash_the_other_posts":false},"product_brand":[],"product_cat":[559],"product_tag":[],"berocket_brand":[1421],"class_list":{"0":"post-377139","1":"product","2":"type-product","3":"status-publish","4":"has-post-thumbnail","6":"product_cat-ansiktskrem","7":"pa_brand-anua","8":"berocket_brand-anua","10":"first","11":"instock","12":"sale","13":"taxable","14":"shipping-taxable","15":"purchasable","16":"product-type-simple"},"_links":{"self":[{"href":"https:\/\/stylingagenten.com\/no\/wp-json\/wp\/v2\/product\/377139","targetHints":{"allow":["GET"]}}],"collection":[{"href":"https:\/\/stylingagenten.com\/no\/wp-json\/wp\/v2\/product"}],"about":[{"href":"https:\/\/stylingagenten.com\/no\/wp-json\/wp\/v2\/types\/product"}],"replies":[{"embeddable":true,"href":"https:\/\/stylingagenten.com\/no\/wp-json\/wp\/v2\/comments?post=377139"}],"version-history":[{"count":0,"href":"https:\/\/stylingagenten.com\/no\/wp-json\/wp\/v2\/product\/377139\/revisions"}],"wp:featuredmedia":[{"embeddable":true,"href":"https:\/\/stylingagenten.com\/no\/wp-json\/wp\/v2\/media\/377123"}],"wp:attachment":[{"href":"https:\/\/stylingagenten.com\/no\/wp-json\/wp\/v2\/media?parent=377139"}],"wp:term":[{"taxonomy":"product_brand","embeddable":true,"href":"https:\/\/stylingagenten.com\/no\/wp-json\/wp\/v2\/product_brand?post=377139"},{"taxonomy":"product_cat","embeddable":true,"href":"https:\/\/stylingagenten.com\/no\/wp-json\/wp\/v2\/product_cat?post=377139"},{"taxonomy":"product_tag","embeddable":true,"href":"https:\/\/stylingagenten.com\/no\/wp-json\/wp\/v2\/product_tag?post=377139"},{"taxonomy":"berocket_brand","embeddable":true,"href":"https:\/\/stylingagenten.com\/no\/wp-json\/wp\/v2\/berocket_brand?post=377139"}],"curies":[{"name":"wp","href":"https:\/\/api.w.org\/{rel}","templated":true}]}}