{"id":377133,"date":"2025-05-18T20:59:27","date_gmt":"2025-05-18T20:59:27","guid":{"rendered":"https:\/\/staging2.stylingagenten.com\/no\/produkt\/malibu-soothing-after-sun-lotion-200ml\/"},"modified":"2026-04-13T07:10:18","modified_gmt":"2026-04-13T07:10:18","slug":"malibu-soothing-after-sun-lotion-200ml","status":"publish","type":"product","link":"https:\/\/stylingagenten.com\/no\/produkt\/malibu-soothing-after-sun-lotion-200ml\/","title":{"rendered":"Malibu Soothing After Sun Lotion 200ml"},"content":{"rendered":"<p>Kj\u00f8ler ned, beroliger og fukter huden etter eksponering for solen. Ved \u00e5 holde p\u00e5 hudens fuktighet, hjelper det til \u00e5 forhindre flassing, holde huden glatt og smidig og holde brunfargen lang.<\/p>\n","protected":false},"excerpt":{"rendered":"<p>Kj\u00f8ler ned, beroliger og fukter huden etter eksponering for solen. Ved \u00e5 holde p\u00e5 hudens fuktighet, hjelper det til \u00e5 forhindre flassing, holde huden glatt og smidig og holde brunfargen lang.<\/p>\n","protected":false},"featured_media":377131,"comment_status":"open","ping_status":"closed","template":"","meta":{"_trash_the_other_posts":false},"product_brand":[],"product_cat":[658],"product_tag":[3362],"berocket_brand":[1241],"class_list":{"0":"post-377133","1":"product","2":"type-product","3":"status-publish","4":"has-post-thumbnail","6":"product_cat-after-sun","7":"product_tag-malibu-soothing-after-sun-lotion","8":"pa_brand-malibu","9":"pa_variant-200ml","10":"berocket_brand-malibu","12":"first","13":"instock","14":"sale","15":"taxable","16":"shipping-taxable","17":"purchasable","18":"product-type-simple"},"_links":{"self":[{"href":"https:\/\/stylingagenten.com\/no\/wp-json\/wp\/v2\/product\/377133","targetHints":{"allow":["GET"]}}],"collection":[{"href":"https:\/\/stylingagenten.com\/no\/wp-json\/wp\/v2\/product"}],"about":[{"href":"https:\/\/stylingagenten.com\/no\/wp-json\/wp\/v2\/types\/product"}],"replies":[{"embeddable":true,"href":"https:\/\/stylingagenten.com\/no\/wp-json\/wp\/v2\/comments?post=377133"}],"version-history":[{"count":0,"href":"https:\/\/stylingagenten.com\/no\/wp-json\/wp\/v2\/product\/377133\/revisions"}],"wp:featuredmedia":[{"embeddable":true,"href":"https:\/\/stylingagenten.com\/no\/wp-json\/wp\/v2\/media\/377131"}],"wp:attachment":[{"href":"https:\/\/stylingagenten.com\/no\/wp-json\/wp\/v2\/media?parent=377133"}],"wp:term":[{"taxonomy":"product_brand","embeddable":true,"href":"https:\/\/stylingagenten.com\/no\/wp-json\/wp\/v2\/product_brand?post=377133"},{"taxonomy":"product_cat","embeddable":true,"href":"https:\/\/stylingagenten.com\/no\/wp-json\/wp\/v2\/product_cat?post=377133"},{"taxonomy":"product_tag","embeddable":true,"href":"https:\/\/stylingagenten.com\/no\/wp-json\/wp\/v2\/product_tag?post=377133"},{"taxonomy":"berocket_brand","embeddable":true,"href":"https:\/\/stylingagenten.com\/no\/wp-json\/wp\/v2\/berocket_brand?post=377133"}],"curies":[{"name":"wp","href":"https:\/\/api.w.org\/{rel}","templated":true}]}}