{"id":377125,"date":"2025-05-18T20:59:25","date_gmt":"2025-05-18T20:59:25","guid":{"rendered":"https:\/\/staging2.stylingagenten.com\/no\/produkt\/malibu-moisturising-after-sun-lotion-with-tan-extender-200ml\/"},"modified":"2026-03-25T08:30:41","modified_gmt":"2026-03-25T08:30:41","slug":"malibu-moisturising-after-sun-lotion-with-tan-extender-200ml","status":"publish","type":"product","link":"https:\/\/stylingagenten.com\/no\/produkt\/malibu-moisturising-after-sun-lotion-with-tan-extender-200ml\/","title":{"rendered":"Malibu Moisturising After Sun Lotion with Tan Extender 200ml"},"content":{"rendered":"<p>Kj\u00f8ler ned, beroliger og fukter huden etter eksponering for solen. Ved \u00e5 opprettholde fuktigheten i huden bidrar du til \u00e5 forhindre at huden flasser, du holder huden glatt og smidig og forbedrer holdbarheten til brunfargen. En dypt &aring;rehydrerende After Sun-krem, med &rdquo;selvbruning&rdquo; ingrediens, for \u00e5 gi n\u00e6ring og pleie til huden din samtidig som den fremmer en lengre, dypere brunfarge.<\/p>\n","protected":false},"excerpt":{"rendered":"<p>Kj\u00f8ler ned, beroliger og fukter huden etter eksponering for solen. Ved \u00e5 opprettholde fuktigheten i huden bidrar du til \u00e5 forhindre at huden flasser, du holder huden glatt og smidig og forbedrer holdbarheten til brunfargen. En dypt &aring;rehydrerende After Sun-krem, med &rdquo;selvbruning&rdquo; ingrediens, for \u00e5 gi n\u00e6ring og pleie til huden din samtidig som den [&hellip;]<\/p>\n","protected":false},"featured_media":377124,"comment_status":"open","ping_status":"closed","template":"","meta":{"_trash_the_other_posts":false},"product_brand":[],"product_cat":[658],"product_tag":[],"berocket_brand":[1241],"class_list":{"0":"post-377125","1":"product","2":"type-product","3":"status-publish","4":"has-post-thumbnail","6":"product_cat-after-sun","7":"pa_brand-malibu","8":"berocket_brand-malibu","10":"first","11":"instock","12":"sale","13":"taxable","14":"shipping-taxable","15":"purchasable","16":"product-type-simple"},"_links":{"self":[{"href":"https:\/\/stylingagenten.com\/no\/wp-json\/wp\/v2\/product\/377125","targetHints":{"allow":["GET"]}}],"collection":[{"href":"https:\/\/stylingagenten.com\/no\/wp-json\/wp\/v2\/product"}],"about":[{"href":"https:\/\/stylingagenten.com\/no\/wp-json\/wp\/v2\/types\/product"}],"replies":[{"embeddable":true,"href":"https:\/\/stylingagenten.com\/no\/wp-json\/wp\/v2\/comments?post=377125"}],"version-history":[{"count":0,"href":"https:\/\/stylingagenten.com\/no\/wp-json\/wp\/v2\/product\/377125\/revisions"}],"wp:featuredmedia":[{"embeddable":true,"href":"https:\/\/stylingagenten.com\/no\/wp-json\/wp\/v2\/media\/377124"}],"wp:attachment":[{"href":"https:\/\/stylingagenten.com\/no\/wp-json\/wp\/v2\/media?parent=377125"}],"wp:term":[{"taxonomy":"product_brand","embeddable":true,"href":"https:\/\/stylingagenten.com\/no\/wp-json\/wp\/v2\/product_brand?post=377125"},{"taxonomy":"product_cat","embeddable":true,"href":"https:\/\/stylingagenten.com\/no\/wp-json\/wp\/v2\/product_cat?post=377125"},{"taxonomy":"product_tag","embeddable":true,"href":"https:\/\/stylingagenten.com\/no\/wp-json\/wp\/v2\/product_tag?post=377125"},{"taxonomy":"berocket_brand","embeddable":true,"href":"https:\/\/stylingagenten.com\/no\/wp-json\/wp\/v2\/berocket_brand?post=377125"}],"curies":[{"name":"wp","href":"https:\/\/api.w.org\/{rel}","templated":true}]}}