{"id":377117,"date":"2025-05-18T20:59:23","date_gmt":"2025-05-18T20:59:23","guid":{"rendered":"https:\/\/staging2.stylingagenten.com\/no\/produkt\/malibu-ice-blue-cooling-after-sun-gel-100ml\/"},"modified":"2026-04-12T15:18:34","modified_gmt":"2026-04-12T15:18:34","slug":"malibu-ice-blue-cooling-after-sun-gel-100ml","status":"publish","type":"product","link":"https:\/\/stylingagenten.com\/no\/produkt\/malibu-ice-blue-cooling-after-sun-gel-100ml\/","title":{"rendered":"Malibu Ice Blue Cooling After Sun Gel 100ml"},"content":{"rendered":"<p>Kj\u00f8ler og beroliger huden etter eksponering for solen. Ved \u00e5 holde p\u00e5 fuktigheten i huden, bidrar den til \u00e5 forhindre flassing, holder huden glatt og smidig og forlenger brunfargen. En After Sun som er rik p\u00e5 de beroligende effektene av Aloe Vera.<\/p>\n","protected":false},"excerpt":{"rendered":"<p>Kj\u00f8ler og beroliger huden etter eksponering for solen. Ved \u00e5 holde p\u00e5 fuktigheten i huden, bidrar den til \u00e5 forhindre flassing, holder huden glatt og smidig og forlenger brunfargen. En After Sun som er rik p\u00e5 de beroligende effektene av Aloe Vera.<\/p>\n","protected":false},"featured_media":377115,"comment_status":"open","ping_status":"closed","template":"","meta":{"_trash_the_other_posts":false},"product_brand":[],"product_cat":[658],"product_tag":[],"berocket_brand":[1241],"class_list":{"0":"post-377117","1":"product","2":"type-product","3":"status-publish","4":"has-post-thumbnail","6":"product_cat-after-sun","7":"pa_brand-malibu","8":"berocket_brand-malibu","10":"first","11":"instock","12":"sale","13":"taxable","14":"shipping-taxable","15":"purchasable","16":"product-type-simple"},"_links":{"self":[{"href":"https:\/\/stylingagenten.com\/no\/wp-json\/wp\/v2\/product\/377117","targetHints":{"allow":["GET"]}}],"collection":[{"href":"https:\/\/stylingagenten.com\/no\/wp-json\/wp\/v2\/product"}],"about":[{"href":"https:\/\/stylingagenten.com\/no\/wp-json\/wp\/v2\/types\/product"}],"replies":[{"embeddable":true,"href":"https:\/\/stylingagenten.com\/no\/wp-json\/wp\/v2\/comments?post=377117"}],"version-history":[{"count":0,"href":"https:\/\/stylingagenten.com\/no\/wp-json\/wp\/v2\/product\/377117\/revisions"}],"wp:featuredmedia":[{"embeddable":true,"href":"https:\/\/stylingagenten.com\/no\/wp-json\/wp\/v2\/media\/377115"}],"wp:attachment":[{"href":"https:\/\/stylingagenten.com\/no\/wp-json\/wp\/v2\/media?parent=377117"}],"wp:term":[{"taxonomy":"product_brand","embeddable":true,"href":"https:\/\/stylingagenten.com\/no\/wp-json\/wp\/v2\/product_brand?post=377117"},{"taxonomy":"product_cat","embeddable":true,"href":"https:\/\/stylingagenten.com\/no\/wp-json\/wp\/v2\/product_cat?post=377117"},{"taxonomy":"product_tag","embeddable":true,"href":"https:\/\/stylingagenten.com\/no\/wp-json\/wp\/v2\/product_tag?post=377117"},{"taxonomy":"berocket_brand","embeddable":true,"href":"https:\/\/stylingagenten.com\/no\/wp-json\/wp\/v2\/berocket_brand?post=377117"}],"curies":[{"name":"wp","href":"https:\/\/api.w.org\/{rel}","templated":true}]}}