{"id":377106,"date":"2025-05-18T20:59:21","date_gmt":"2025-05-18T20:59:21","guid":{"rendered":"https:\/\/staging2.stylingagenten.com\/no\/produkt\/malibu-miracle-tan-before-after-sun-lotion-150ml\/"},"modified":"2026-04-13T07:10:25","modified_gmt":"2026-04-13T07:10:25","slug":"malibu-miracle-tan-before-after-sun-lotion-150ml","status":"publish","type":"product","link":"https:\/\/stylingagenten.com\/no\/produkt\/malibu-miracle-tan-before-after-sun-lotion-150ml\/","title":{"rendered":"Malibu Miracle Tan Before &amp; After Sun Lotion 150ml"},"content":{"rendered":"<p>Denne mirakelkremen revitaliserer huden for et str\u00e5lende utseende rundt omkring.<\/p>\n<p>Den aktive ingrediensen i denne lotionen er rik p\u00e5; sitrusflavanoider som kan fremskynde hudpigmentering ved \u00e5 stimulere aktiviteten til tyrosinase og syntesen av melanin, som gir solfri naturlig brunfarge og dermed fotobeskyttelse for hudceller. Bruk f\u00f8r soleksponering for \u00e5 forberede huden, samt etter en lang dag i solen for \u00e5 forhindre at brunfargen falmer eller flasser.<\/p>\n<p>Klinisk bevist \u00e5 v\u00e6re rask Sk\u00e5nsom mot huden<br \/>Silkeaktig fuktighetskrem <br \/>Akselererer soling<br \/>Beholder brunfargen og gir en naturlig farge ved hjelp av hudens eget melanin.<br \/>Kun testet p\u00e5; mennesker<br \/>Made in England<\/p>\n","protected":false},"excerpt":{"rendered":"<p>Denne mirakelkremen revitaliserer huden for et str\u00e5lende utseende rundt omkring. Den aktive ingrediensen i denne lotionen er rik p\u00e5; sitrusflavanoider som kan fremskynde hudpigmentering ved \u00e5 stimulere aktiviteten til tyrosinase og syntesen av melanin, som gir solfri naturlig brunfarge og dermed fotobeskyttelse for hudceller. Bruk f\u00f8r soleksponering for \u00e5 forberede huden, samt etter en lang [&hellip;]<\/p>\n","protected":false},"featured_media":377105,"comment_status":"open","ping_status":"closed","template":"","meta":{"_trash_the_other_posts":false},"product_brand":[],"product_cat":[658],"product_tag":[],"berocket_brand":[1241],"class_list":{"0":"post-377106","1":"product","2":"type-product","3":"status-publish","4":"has-post-thumbnail","6":"product_cat-after-sun","7":"pa_brand-malibu","8":"berocket_brand-malibu","10":"first","11":"instock","12":"sale","13":"taxable","14":"shipping-taxable","15":"purchasable","16":"product-type-simple"},"_links":{"self":[{"href":"https:\/\/stylingagenten.com\/no\/wp-json\/wp\/v2\/product\/377106","targetHints":{"allow":["GET"]}}],"collection":[{"href":"https:\/\/stylingagenten.com\/no\/wp-json\/wp\/v2\/product"}],"about":[{"href":"https:\/\/stylingagenten.com\/no\/wp-json\/wp\/v2\/types\/product"}],"replies":[{"embeddable":true,"href":"https:\/\/stylingagenten.com\/no\/wp-json\/wp\/v2\/comments?post=377106"}],"version-history":[{"count":0,"href":"https:\/\/stylingagenten.com\/no\/wp-json\/wp\/v2\/product\/377106\/revisions"}],"wp:featuredmedia":[{"embeddable":true,"href":"https:\/\/stylingagenten.com\/no\/wp-json\/wp\/v2\/media\/377105"}],"wp:attachment":[{"href":"https:\/\/stylingagenten.com\/no\/wp-json\/wp\/v2\/media?parent=377106"}],"wp:term":[{"taxonomy":"product_brand","embeddable":true,"href":"https:\/\/stylingagenten.com\/no\/wp-json\/wp\/v2\/product_brand?post=377106"},{"taxonomy":"product_cat","embeddable":true,"href":"https:\/\/stylingagenten.com\/no\/wp-json\/wp\/v2\/product_cat?post=377106"},{"taxonomy":"product_tag","embeddable":true,"href":"https:\/\/stylingagenten.com\/no\/wp-json\/wp\/v2\/product_tag?post=377106"},{"taxonomy":"berocket_brand","embeddable":true,"href":"https:\/\/stylingagenten.com\/no\/wp-json\/wp\/v2\/berocket_brand?post=377106"}],"curies":[{"name":"wp","href":"https:\/\/api.w.org\/{rel}","templated":true}]}}