{"id":377047,"date":"2025-05-18T20:59:11","date_gmt":"2025-05-18T20:59:11","guid":{"rendered":"https:\/\/staging2.stylingagenten.com\/no\/produkt\/zmile-cosmetics-advent-calendar-puzzle-oh-what-fun\/"},"modified":"2026-03-16T17:54:35","modified_gmt":"2026-03-16T17:54:35","slug":"zmile-cosmetics-advent-calendar-puzzle-oh-what-fun","status":"publish","type":"product","link":"https:\/\/stylingagenten.com\/no\/produkt\/zmile-cosmetics-advent-calendar-puzzle-oh-what-fun\/","title":{"rendered":"Zmile Cosmetics Advent Calendar Puzzle &#8216;Oh What Fun&#8217;"},"content":{"rendered":"<p>Zmile Cosmetics Advent Calendar Puzzle &#8216;Oh What Fun&#8217;<br \/>En adventskalender med 24 forskjellige sminkeprodukter og tilbeh\u00f8r.<br \/>Det er juletid! Du vil nesten ikke gi bort denne spesielle adventskalenderen, foretrekker \u00e5 beholde den selv. 24 x spenning, glede og vegansk skj\u00f8nnhet kombinert dag etter dag til en perfekt blanding av trendy farger og nyttig kosmetisk tilbeh\u00f8r! Akkurat i tide til jul, vil du ha en rekke utseende til din disposisjon. GOD JUL!<\/p>\n","protected":false},"excerpt":{"rendered":"<p>Zmile Cosmetics Advent Calendar Puzzle &#8216;Oh What Fun&#8217;En adventskalender med 24 forskjellige sminkeprodukter og tilbeh\u00f8r.Det er juletid! Du vil nesten ikke gi bort denne spesielle adventskalenderen, foretrekker \u00e5 beholde den selv. 24 x spenning, glede og vegansk skj\u00f8nnhet kombinert dag etter dag til en perfekt blanding av trendy farger og nyttig kosmetisk tilbeh\u00f8r! Akkurat i [&hellip;]<\/p>\n","protected":false},"featured_media":377025,"comment_status":"open","ping_status":"closed","template":"","meta":{"_trash_the_other_posts":false},"product_brand":[],"product_cat":[643,1003,735,999],"product_tag":[],"berocket_brand":[1179],"class_list":{"0":"post-377047","1":"product","2":"type-product","3":"status-publish","4":"has-post-thumbnail","6":"product_cat-adventskalendere","7":"product_cat-bestselgere","8":"product_cat-kampanje","9":"product_cat-kampanjetilbud-for-henne","10":"pa_brand-zmile-cosmetics","11":"berocket_brand-zmile-cosmetics","13":"first","14":"instock","15":"sale","16":"taxable","17":"shipping-taxable","18":"purchasable","19":"product-type-simple"},"_links":{"self":[{"href":"https:\/\/stylingagenten.com\/no\/wp-json\/wp\/v2\/product\/377047","targetHints":{"allow":["GET"]}}],"collection":[{"href":"https:\/\/stylingagenten.com\/no\/wp-json\/wp\/v2\/product"}],"about":[{"href":"https:\/\/stylingagenten.com\/no\/wp-json\/wp\/v2\/types\/product"}],"replies":[{"embeddable":true,"href":"https:\/\/stylingagenten.com\/no\/wp-json\/wp\/v2\/comments?post=377047"}],"version-history":[{"count":0,"href":"https:\/\/stylingagenten.com\/no\/wp-json\/wp\/v2\/product\/377047\/revisions"}],"wp:featuredmedia":[{"embeddable":true,"href":"https:\/\/stylingagenten.com\/no\/wp-json\/wp\/v2\/media\/377025"}],"wp:attachment":[{"href":"https:\/\/stylingagenten.com\/no\/wp-json\/wp\/v2\/media?parent=377047"}],"wp:term":[{"taxonomy":"product_brand","embeddable":true,"href":"https:\/\/stylingagenten.com\/no\/wp-json\/wp\/v2\/product_brand?post=377047"},{"taxonomy":"product_cat","embeddable":true,"href":"https:\/\/stylingagenten.com\/no\/wp-json\/wp\/v2\/product_cat?post=377047"},{"taxonomy":"product_tag","embeddable":true,"href":"https:\/\/stylingagenten.com\/no\/wp-json\/wp\/v2\/product_tag?post=377047"},{"taxonomy":"berocket_brand","embeddable":true,"href":"https:\/\/stylingagenten.com\/no\/wp-json\/wp\/v2\/berocket_brand?post=377047"}],"curies":[{"name":"wp","href":"https:\/\/api.w.org\/{rel}","templated":true}]}}