{"id":376997,"date":"2025-05-18T20:59:03","date_gmt":"2025-05-18T20:59:03","guid":{"rendered":"https:\/\/staging2.stylingagenten.com\/no\/produkt\/zmile-cosmetics-beauty-advent-calendar-cube-blue-magic\/"},"modified":"2026-02-20T08:23:31","modified_gmt":"2026-02-20T08:23:31","slug":"zmile-cosmetics-beauty-advent-calendar-cube-blue-magic","status":"publish","type":"product","link":"https:\/\/stylingagenten.com\/no\/produkt\/zmile-cosmetics-beauty-advent-calendar-cube-blue-magic\/","title":{"rendered":"Zmile Cosmetics Beauty Advent Calendar Cube &#8216;Blue Magic&#8217;"},"content":{"rendered":"<p>Zmile Cosmetics Beauty Advent Calendar Cube &#8216;Blue Magic&#8217;<br \/>\n<br \/>Merry Magic XMAS! Din alt-i-ett skj\u00f8nnhetsadventskalender med 24 veganske kosmetikkprodukter for de ultimate julelookene! La deg inspirere og skap en ny look hver dag som f\u00e5r deg til \u00e5 str\u00e5le. Fra glitrende \u00f8yenskygger og leppeprodukter til skimrende highlightere: gj\u00f8r deg klar for en magisk desember full av skj\u00f8nnhet og glamour!<\/p>\n<p>En adventskalender med 24 forskjellige sminkeprodukter og tilbeh\u00f8r.<\/p>\n","protected":false},"excerpt":{"rendered":"<p>Zmile Cosmetics Beauty Advent Calendar Cube &#8216;Blue Magic&#8217; Merry Magic XMAS! Din alt-i-ett skj\u00f8nnhetsadventskalender med 24 veganske kosmetikkprodukter for de ultimate julelookene! La deg inspirere og skap en ny look hver dag som f\u00e5r deg til \u00e5 str\u00e5le. Fra glitrende \u00f8yenskygger og leppeprodukter til skimrende highlightere: gj\u00f8r deg klar for en magisk desember full av [&hellip;]<\/p>\n","protected":false},"featured_media":376979,"comment_status":"open","ping_status":"closed","template":"","meta":{"_trash_the_other_posts":false},"product_brand":[],"product_cat":[643,1003,735,999],"product_tag":[],"berocket_brand":[1179],"class_list":{"0":"post-376997","1":"product","2":"type-product","3":"status-publish","4":"has-post-thumbnail","6":"product_cat-adventskalendere","7":"product_cat-bestselgere","8":"product_cat-kampanje","9":"product_cat-kampanjetilbud-for-henne","10":"pa_brand-zmile-cosmetics","11":"berocket_brand-zmile-cosmetics","13":"first","14":"instock","15":"sale","16":"taxable","17":"shipping-taxable","18":"purchasable","19":"product-type-simple"},"_links":{"self":[{"href":"https:\/\/stylingagenten.com\/no\/wp-json\/wp\/v2\/product\/376997","targetHints":{"allow":["GET"]}}],"collection":[{"href":"https:\/\/stylingagenten.com\/no\/wp-json\/wp\/v2\/product"}],"about":[{"href":"https:\/\/stylingagenten.com\/no\/wp-json\/wp\/v2\/types\/product"}],"replies":[{"embeddable":true,"href":"https:\/\/stylingagenten.com\/no\/wp-json\/wp\/v2\/comments?post=376997"}],"version-history":[{"count":0,"href":"https:\/\/stylingagenten.com\/no\/wp-json\/wp\/v2\/product\/376997\/revisions"}],"wp:featuredmedia":[{"embeddable":true,"href":"https:\/\/stylingagenten.com\/no\/wp-json\/wp\/v2\/media\/376979"}],"wp:attachment":[{"href":"https:\/\/stylingagenten.com\/no\/wp-json\/wp\/v2\/media?parent=376997"}],"wp:term":[{"taxonomy":"product_brand","embeddable":true,"href":"https:\/\/stylingagenten.com\/no\/wp-json\/wp\/v2\/product_brand?post=376997"},{"taxonomy":"product_cat","embeddable":true,"href":"https:\/\/stylingagenten.com\/no\/wp-json\/wp\/v2\/product_cat?post=376997"},{"taxonomy":"product_tag","embeddable":true,"href":"https:\/\/stylingagenten.com\/no\/wp-json\/wp\/v2\/product_tag?post=376997"},{"taxonomy":"berocket_brand","embeddable":true,"href":"https:\/\/stylingagenten.com\/no\/wp-json\/wp\/v2\/berocket_brand?post=376997"}],"curies":[{"name":"wp","href":"https:\/\/api.w.org\/{rel}","templated":true}]}}