{"id":376995,"date":"2025-05-18T20:59:03","date_gmt":"2025-05-18T20:59:03","guid":{"rendered":"https:\/\/staging2.stylingagenten.com\/no\/produkt\/zmile-cosmetics-beauty-advent-calendar-square-3d-christmas-trees\/"},"modified":"2026-01-20T12:47:03","modified_gmt":"2026-01-20T12:47:03","slug":"zmile-cosmetics-beauty-advent-calendar-square-3d-christmas-trees","status":"publish","type":"product","link":"https:\/\/stylingagenten.com\/no\/produkt\/zmile-cosmetics-beauty-advent-calendar-square-3d-christmas-trees\/","title":{"rendered":"Zmile Cosmetics Beauty Advent Calendar Square &#8216;3D Christmas Trees&#8217;"},"content":{"rendered":"<p>Zmile Cosmetics Beauty Advent Calendar Square &#8216;3D Christmas Trees&#8217;<br \/>\n<br \/>Denne adventskalenderen inneholder alt du kan \u00f8nske deg! 24 veganske sminkeprodukter, som er perfekt koordinerte, fremhever din naturlige skj\u00f8nnhet med ultimate farger og en glitrende finish. Med denne skj\u00f8nnhetskalenderen vil du v\u00e6re klar for jul!<\/p>\n<p>Kalenderen inneholder 24 forskjellige sminkeprodukter og tilbeh\u00f8r.<\/p>\n","protected":false},"excerpt":{"rendered":"<p>Zmile Cosmetics Beauty Advent Calendar Square &#8216;3D Christmas Trees&#8217; Denne adventskalenderen inneholder alt du kan \u00f8nske deg! 24 veganske sminkeprodukter, som er perfekt koordinerte, fremhever din naturlige skj\u00f8nnhet med ultimate farger og en glitrende finish. Med denne skj\u00f8nnhetskalenderen vil du v\u00e6re klar for jul! Kalenderen inneholder 24 forskjellige sminkeprodukter og tilbeh\u00f8r.<\/p>\n","protected":false},"featured_media":376976,"comment_status":"open","ping_status":"closed","template":"","meta":{"_trash_the_other_posts":false},"product_brand":[],"product_cat":[643,1003,735,999],"product_tag":[],"berocket_brand":[1179],"class_list":{"0":"post-376995","1":"product","2":"type-product","3":"status-publish","4":"has-post-thumbnail","6":"product_cat-adventskalendere","7":"product_cat-bestselgere","8":"product_cat-kampanje","9":"product_cat-kampanjetilbud-for-henne","10":"pa_brand-zmile-cosmetics","11":"berocket_brand-zmile-cosmetics","13":"first","14":"instock","15":"sale","16":"taxable","17":"shipping-taxable","18":"purchasable","19":"product-type-simple"},"_links":{"self":[{"href":"https:\/\/stylingagenten.com\/no\/wp-json\/wp\/v2\/product\/376995","targetHints":{"allow":["GET"]}}],"collection":[{"href":"https:\/\/stylingagenten.com\/no\/wp-json\/wp\/v2\/product"}],"about":[{"href":"https:\/\/stylingagenten.com\/no\/wp-json\/wp\/v2\/types\/product"}],"replies":[{"embeddable":true,"href":"https:\/\/stylingagenten.com\/no\/wp-json\/wp\/v2\/comments?post=376995"}],"version-history":[{"count":0,"href":"https:\/\/stylingagenten.com\/no\/wp-json\/wp\/v2\/product\/376995\/revisions"}],"wp:featuredmedia":[{"embeddable":true,"href":"https:\/\/stylingagenten.com\/no\/wp-json\/wp\/v2\/media\/376976"}],"wp:attachment":[{"href":"https:\/\/stylingagenten.com\/no\/wp-json\/wp\/v2\/media?parent=376995"}],"wp:term":[{"taxonomy":"product_brand","embeddable":true,"href":"https:\/\/stylingagenten.com\/no\/wp-json\/wp\/v2\/product_brand?post=376995"},{"taxonomy":"product_cat","embeddable":true,"href":"https:\/\/stylingagenten.com\/no\/wp-json\/wp\/v2\/product_cat?post=376995"},{"taxonomy":"product_tag","embeddable":true,"href":"https:\/\/stylingagenten.com\/no\/wp-json\/wp\/v2\/product_tag?post=376995"},{"taxonomy":"berocket_brand","embeddable":true,"href":"https:\/\/stylingagenten.com\/no\/wp-json\/wp\/v2\/berocket_brand?post=376995"}],"curies":[{"name":"wp","href":"https:\/\/api.w.org\/{rel}","templated":true}]}}