{"id":376936,"date":"2025-05-18T20:58:51","date_gmt":"2025-05-18T20:58:51","guid":{"rendered":"https:\/\/staging2.stylingagenten.com\/no\/produkt\/omega-krom-stall\/"},"modified":"2025-11-19T07:51:57","modified_gmt":"2025-11-19T07:51:57","slug":"omega-krom-stall","status":"publish","type":"product","link":"https:\/\/stylingagenten.com\/no\/produkt\/omega-krom-stall\/","title":{"rendered":"Omega Chrome Stand"},"content":{"rendered":"<p>Omega Krom St\u00e4ll er designet i forkrommet st\u00e5l. Den holder barberkosten p\u00e5 plass og blir ogs\u00e5 en fin detalj i rommet. H\u00f8yde: 6,9 cm.<\/p>\n","protected":false},"excerpt":{"rendered":"<p>Omega Krom St\u00e4ll er designet i forkrommet st\u00e5l. Den holder barberkosten p\u00e5 plass og blir ogs\u00e5 en fin detalj i rommet. H\u00f8yde: 6,9 cm.<\/p>\n","protected":false},"featured_media":376934,"comment_status":"open","ping_status":"closed","template":"","meta":{"_trash_the_other_posts":false},"product_brand":[],"product_cat":[735,1000,1005,687],"product_tag":[],"berocket_brand":[1044],"class_list":{"0":"post-376936","1":"product","2":"type-product","3":"status-publish","4":"has-post-thumbnail","6":"product_cat-kampanje","7":"product_cat-kampanjetilbud-for-ham","8":"product_cat-outlet","9":"product_cat-skjeggverktoy","10":"pa_brand-omega","11":"berocket_brand-omega","13":"first","14":"instock","15":"sale","16":"taxable","17":"shipping-taxable","18":"purchasable","19":"product-type-simple"},"_links":{"self":[{"href":"https:\/\/stylingagenten.com\/no\/wp-json\/wp\/v2\/product\/376936","targetHints":{"allow":["GET"]}}],"collection":[{"href":"https:\/\/stylingagenten.com\/no\/wp-json\/wp\/v2\/product"}],"about":[{"href":"https:\/\/stylingagenten.com\/no\/wp-json\/wp\/v2\/types\/product"}],"replies":[{"embeddable":true,"href":"https:\/\/stylingagenten.com\/no\/wp-json\/wp\/v2\/comments?post=376936"}],"version-history":[{"count":0,"href":"https:\/\/stylingagenten.com\/no\/wp-json\/wp\/v2\/product\/376936\/revisions"}],"wp:featuredmedia":[{"embeddable":true,"href":"https:\/\/stylingagenten.com\/no\/wp-json\/wp\/v2\/media\/376934"}],"wp:attachment":[{"href":"https:\/\/stylingagenten.com\/no\/wp-json\/wp\/v2\/media?parent=376936"}],"wp:term":[{"taxonomy":"product_brand","embeddable":true,"href":"https:\/\/stylingagenten.com\/no\/wp-json\/wp\/v2\/product_brand?post=376936"},{"taxonomy":"product_cat","embeddable":true,"href":"https:\/\/stylingagenten.com\/no\/wp-json\/wp\/v2\/product_cat?post=376936"},{"taxonomy":"product_tag","embeddable":true,"href":"https:\/\/stylingagenten.com\/no\/wp-json\/wp\/v2\/product_tag?post=376936"},{"taxonomy":"berocket_brand","embeddable":true,"href":"https:\/\/stylingagenten.com\/no\/wp-json\/wp\/v2\/berocket_brand?post=376936"}],"curies":[{"name":"wp","href":"https:\/\/api.w.org\/{rel}","templated":true}]}}