{"id":376933,"date":"2025-05-18T20:58:51","date_gmt":"2025-05-18T20:58:51","guid":{"rendered":"https:\/\/staging2.stylingagenten.com\/no\/produkt\/beard-monkey-comb\/"},"modified":"2026-04-01T16:29:02","modified_gmt":"2026-04-01T16:29:02","slug":"beard-monkey-comb","status":"publish","type":"product","link":"https:\/\/stylingagenten.com\/no\/produkt\/beard-monkey-comb\/","title":{"rendered":"Beard Monkey Comb"},"content":{"rendered":"<p>Beard Monkey Comb er en skjeggkam med st\u00f8rre avstand mellom tennene for \u00e5 gi plass til tykkere skjeggvekst. Kammen er laget av tre. og har blitt beriket med skjeggoljen v\u00e5r for \u00e5 gi den noen av egenskapene til oljen.<\/p>\n","protected":false},"excerpt":{"rendered":"<p>Beard Monkey Comb er en skjeggkam med st\u00f8rre avstand mellom tennene for \u00e5 gi plass til tykkere skjeggvekst. Kammen er laget av tre. og har blitt beriket med skjeggoljen v\u00e5r for \u00e5 gi den noen av egenskapene til oljen.<\/p>\n","protected":false},"featured_media":376930,"comment_status":"open","ping_status":"closed","template":"","meta":{"_trash_the_other_posts":false},"product_brand":[],"product_cat":[735,1000,597],"product_tag":[],"berocket_brand":[1077],"class_list":{"0":"post-376933","1":"product","2":"type-product","3":"status-publish","4":"has-post-thumbnail","6":"product_cat-kampanje","7":"product_cat-kampanjetilbud-for-ham","8":"product_cat-skjeggkam","9":"pa_brand-beard-monkey","10":"berocket_brand-beard-monkey","12":"first","13":"outofstock","14":"sale","15":"taxable","16":"shipping-taxable","17":"purchasable","18":"product-type-simple"},"_links":{"self":[{"href":"https:\/\/stylingagenten.com\/no\/wp-json\/wp\/v2\/product\/376933","targetHints":{"allow":["GET"]}}],"collection":[{"href":"https:\/\/stylingagenten.com\/no\/wp-json\/wp\/v2\/product"}],"about":[{"href":"https:\/\/stylingagenten.com\/no\/wp-json\/wp\/v2\/types\/product"}],"replies":[{"embeddable":true,"href":"https:\/\/stylingagenten.com\/no\/wp-json\/wp\/v2\/comments?post=376933"}],"version-history":[{"count":0,"href":"https:\/\/stylingagenten.com\/no\/wp-json\/wp\/v2\/product\/376933\/revisions"}],"wp:featuredmedia":[{"embeddable":true,"href":"https:\/\/stylingagenten.com\/no\/wp-json\/wp\/v2\/media\/376930"}],"wp:attachment":[{"href":"https:\/\/stylingagenten.com\/no\/wp-json\/wp\/v2\/media?parent=376933"}],"wp:term":[{"taxonomy":"product_brand","embeddable":true,"href":"https:\/\/stylingagenten.com\/no\/wp-json\/wp\/v2\/product_brand?post=376933"},{"taxonomy":"product_cat","embeddable":true,"href":"https:\/\/stylingagenten.com\/no\/wp-json\/wp\/v2\/product_cat?post=376933"},{"taxonomy":"product_tag","embeddable":true,"href":"https:\/\/stylingagenten.com\/no\/wp-json\/wp\/v2\/product_tag?post=376933"},{"taxonomy":"berocket_brand","embeddable":true,"href":"https:\/\/stylingagenten.com\/no\/wp-json\/wp\/v2\/berocket_brand?post=376933"}],"curies":[{"name":"wp","href":"https:\/\/api.w.org\/{rel}","templated":true}]}}