{"id":376879,"date":"2025-05-18T20:58:38","date_gmt":"2025-05-18T20:58:38","guid":{"rendered":"https:\/\/staging2.stylingagenten.com\/no\/produkt\/beard-monkey-pre-shave-oil-50ml\/"},"modified":"2026-04-09T02:18:35","modified_gmt":"2026-04-09T02:18:35","slug":"beard-monkey-pre-shave-oil-50ml","status":"publish","type":"product","link":"https:\/\/stylingagenten.com\/no\/produkt\/beard-monkey-pre-shave-oil-50ml\/","title":{"rendered":"Beard Monkey Pre-Shave Oil 50ml"},"content":{"rendered":"<p>En barberolje med en lett duft som letter barberingen. Oljen er utviklet for \u00e5 gi en behagelig og jevn barbering. Bruk oljen som den er eller som en base for \u00e5 myke opp stubben. Oljen gir lav friksjon, noe som hjelper h\u00f8velen til \u00e5 gli lett over huden. Oljen er beriket med flere gode ingredienser som aloe vera, jojobaolje, solsikkeolje, mandelolje og vitamin E.<\/p>\n<p>&nbsp;<\/p>\n<p><\/p>\n","protected":false},"excerpt":{"rendered":"<p>En barberolje med en lett duft som letter barberingen. Oljen er utviklet for \u00e5 gi en behagelig og jevn barbering. Bruk oljen som den er eller som en base for \u00e5 myke opp stubben. Oljen gir lav friksjon, noe som hjelper h\u00f8velen til \u00e5 gli lett over huden. Oljen er beriket med flere gode ingredienser [&hellip;]<\/p>\n","protected":false},"featured_media":376878,"comment_status":"open","ping_status":"closed","template":"","meta":{"_trash_the_other_posts":false},"product_brand":[],"product_cat":[688,735,1000,590],"product_tag":[],"berocket_brand":[1077],"class_list":{"0":"post-376879","1":"product","2":"type-product","3":"status-publish","4":"has-post-thumbnail","6":"product_cat-barberingsgel","7":"product_cat-kampanje","8":"product_cat-kampanjetilbud-for-ham","9":"product_cat-skjeggolje","10":"pa_brand-beard-monkey","11":"berocket_brand-beard-monkey","13":"first","14":"instock","15":"sale","16":"taxable","17":"shipping-taxable","18":"purchasable","19":"product-type-simple"},"_links":{"self":[{"href":"https:\/\/stylingagenten.com\/no\/wp-json\/wp\/v2\/product\/376879","targetHints":{"allow":["GET"]}}],"collection":[{"href":"https:\/\/stylingagenten.com\/no\/wp-json\/wp\/v2\/product"}],"about":[{"href":"https:\/\/stylingagenten.com\/no\/wp-json\/wp\/v2\/types\/product"}],"replies":[{"embeddable":true,"href":"https:\/\/stylingagenten.com\/no\/wp-json\/wp\/v2\/comments?post=376879"}],"version-history":[{"count":0,"href":"https:\/\/stylingagenten.com\/no\/wp-json\/wp\/v2\/product\/376879\/revisions"}],"wp:featuredmedia":[{"embeddable":true,"href":"https:\/\/stylingagenten.com\/no\/wp-json\/wp\/v2\/media\/376878"}],"wp:attachment":[{"href":"https:\/\/stylingagenten.com\/no\/wp-json\/wp\/v2\/media?parent=376879"}],"wp:term":[{"taxonomy":"product_brand","embeddable":true,"href":"https:\/\/stylingagenten.com\/no\/wp-json\/wp\/v2\/product_brand?post=376879"},{"taxonomy":"product_cat","embeddable":true,"href":"https:\/\/stylingagenten.com\/no\/wp-json\/wp\/v2\/product_cat?post=376879"},{"taxonomy":"product_tag","embeddable":true,"href":"https:\/\/stylingagenten.com\/no\/wp-json\/wp\/v2\/product_tag?post=376879"},{"taxonomy":"berocket_brand","embeddable":true,"href":"https:\/\/stylingagenten.com\/no\/wp-json\/wp\/v2\/berocket_brand?post=376879"}],"curies":[{"name":"wp","href":"https:\/\/api.w.org\/{rel}","templated":true}]}}