{"id":376870,"date":"2025-05-18T20:58:37","date_gmt":"2025-05-18T20:58:37","guid":{"rendered":"https:\/\/staging2.stylingagenten.com\/no\/produkt\/antonio-banderas-king-of-seduction-edt-100ml\/"},"modified":"2026-04-02T10:08:37","modified_gmt":"2026-04-02T10:08:37","slug":"antonio-banderas-king-of-seduction-edt-100ml","status":"publish","type":"product","link":"https:\/\/stylingagenten.com\/no\/produkt\/antonio-banderas-king-of-seduction-edt-100ml\/","title":{"rendered":"Antonio Banderas King Of Seduction Edt 100ml"},"content":{"rendered":"<p style='margin-top:0cm;margin-right:0cm;margin-bottom:8.0pt;margin-left:0cm;font-size:15px;font-family:\"Calibri\",sans-serif'> En virvelvind av elementer slippes ut i en essens av kraftige kontraster. Intens og energisk, samtidig frisk og elegant. En sensuell dans, sterk og samtidig vakker, som tar deg til kj\u00e6rlighetens rike.<\/p>\n<p style='margin: 0cm 0cm 8pt;font-family: \"Calibri\", sans-serif'>Toppnoter: Grapefrukt, Bergamott, Ananas, Melon, Gr\u00f8nn og Eple<br \/>Hjertenoter: Neroli, Jasmin, Kardemomme, Sj\u00f8noter<br \/>Basenoter: Cedar , Vetiver, Amber, Semsket skinn og White Musk<\/p>\n","protected":false},"excerpt":{"rendered":"<p>En virvelvind av elementer slippes ut i en essens av kraftige kontraster. Intens og energisk, samtidig frisk og elegant. En sensuell dans, sterk og samtidig vakker, som tar deg til kj\u00e6rlighetens rike. Toppnoter: Grapefrukt, Bergamott, Ananas, Melon, Gr\u00f8nn og EpleHjertenoter: Neroli, Jasmin, Kardemomme, Sj\u00f8noterBasenoter: Cedar , Vetiver, Amber, Semsket skinn og White Musk<\/p>\n","protected":false},"featured_media":376865,"comment_status":"open","ping_status":"closed","template":"","meta":{"_trash_the_other_posts":false},"product_brand":[],"product_cat":[709,735,1000],"product_tag":[2374],"berocket_brand":[1072],"class_list":{"0":"post-376870","1":"product","2":"type-product","3":"status-publish","4":"has-post-thumbnail","6":"product_cat-eau-de-toilette-herre","7":"product_cat-kampanje","8":"product_cat-kampanjetilbud-for-ham","9":"product_tag-antonio-banderas-king-of-seduction-edt","10":"pa_brand-antonio-banderas","11":"pa_variant-100ml","12":"berocket_brand-antonio-banderas","14":"first","15":"instock","16":"sale","17":"taxable","18":"shipping-taxable","19":"purchasable","20":"product-type-simple"},"_links":{"self":[{"href":"https:\/\/stylingagenten.com\/no\/wp-json\/wp\/v2\/product\/376870","targetHints":{"allow":["GET"]}}],"collection":[{"href":"https:\/\/stylingagenten.com\/no\/wp-json\/wp\/v2\/product"}],"about":[{"href":"https:\/\/stylingagenten.com\/no\/wp-json\/wp\/v2\/types\/product"}],"replies":[{"embeddable":true,"href":"https:\/\/stylingagenten.com\/no\/wp-json\/wp\/v2\/comments?post=376870"}],"version-history":[{"count":0,"href":"https:\/\/stylingagenten.com\/no\/wp-json\/wp\/v2\/product\/376870\/revisions"}],"wp:featuredmedia":[{"embeddable":true,"href":"https:\/\/stylingagenten.com\/no\/wp-json\/wp\/v2\/media\/376865"}],"wp:attachment":[{"href":"https:\/\/stylingagenten.com\/no\/wp-json\/wp\/v2\/media?parent=376870"}],"wp:term":[{"taxonomy":"product_brand","embeddable":true,"href":"https:\/\/stylingagenten.com\/no\/wp-json\/wp\/v2\/product_brand?post=376870"},{"taxonomy":"product_cat","embeddable":true,"href":"https:\/\/stylingagenten.com\/no\/wp-json\/wp\/v2\/product_cat?post=376870"},{"taxonomy":"product_tag","embeddable":true,"href":"https:\/\/stylingagenten.com\/no\/wp-json\/wp\/v2\/product_tag?post=376870"},{"taxonomy":"berocket_brand","embeddable":true,"href":"https:\/\/stylingagenten.com\/no\/wp-json\/wp\/v2\/berocket_brand?post=376870"}],"curies":[{"name":"wp","href":"https:\/\/api.w.org\/{rel}","templated":true}]}}