{"id":376861,"date":"2025-05-18T20:58:34","date_gmt":"2025-05-18T20:58:34","guid":{"rendered":"https:\/\/staging2.stylingagenten.com\/no\/produkt\/calvin-klein-eternity-aqua-for-men-edt-100ml\/"},"modified":"2026-04-14T10:58:38","modified_gmt":"2026-04-14T10:58:38","slug":"calvin-klein-eternity-aqua-for-men-edt-100ml","status":"publish","type":"product","link":"https:\/\/stylingagenten.com\/no\/produkt\/calvin-klein-eternity-aqua-for-men-edt-100ml\/","title":{"rendered":"Calvin Klein Eternity Aqua For Men edt 100ml"},"content":{"rendered":"<p style='margin-top:0cm;margin-right:0cm;margin-bottom:8.0pt;margin-left:0cm;font-size:15px;font-family:\"Calibri\",sans-serif'> Calvin Klein Eternity Aqua for Men ble lansert i 2010 og dette er en ren, frisk og l\u00e6raktig duft med b\u00e5de akvatiske gr\u00f8nne toner og en klassisk maskulin treaktig karakter. En duft av skog og vann. Eternity Aqua for Men etterlater seg en varig f\u00f8lelse av friskt sommerregn. Eternity for Men Aqua, EdT fra Calvin Klein er en moderne og uformell duft for den selvsikre og uformelle elegante mannen.<\/p>\n<p style='margin: 0cm 0cm 8pt;font-family: \"Calibri\", sans-serif'>Toppnoter: Sitrusfrukter, gr\u00f8nne toner, lotus og kald agurkakkord.<br \/>Hjertenoter: Sichuan pepper, mirabell, lavendel og sedertre.<br \/>Basinoter: Sandeltre, guaiac og patchouli.<\/p>\n","protected":false},"excerpt":{"rendered":"<p>Calvin Klein Eternity Aqua for Men ble lansert i 2010 og dette er en ren, frisk og l\u00e6raktig duft med b\u00e5de akvatiske gr\u00f8nne toner og en klassisk maskulin treaktig karakter. En duft av skog og vann. Eternity Aqua for Men etterlater seg en varig f\u00f8lelse av friskt sommerregn. Eternity for Men Aqua, EdT fra Calvin [&hellip;]<\/p>\n","protected":false},"featured_media":376855,"comment_status":"open","ping_status":"closed","template":"","meta":{"_trash_the_other_posts":false},"product_brand":[],"product_cat":[1003,793,709,735,1000],"product_tag":[],"berocket_brand":[1014],"class_list":{"0":"post-376861","1":"product","2":"type-product","3":"status-publish","4":"has-post-thumbnail","6":"product_cat-bestselgere","7":"product_cat-calvin-klein-eternity-for-men","8":"product_cat-eau-de-toilette-herre","9":"product_cat-kampanje","10":"product_cat-kampanjetilbud-for-ham","11":"pa_brand-calvin-klein","12":"berocket_brand-calvin-klein","14":"first","15":"instock","16":"sale","17":"taxable","18":"shipping-taxable","19":"purchasable","20":"product-type-simple"},"_links":{"self":[{"href":"https:\/\/stylingagenten.com\/no\/wp-json\/wp\/v2\/product\/376861","targetHints":{"allow":["GET"]}}],"collection":[{"href":"https:\/\/stylingagenten.com\/no\/wp-json\/wp\/v2\/product"}],"about":[{"href":"https:\/\/stylingagenten.com\/no\/wp-json\/wp\/v2\/types\/product"}],"replies":[{"embeddable":true,"href":"https:\/\/stylingagenten.com\/no\/wp-json\/wp\/v2\/comments?post=376861"}],"version-history":[{"count":1,"href":"https:\/\/stylingagenten.com\/no\/wp-json\/wp\/v2\/product\/376861\/revisions"}],"predecessor-version":[{"id":469816,"href":"https:\/\/stylingagenten.com\/no\/wp-json\/wp\/v2\/product\/376861\/revisions\/469816"}],"wp:featuredmedia":[{"embeddable":true,"href":"https:\/\/stylingagenten.com\/no\/wp-json\/wp\/v2\/media\/376855"}],"wp:attachment":[{"href":"https:\/\/stylingagenten.com\/no\/wp-json\/wp\/v2\/media?parent=376861"}],"wp:term":[{"taxonomy":"product_brand","embeddable":true,"href":"https:\/\/stylingagenten.com\/no\/wp-json\/wp\/v2\/product_brand?post=376861"},{"taxonomy":"product_cat","embeddable":true,"href":"https:\/\/stylingagenten.com\/no\/wp-json\/wp\/v2\/product_cat?post=376861"},{"taxonomy":"product_tag","embeddable":true,"href":"https:\/\/stylingagenten.com\/no\/wp-json\/wp\/v2\/product_tag?post=376861"},{"taxonomy":"berocket_brand","embeddable":true,"href":"https:\/\/stylingagenten.com\/no\/wp-json\/wp\/v2\/berocket_brand?post=376861"}],"curies":[{"name":"wp","href":"https:\/\/api.w.org\/{rel}","templated":true}]}}