{"id":376801,"date":"2025-05-18T20:58:22","date_gmt":"2025-05-18T20:58:22","guid":{"rendered":"https:\/\/staging2.stylingagenten.com\/no\/produkt\/burberry-brit-for-him-edt-100ml\/"},"modified":"2026-03-11T22:00:17","modified_gmt":"2026-03-11T22:00:17","slug":"burberry-brit-for-him-edt-100ml","status":"publish","type":"product","link":"https:\/\/stylingagenten.com\/no\/produkt\/burberry-brit-for-him-edt-100ml\/","title":{"rendered":"Burberry Brit For Him Edt 100ml"},"content":{"rendered":"<p>Burberry Brit for Him er en frisk orientalsk duft som fanger den moderne britiske mannens avslappede eleganse og stilsans.<\/p>\n<p><strong>Duftnoter:<\/strong> bergamott, gr\u00f8nn mandarin, ingef\u00e6r, kardemomme, muskat, sedertre, tonkab\u00f8nner og musk.<\/p>\n","protected":false},"excerpt":{"rendered":"<p>Burberry Brit for Him er en frisk orientalsk duft som fanger den moderne britiske mannens avslappede eleganse og stilsans. Duftnoter: bergamott, gr\u00f8nn mandarin, ingef\u00e6r, kardemomme, muskat, sedertre, tonkab\u00f8nner og musk.<\/p>\n","protected":false},"featured_media":376800,"comment_status":"open","ping_status":"closed","template":"","meta":{"_trash_the_other_posts":false},"product_brand":[],"product_cat":[1003,709,735,1000],"product_tag":[2595],"berocket_brand":[1017],"class_list":{"0":"post-376801","1":"product","2":"type-product","3":"status-publish","4":"has-post-thumbnail","6":"product_cat-bestselgere","7":"product_cat-eau-de-toilette-herre","8":"product_cat-kampanje","9":"product_cat-kampanjetilbud-for-ham","10":"product_tag-burberry-brit-for-him-edt","11":"pa_brand-burberry","12":"pa_variant-100ml","13":"berocket_brand-burberry","15":"first","16":"instock","17":"sale","18":"taxable","19":"shipping-taxable","20":"purchasable","21":"product-type-simple"},"_links":{"self":[{"href":"https:\/\/stylingagenten.com\/no\/wp-json\/wp\/v2\/product\/376801","targetHints":{"allow":["GET"]}}],"collection":[{"href":"https:\/\/stylingagenten.com\/no\/wp-json\/wp\/v2\/product"}],"about":[{"href":"https:\/\/stylingagenten.com\/no\/wp-json\/wp\/v2\/types\/product"}],"replies":[{"embeddable":true,"href":"https:\/\/stylingagenten.com\/no\/wp-json\/wp\/v2\/comments?post=376801"}],"version-history":[{"count":0,"href":"https:\/\/stylingagenten.com\/no\/wp-json\/wp\/v2\/product\/376801\/revisions"}],"wp:featuredmedia":[{"embeddable":true,"href":"https:\/\/stylingagenten.com\/no\/wp-json\/wp\/v2\/media\/376800"}],"wp:attachment":[{"href":"https:\/\/stylingagenten.com\/no\/wp-json\/wp\/v2\/media?parent=376801"}],"wp:term":[{"taxonomy":"product_brand","embeddable":true,"href":"https:\/\/stylingagenten.com\/no\/wp-json\/wp\/v2\/product_brand?post=376801"},{"taxonomy":"product_cat","embeddable":true,"href":"https:\/\/stylingagenten.com\/no\/wp-json\/wp\/v2\/product_cat?post=376801"},{"taxonomy":"product_tag","embeddable":true,"href":"https:\/\/stylingagenten.com\/no\/wp-json\/wp\/v2\/product_tag?post=376801"},{"taxonomy":"berocket_brand","embeddable":true,"href":"https:\/\/stylingagenten.com\/no\/wp-json\/wp\/v2\/berocket_brand?post=376801"}],"curies":[{"name":"wp","href":"https:\/\/api.w.org\/{rel}","templated":true}]}}