{"id":376791,"date":"2025-05-18T20:58:20","date_gmt":"2025-05-18T20:58:20","guid":{"rendered":"https:\/\/staging2.stylingagenten.com\/no\/produkt\/ed-hardy-hearts-daggers-for-men-edt-100ml\/"},"modified":"2026-03-31T11:39:01","modified_gmt":"2026-03-31T11:39:01","slug":"ed-hardy-hearts-daggers-for-men-edt-100ml","status":"publish","type":"product","link":"https:\/\/stylingagenten.com\/no\/produkt\/ed-hardy-hearts-daggers-for-men-edt-100ml\/","title":{"rendered":"Ed Hardy Hearts &amp; Daggers For Men Edt 100ml"},"content":{"rendered":"<p>Denne duften fylles umiddelbart med ville, spontane, sensuelle, men likevel kraftige maskuline toner.<br \/>Sukkulent anjoup\u00e6re, frisk basilikum og en forfriskende martini-akkord gir et f\u00f8rsteinntrykk som fengsler.<br \/>Hvit pepper, fl\u00f8yelsmyk papaya og rosmarin gir et energisk pulserende hjerte.<br \/>Den kj\u00e6re basen av japansk Katsura-tre, forlokkende l\u00e6rnoter, hypnotisk patchouli og sandeltre&auml; slik at rekkef\u00f8lgen f\u00f8lger.<\/p>\n","protected":false},"excerpt":{"rendered":"<p>Denne duften fylles umiddelbart med ville, spontane, sensuelle, men likevel kraftige maskuline toner.Sukkulent anjoup\u00e6re, frisk basilikum og en forfriskende martini-akkord gir et f\u00f8rsteinntrykk som fengsler.Hvit pepper, fl\u00f8yelsmyk papaya og rosmarin gir et energisk pulserende hjerte.Den kj\u00e6re basen av japansk Katsura-tre, forlokkende l\u00e6rnoter, hypnotisk patchouli og sandeltre&auml; slik at rekkef\u00f8lgen f\u00f8lger.<\/p>\n","protected":false},"featured_media":376784,"comment_status":"open","ping_status":"closed","template":"","meta":{"_trash_the_other_posts":false},"product_brand":[],"product_cat":[709,735,1000],"product_tag":[],"berocket_brand":[1300],"class_list":{"0":"post-376791","1":"product","2":"type-product","3":"status-publish","4":"has-post-thumbnail","6":"product_cat-eau-de-toilette-herre","7":"product_cat-kampanje","8":"product_cat-kampanjetilbud-for-ham","9":"pa_brand-ed-hardy","10":"berocket_brand-ed-hardy","12":"first","13":"outofstock","14":"sale","15":"taxable","16":"shipping-taxable","17":"purchasable","18":"product-type-simple"},"_links":{"self":[{"href":"https:\/\/stylingagenten.com\/no\/wp-json\/wp\/v2\/product\/376791","targetHints":{"allow":["GET"]}}],"collection":[{"href":"https:\/\/stylingagenten.com\/no\/wp-json\/wp\/v2\/product"}],"about":[{"href":"https:\/\/stylingagenten.com\/no\/wp-json\/wp\/v2\/types\/product"}],"replies":[{"embeddable":true,"href":"https:\/\/stylingagenten.com\/no\/wp-json\/wp\/v2\/comments?post=376791"}],"version-history":[{"count":0,"href":"https:\/\/stylingagenten.com\/no\/wp-json\/wp\/v2\/product\/376791\/revisions"}],"wp:featuredmedia":[{"embeddable":true,"href":"https:\/\/stylingagenten.com\/no\/wp-json\/wp\/v2\/media\/376784"}],"wp:attachment":[{"href":"https:\/\/stylingagenten.com\/no\/wp-json\/wp\/v2\/media?parent=376791"}],"wp:term":[{"taxonomy":"product_brand","embeddable":true,"href":"https:\/\/stylingagenten.com\/no\/wp-json\/wp\/v2\/product_brand?post=376791"},{"taxonomy":"product_cat","embeddable":true,"href":"https:\/\/stylingagenten.com\/no\/wp-json\/wp\/v2\/product_cat?post=376791"},{"taxonomy":"product_tag","embeddable":true,"href":"https:\/\/stylingagenten.com\/no\/wp-json\/wp\/v2\/product_tag?post=376791"},{"taxonomy":"berocket_brand","embeddable":true,"href":"https:\/\/stylingagenten.com\/no\/wp-json\/wp\/v2\/berocket_brand?post=376791"}],"curies":[{"name":"wp","href":"https:\/\/api.w.org\/{rel}","templated":true}]}}