{"id":376761,"date":"2025-05-18T20:58:13","date_gmt":"2025-05-18T20:58:13","guid":{"rendered":"https:\/\/staging2.stylingagenten.com\/no\/produkt\/paco-rabanne-paco-edt-100ml\/"},"modified":"2026-03-30T11:38:45","modified_gmt":"2026-03-30T11:38:45","slug":"paco-rabanne-paco-edt-100ml","status":"publish","type":"product","link":"https:\/\/stylingagenten.com\/no\/produkt\/paco-rabanne-paco-edt-100ml\/","title":{"rendered":"Paco Rabanne Paco Edt 100ml"},"content":{"rendered":"<p>Paco av Paco Rabanne er en sitrusaromatisk duft for kvinner og menn. Parfymen ble lansert i 1995 og er b\u00e5de forfriskende og berusende. Duften \u00e5pner med saftig mandarin appelsin og syrlig Amalfi sitron som gjenoppliver kropp og sinn. <br \/>Varm koriander og kj\u00f8lig furu myker opp s\u00f8theten til sitrusfruktene. Lavendel er blandet med te, sjasmin og syklamen i hjertet. <br \/>De rike, frodige aromaene gir duften en fylde. Virginia sedertre, sandeltre, tonkab\u00f8nne og musk er de sterke grunnnotene og balanserer de tidligere ingrediensene med en sukkerholdig kremethet.<\/p>\n<p>Toppnoter: koriander, Amalfi sitron, mandarin og furu<br \/>Hjertenoter: lavendel , sjasmin, te og syklamen<br \/>Basenoter: musk, sandeltre, virginia-ceder og tonkab\u00f8nne.<\/p>\n","protected":false},"excerpt":{"rendered":"<p>Paco av Paco Rabanne er en sitrusaromatisk duft for kvinner og menn. Parfymen ble lansert i 1995 og er b\u00e5de forfriskende og berusende. Duften \u00e5pner med saftig mandarin appelsin og syrlig Amalfi sitron som gjenoppliver kropp og sinn. Varm koriander og kj\u00f8lig furu myker opp s\u00f8theten til sitrusfruktene. Lavendel er blandet med te, sjasmin og [&hellip;]<\/p>\n","protected":false},"featured_media":376753,"comment_status":"open","ping_status":"closed","template":"","meta":{"_trash_the_other_posts":false},"product_brand":[],"product_cat":[709,735,1000],"product_tag":[],"berocket_brand":[1048],"class_list":{"0":"post-376761","1":"product","2":"type-product","3":"status-publish","4":"has-post-thumbnail","6":"product_cat-eau-de-toilette-herre","7":"product_cat-kampanje","8":"product_cat-kampanjetilbud-for-ham","9":"pa_brand-paco-rabanne","10":"berocket_brand-paco-rabanne","12":"first","13":"instock","14":"sale","15":"taxable","16":"shipping-taxable","17":"purchasable","18":"product-type-simple"},"_links":{"self":[{"href":"https:\/\/stylingagenten.com\/no\/wp-json\/wp\/v2\/product\/376761","targetHints":{"allow":["GET"]}}],"collection":[{"href":"https:\/\/stylingagenten.com\/no\/wp-json\/wp\/v2\/product"}],"about":[{"href":"https:\/\/stylingagenten.com\/no\/wp-json\/wp\/v2\/types\/product"}],"replies":[{"embeddable":true,"href":"https:\/\/stylingagenten.com\/no\/wp-json\/wp\/v2\/comments?post=376761"}],"version-history":[{"count":0,"href":"https:\/\/stylingagenten.com\/no\/wp-json\/wp\/v2\/product\/376761\/revisions"}],"wp:featuredmedia":[{"embeddable":true,"href":"https:\/\/stylingagenten.com\/no\/wp-json\/wp\/v2\/media\/376753"}],"wp:attachment":[{"href":"https:\/\/stylingagenten.com\/no\/wp-json\/wp\/v2\/media?parent=376761"}],"wp:term":[{"taxonomy":"product_brand","embeddable":true,"href":"https:\/\/stylingagenten.com\/no\/wp-json\/wp\/v2\/product_brand?post=376761"},{"taxonomy":"product_cat","embeddable":true,"href":"https:\/\/stylingagenten.com\/no\/wp-json\/wp\/v2\/product_cat?post=376761"},{"taxonomy":"product_tag","embeddable":true,"href":"https:\/\/stylingagenten.com\/no\/wp-json\/wp\/v2\/product_tag?post=376761"},{"taxonomy":"berocket_brand","embeddable":true,"href":"https:\/\/stylingagenten.com\/no\/wp-json\/wp\/v2\/berocket_brand?post=376761"}],"curies":[{"name":"wp","href":"https:\/\/api.w.org\/{rel}","templated":true}]}}