{"id":376703,"date":"2025-05-18T20:58:01","date_gmt":"2025-05-18T20:58:01","guid":{"rendered":"https:\/\/staging2.stylingagenten.com\/no\/produkt\/davidoff-adventure-edt-100ml\/"},"modified":"2026-04-06T09:09:08","modified_gmt":"2026-04-06T09:09:08","slug":"davidoff-adventure-edt-100ml","status":"publish","type":"product","link":"https:\/\/stylingagenten.com\/no\/produkt\/davidoff-adventure-edt-100ml\/","title":{"rendered":"Davidoff Adventure Edt 100ml"},"content":{"rendered":"<p>Denne duften for menn fra Davidoff f\u00e5r eventyreren frem. Parfymen har en treaktig og krydret duft og er inspirert av den utemmede naturen, dens friskhet og rike tretoner.<\/p>\n<p>Toppnoter: Appelsin, bergamott, musserende sitron, gr\u00f8nn te og sort pepper<\/p>\n<p>Hjertenoter: Svarte sesamfr\u00f8 og s\u00f8ramerikanske pimentb\u00e6r<\/p>\n<p>Basenoter: peruansk sedertre, vetiver og lys musk<\/p>\n","protected":false},"excerpt":{"rendered":"<p>Denne duften for menn fra Davidoff f\u00e5r eventyreren frem. Parfymen har en treaktig og krydret duft og er inspirert av den utemmede naturen, dens friskhet og rike tretoner. Toppnoter: Appelsin, bergamott, musserende sitron, gr\u00f8nn te og sort pepper Hjertenoter: Svarte sesamfr\u00f8 og s\u00f8ramerikanske pimentb\u00e6r Basenoter: peruansk sedertre, vetiver og lys musk<\/p>\n","protected":false},"featured_media":376702,"comment_status":"open","ping_status":"closed","template":"","meta":{"_trash_the_other_posts":false},"product_brand":[],"product_cat":[709,735,1000],"product_tag":[],"berocket_brand":[1282],"class_list":{"0":"post-376703","1":"product","2":"type-product","3":"status-publish","4":"has-post-thumbnail","6":"product_cat-eau-de-toilette-herre","7":"product_cat-kampanje","8":"product_cat-kampanjetilbud-for-ham","9":"pa_brand-davidoff","10":"berocket_brand-davidoff","12":"first","13":"instock","14":"sale","15":"taxable","16":"shipping-taxable","17":"purchasable","18":"product-type-simple"},"_links":{"self":[{"href":"https:\/\/stylingagenten.com\/no\/wp-json\/wp\/v2\/product\/376703","targetHints":{"allow":["GET"]}}],"collection":[{"href":"https:\/\/stylingagenten.com\/no\/wp-json\/wp\/v2\/product"}],"about":[{"href":"https:\/\/stylingagenten.com\/no\/wp-json\/wp\/v2\/types\/product"}],"replies":[{"embeddable":true,"href":"https:\/\/stylingagenten.com\/no\/wp-json\/wp\/v2\/comments?post=376703"}],"version-history":[{"count":0,"href":"https:\/\/stylingagenten.com\/no\/wp-json\/wp\/v2\/product\/376703\/revisions"}],"wp:featuredmedia":[{"embeddable":true,"href":"https:\/\/stylingagenten.com\/no\/wp-json\/wp\/v2\/media\/376702"}],"wp:attachment":[{"href":"https:\/\/stylingagenten.com\/no\/wp-json\/wp\/v2\/media?parent=376703"}],"wp:term":[{"taxonomy":"product_brand","embeddable":true,"href":"https:\/\/stylingagenten.com\/no\/wp-json\/wp\/v2\/product_brand?post=376703"},{"taxonomy":"product_cat","embeddable":true,"href":"https:\/\/stylingagenten.com\/no\/wp-json\/wp\/v2\/product_cat?post=376703"},{"taxonomy":"product_tag","embeddable":true,"href":"https:\/\/stylingagenten.com\/no\/wp-json\/wp\/v2\/product_tag?post=376703"},{"taxonomy":"berocket_brand","embeddable":true,"href":"https:\/\/stylingagenten.com\/no\/wp-json\/wp\/v2\/berocket_brand?post=376703"}],"curies":[{"name":"wp","href":"https:\/\/api.w.org\/{rel}","templated":true}]}}