{"id":376620,"date":"2025-05-18T20:57:41","date_gmt":"2025-05-18T20:57:41","guid":{"rendered":"https:\/\/staging2.stylingagenten.com\/no\/produkt\/creed-silver-mountain-water-edp-50ml\/"},"modified":"2025-11-19T08:47:35","modified_gmt":"2025-11-19T08:47:35","slug":"creed-silver-mountain-water-edp-50ml","status":"publish","type":"product","link":"https:\/\/stylingagenten.com\/no\/produkt\/creed-silver-mountain-water-edp-50ml\/","title":{"rendered":"Creed Silver Mountain Water Edp 50ml"},"content":{"rendered":"<p><strong>Silver Mountain Water<\/strong> av Creed er en aromatisk duft for kvinner og menn. Silver Mountain Water ble lansert i 1995. Silver Mountain Water ble designet for \u00e5 fremkalle de glitrende vannstr\u00f8mmene i de sveitsiske alpene.<\/p>\n<p>Toppnoter: Bergamot og mandarin<br \/>Hjertenoter: Gr\u00f8nn te og sorte druer<br \/>Basenoter: Musk, petitgrain, sandeltre; og galbanum.<\/p>\n","protected":false},"excerpt":{"rendered":"<p>Silver Mountain Water av Creed er en aromatisk duft for kvinner og menn. Silver Mountain Water ble lansert i 1995. Silver Mountain Water ble designet for \u00e5 fremkalle de glitrende vannstr\u00f8mmene i de sveitsiske alpene. Toppnoter: Bergamot og mandarinHjertenoter: Gr\u00f8nn te og sorte druerBasenoter: Musk, petitgrain, sandeltre; og galbanum.<\/p>\n","protected":false},"featured_media":376618,"comment_status":"open","ping_status":"closed","template":"","meta":{"_trash_the_other_posts":false},"product_brand":[],"product_cat":[708],"product_tag":[2739],"berocket_brand":[1236],"class_list":{"0":"post-376620","1":"product","2":"type-product","3":"status-publish","4":"has-post-thumbnail","6":"product_cat-eau-de-parfum-herr","7":"product_tag-creed-silver-mountain-water-edp","8":"pa_brand-creed","9":"pa_variant-50ml","10":"berocket_brand-creed","12":"first","13":"outofstock","14":"sale","15":"taxable","16":"shipping-taxable","17":"purchasable","18":"product-type-simple"},"_links":{"self":[{"href":"https:\/\/stylingagenten.com\/no\/wp-json\/wp\/v2\/product\/376620","targetHints":{"allow":["GET"]}}],"collection":[{"href":"https:\/\/stylingagenten.com\/no\/wp-json\/wp\/v2\/product"}],"about":[{"href":"https:\/\/stylingagenten.com\/no\/wp-json\/wp\/v2\/types\/product"}],"replies":[{"embeddable":true,"href":"https:\/\/stylingagenten.com\/no\/wp-json\/wp\/v2\/comments?post=376620"}],"version-history":[{"count":0,"href":"https:\/\/stylingagenten.com\/no\/wp-json\/wp\/v2\/product\/376620\/revisions"}],"wp:featuredmedia":[{"embeddable":true,"href":"https:\/\/stylingagenten.com\/no\/wp-json\/wp\/v2\/media\/376618"}],"wp:attachment":[{"href":"https:\/\/stylingagenten.com\/no\/wp-json\/wp\/v2\/media?parent=376620"}],"wp:term":[{"taxonomy":"product_brand","embeddable":true,"href":"https:\/\/stylingagenten.com\/no\/wp-json\/wp\/v2\/product_brand?post=376620"},{"taxonomy":"product_cat","embeddable":true,"href":"https:\/\/stylingagenten.com\/no\/wp-json\/wp\/v2\/product_cat?post=376620"},{"taxonomy":"product_tag","embeddable":true,"href":"https:\/\/stylingagenten.com\/no\/wp-json\/wp\/v2\/product_tag?post=376620"},{"taxonomy":"berocket_brand","embeddable":true,"href":"https:\/\/stylingagenten.com\/no\/wp-json\/wp\/v2\/berocket_brand?post=376620"}],"curies":[{"name":"wp","href":"https:\/\/api.w.org\/{rel}","templated":true}]}}