{"id":376619,"date":"2025-05-18T20:57:41","date_gmt":"2025-05-18T20:57:41","guid":{"rendered":"https:\/\/staging2.stylingagenten.com\/no\/produkt\/moschino-toy-boy-mini-edp-5ml\/"},"modified":"2026-04-07T19:17:54","modified_gmt":"2026-04-07T19:17:54","slug":"moschino-toy-boy-mini-edp-5ml","status":"publish","type":"product","link":"https:\/\/stylingagenten.com\/no\/produkt\/moschino-toy-boy-mini-edp-5ml\/","title":{"rendered":"Moschino Toy Boy Mini Edp 5ml"},"content":{"rendered":"<p>Toy Boy Eau de Parfum, den nye ikoniske duften til Moschino.<br \/>Toy Boy er en eksklusiv duft som tolker eleganse med et snev av ironi. Den snakker til en unik, dynamisk, entusiastisk og lidenskapelig person, men som ikke er redd for \u00e5 vise sin s\u00f8te og lekne side.<\/p>\n<p>Toppnoter: Italiensk bergamott, p\u00e6re, muskatn\u00f8tt, rosa pepper og nellik.<br \/> Hjertenoter: Magnolia, rose og linblomster, kashmir<br \/>Basenoter: rav, vetiver<\/p>\n","protected":false},"excerpt":{"rendered":"<p>Toy Boy Eau de Parfum, den nye ikoniske duften til Moschino.Toy Boy er en eksklusiv duft som tolker eleganse med et snev av ironi. Den snakker til en unik, dynamisk, entusiastisk og lidenskapelig person, men som ikke er redd for \u00e5 vise sin s\u00f8te og lekne side. Toppnoter: Italiensk bergamott, p\u00e6re, muskatn\u00f8tt, rosa pepper og [&hellip;]<\/p>\n","protected":false},"featured_media":376614,"comment_status":"open","ping_status":"closed","template":"","meta":{"_trash_the_other_posts":false},"product_brand":[],"product_cat":[708,735,1000],"product_tag":[],"berocket_brand":[1084],"class_list":{"0":"post-376619","1":"product","2":"type-product","3":"status-publish","4":"has-post-thumbnail","6":"product_cat-eau-de-parfum-herr","7":"product_cat-kampanje","8":"product_cat-kampanjetilbud-for-ham","9":"pa_brand-moschino","10":"berocket_brand-moschino","12":"first","13":"instock","14":"sale","15":"taxable","16":"shipping-taxable","17":"purchasable","18":"product-type-simple"},"_links":{"self":[{"href":"https:\/\/stylingagenten.com\/no\/wp-json\/wp\/v2\/product\/376619","targetHints":{"allow":["GET"]}}],"collection":[{"href":"https:\/\/stylingagenten.com\/no\/wp-json\/wp\/v2\/product"}],"about":[{"href":"https:\/\/stylingagenten.com\/no\/wp-json\/wp\/v2\/types\/product"}],"replies":[{"embeddable":true,"href":"https:\/\/stylingagenten.com\/no\/wp-json\/wp\/v2\/comments?post=376619"}],"version-history":[{"count":0,"href":"https:\/\/stylingagenten.com\/no\/wp-json\/wp\/v2\/product\/376619\/revisions"}],"wp:featuredmedia":[{"embeddable":true,"href":"https:\/\/stylingagenten.com\/no\/wp-json\/wp\/v2\/media\/376614"}],"wp:attachment":[{"href":"https:\/\/stylingagenten.com\/no\/wp-json\/wp\/v2\/media?parent=376619"}],"wp:term":[{"taxonomy":"product_brand","embeddable":true,"href":"https:\/\/stylingagenten.com\/no\/wp-json\/wp\/v2\/product_brand?post=376619"},{"taxonomy":"product_cat","embeddable":true,"href":"https:\/\/stylingagenten.com\/no\/wp-json\/wp\/v2\/product_cat?post=376619"},{"taxonomy":"product_tag","embeddable":true,"href":"https:\/\/stylingagenten.com\/no\/wp-json\/wp\/v2\/product_tag?post=376619"},{"taxonomy":"berocket_brand","embeddable":true,"href":"https:\/\/stylingagenten.com\/no\/wp-json\/wp\/v2\/berocket_brand?post=376619"}],"curies":[{"name":"wp","href":"https:\/\/api.w.org\/{rel}","templated":true}]}}