{"id":376539,"date":"2025-05-18T20:57:23","date_gmt":"2025-05-18T20:57:23","guid":{"rendered":"https:\/\/staging2.stylingagenten.com\/no\/produkt\/paco-rabanne-dangerous-me-edp-62ml\/"},"modified":"2026-03-22T14:07:43","modified_gmt":"2026-03-22T14:07:43","slug":"paco-rabanne-dangerous-me-edp-62ml","status":"publish","type":"product","link":"https:\/\/stylingagenten.com\/no\/produkt\/paco-rabanne-dangerous-me-edp-62ml\/","title":{"rendered":"Paco Rabanne Dangerous Me Edp 62ml"},"content":{"rendered":"<p>Dangerous Me.<br \/>Frekk, minneverdig, uutslettelig, en dufttatovering etset p\u00e5 huden. Parfymen av blekk og vanilje, beriket med gr\u00e5tt rav, ingef\u00e6r og sedertre. Sukker og krydder med en m\u00f8rk, treaktig vri.<\/p>\n","protected":false},"excerpt":{"rendered":"<p>Dangerous Me.Frekk, minneverdig, uutslettelig, en dufttatovering etset p\u00e5 huden. Parfymen av blekk og vanilje, beriket med gr\u00e5tt rav, ingef\u00e6r og sedertre. Sukker og krydder med en m\u00f8rk, treaktig vri.<\/p>\n","protected":false},"featured_media":376536,"comment_status":"open","ping_status":"closed","template":"","meta":{"_trash_the_other_posts":false},"product_brand":[],"product_cat":[708,735,1006,1000,713],"product_tag":[],"berocket_brand":[1048],"class_list":{"0":"post-376539","1":"product","2":"type-product","3":"status-publish","4":"has-post-thumbnail","6":"product_cat-eau-de-parfum-herr","7":"product_cat-kampanje","8":"product_cat-kampanjepris","9":"product_cat-kampanjetilbud-for-ham","10":"product_cat-parfyme-unisex","11":"pa_brand-paco-rabanne","12":"berocket_brand-paco-rabanne","14":"first","15":"instock","16":"sale","17":"taxable","18":"shipping-taxable","19":"purchasable","20":"product-type-simple"},"_links":{"self":[{"href":"https:\/\/stylingagenten.com\/no\/wp-json\/wp\/v2\/product\/376539","targetHints":{"allow":["GET"]}}],"collection":[{"href":"https:\/\/stylingagenten.com\/no\/wp-json\/wp\/v2\/product"}],"about":[{"href":"https:\/\/stylingagenten.com\/no\/wp-json\/wp\/v2\/types\/product"}],"replies":[{"embeddable":true,"href":"https:\/\/stylingagenten.com\/no\/wp-json\/wp\/v2\/comments?post=376539"}],"version-history":[{"count":0,"href":"https:\/\/stylingagenten.com\/no\/wp-json\/wp\/v2\/product\/376539\/revisions"}],"wp:featuredmedia":[{"embeddable":true,"href":"https:\/\/stylingagenten.com\/no\/wp-json\/wp\/v2\/media\/376536"}],"wp:attachment":[{"href":"https:\/\/stylingagenten.com\/no\/wp-json\/wp\/v2\/media?parent=376539"}],"wp:term":[{"taxonomy":"product_brand","embeddable":true,"href":"https:\/\/stylingagenten.com\/no\/wp-json\/wp\/v2\/product_brand?post=376539"},{"taxonomy":"product_cat","embeddable":true,"href":"https:\/\/stylingagenten.com\/no\/wp-json\/wp\/v2\/product_cat?post=376539"},{"taxonomy":"product_tag","embeddable":true,"href":"https:\/\/stylingagenten.com\/no\/wp-json\/wp\/v2\/product_tag?post=376539"},{"taxonomy":"berocket_brand","embeddable":true,"href":"https:\/\/stylingagenten.com\/no\/wp-json\/wp\/v2\/berocket_brand?post=376539"}],"curies":[{"name":"wp","href":"https:\/\/api.w.org\/{rel}","templated":true}]}}