{"id":376537,"date":"2025-05-18T20:57:22","date_gmt":"2025-05-18T20:57:22","guid":{"rendered":"https:\/\/staging2.stylingagenten.com\/no\/produkt\/paco-rabanne-crazy-me-edp-62ml\/"},"modified":"2026-03-11T20:34:35","modified_gmt":"2026-03-11T20:34:35","slug":"paco-rabanne-crazy-me-edp-62ml","status":"publish","type":"product","link":"https:\/\/stylingagenten.com\/no\/produkt\/paco-rabanne-crazy-me-edp-62ml\/","title":{"rendered":"Paco Rabanne Crazy Me Edp 62ml"},"content":{"rendered":"<p>Crazy me, unisex eau de parfum, en moderne og overraskende tolkning av mimosablomsten.<br \/> Et snev av wasabi, fl\u00f8yelsmyk mimosa. Myk og skarp. En blomsterduft, forvandlet av Paco Rabanne.<br \/>Pulveraktig, honningaktig mimosa blir ristet opp med wasabi: gr\u00f8nt metall skj\u00e6rer gjennom runde, fyldige solb\u00e6r og sandeltre.<\/p>\n","protected":false},"excerpt":{"rendered":"<p>Crazy me, unisex eau de parfum, en moderne og overraskende tolkning av mimosablomsten. Et snev av wasabi, fl\u00f8yelsmyk mimosa. Myk og skarp. En blomsterduft, forvandlet av Paco Rabanne.Pulveraktig, honningaktig mimosa blir ristet opp med wasabi: gr\u00f8nt metall skj\u00e6rer gjennom runde, fyldige solb\u00e6r og sandeltre.<\/p>\n","protected":false},"featured_media":376533,"comment_status":"open","ping_status":"closed","template":"","meta":{"_trash_the_other_posts":false},"product_brand":[],"product_cat":[708,1006,713],"product_tag":[],"berocket_brand":[1048],"class_list":{"0":"post-376537","1":"product","2":"type-product","3":"status-publish","4":"has-post-thumbnail","6":"product_cat-eau-de-parfum-herr","7":"product_cat-kampanjepris","8":"product_cat-parfyme-unisex","9":"pa_brand-paco-rabanne","10":"berocket_brand-paco-rabanne","12":"first","13":"instock","14":"sale","15":"taxable","16":"shipping-taxable","17":"purchasable","18":"product-type-simple"},"_links":{"self":[{"href":"https:\/\/stylingagenten.com\/no\/wp-json\/wp\/v2\/product\/376537","targetHints":{"allow":["GET"]}}],"collection":[{"href":"https:\/\/stylingagenten.com\/no\/wp-json\/wp\/v2\/product"}],"about":[{"href":"https:\/\/stylingagenten.com\/no\/wp-json\/wp\/v2\/types\/product"}],"replies":[{"embeddable":true,"href":"https:\/\/stylingagenten.com\/no\/wp-json\/wp\/v2\/comments?post=376537"}],"version-history":[{"count":0,"href":"https:\/\/stylingagenten.com\/no\/wp-json\/wp\/v2\/product\/376537\/revisions"}],"wp:featuredmedia":[{"embeddable":true,"href":"https:\/\/stylingagenten.com\/no\/wp-json\/wp\/v2\/media\/376533"}],"wp:attachment":[{"href":"https:\/\/stylingagenten.com\/no\/wp-json\/wp\/v2\/media?parent=376537"}],"wp:term":[{"taxonomy":"product_brand","embeddable":true,"href":"https:\/\/stylingagenten.com\/no\/wp-json\/wp\/v2\/product_brand?post=376537"},{"taxonomy":"product_cat","embeddable":true,"href":"https:\/\/stylingagenten.com\/no\/wp-json\/wp\/v2\/product_cat?post=376537"},{"taxonomy":"product_tag","embeddable":true,"href":"https:\/\/stylingagenten.com\/no\/wp-json\/wp\/v2\/product_tag?post=376537"},{"taxonomy":"berocket_brand","embeddable":true,"href":"https:\/\/stylingagenten.com\/no\/wp-json\/wp\/v2\/berocket_brand?post=376537"}],"curies":[{"name":"wp","href":"https:\/\/api.w.org\/{rel}","templated":true}]}}