{"id":376498,"date":"2025-05-18T20:57:11","date_gmt":"2025-05-18T20:57:11","guid":{"rendered":"https:\/\/staging2.stylingagenten.com\/no\/produkt\/montblanc-legend-red-edp-100ml\/"},"modified":"2026-03-11T22:00:43","modified_gmt":"2026-03-11T22:00:43","slug":"montblanc-legend-red-edp-100ml","status":"publish","type":"product","link":"https:\/\/stylingagenten.com\/no\/produkt\/montblanc-legend-red-edp-100ml\/","title":{"rendered":"Montblanc Legend Red Edp 100ml"},"content":{"rendered":"<p>Legend Red er en karismatisk treaktig duft, frisk, men intens, modig, men delikat &#8211; en luktopplevelse som fremkaller spenningen ved fart og f\u00e5r hjertet til \u00e5 sl\u00e5 litt raskere. En uimotst\u00e5elig maskulin duft som ogs\u00e5 varer lenge p\u00e5 huden.<br \/>&#8211;<br \/>Legend Red \u00e5pner med en saftig friskhet fra blodappelsin og grapefrukt i kontrast til krydret kardemomme. M\u00f8tet mellom salvie, sedertre og einer kler den sitrusaktige friskheten med aromatiske toner, mens den magnetiske kombinasjonen av mahogni, atlasceder og et snev av tonkab\u00f8nne gir duften en kremet sensualitet.<br \/>&#8211;<br \/>Duftfamilie: Woody- Frisk<br \/> Toppnote: Blodappelsin, Grapefrukt<br \/>Hjertenote: Salvie, sedertre, einer<br \/>Basenote: mahogni, atlasceder, tonkab\u00f8nne<\/p>\n","protected":false},"excerpt":{"rendered":"<p>Legend Red er en karismatisk treaktig duft, frisk, men intens, modig, men delikat &#8211; en luktopplevelse som fremkaller spenningen ved fart og f\u00e5r hjertet til \u00e5 sl\u00e5 litt raskere. En uimotst\u00e5elig maskulin duft som ogs\u00e5 varer lenge p\u00e5 huden.&#8211;Legend Red \u00e5pner med en saftig friskhet fra blodappelsin og grapefrukt i kontrast til krydret kardemomme. M\u00f8tet [&hellip;]<\/p>\n","protected":false},"featured_media":376489,"comment_status":"open","ping_status":"closed","template":"","meta":{"_trash_the_other_posts":false},"product_brand":[],"product_cat":[708,735,1000],"product_tag":[3582],"berocket_brand":[1079],"class_list":{"0":"post-376498","1":"product","2":"type-product","3":"status-publish","4":"has-post-thumbnail","6":"product_cat-eau-de-parfum-herr","7":"product_cat-kampanje","8":"product_cat-kampanjetilbud-for-ham","9":"product_tag-montblanc-legend-red-edp","10":"pa_brand-mont-blanc","11":"pa_variant-100ml","12":"berocket_brand-mont-blanc","14":"first","15":"instock","16":"sale","17":"taxable","18":"shipping-taxable","19":"purchasable","20":"product-type-simple"},"_links":{"self":[{"href":"https:\/\/stylingagenten.com\/no\/wp-json\/wp\/v2\/product\/376498","targetHints":{"allow":["GET"]}}],"collection":[{"href":"https:\/\/stylingagenten.com\/no\/wp-json\/wp\/v2\/product"}],"about":[{"href":"https:\/\/stylingagenten.com\/no\/wp-json\/wp\/v2\/types\/product"}],"replies":[{"embeddable":true,"href":"https:\/\/stylingagenten.com\/no\/wp-json\/wp\/v2\/comments?post=376498"}],"version-history":[{"count":0,"href":"https:\/\/stylingagenten.com\/no\/wp-json\/wp\/v2\/product\/376498\/revisions"}],"wp:featuredmedia":[{"embeddable":true,"href":"https:\/\/stylingagenten.com\/no\/wp-json\/wp\/v2\/media\/376489"}],"wp:attachment":[{"href":"https:\/\/stylingagenten.com\/no\/wp-json\/wp\/v2\/media?parent=376498"}],"wp:term":[{"taxonomy":"product_brand","embeddable":true,"href":"https:\/\/stylingagenten.com\/no\/wp-json\/wp\/v2\/product_brand?post=376498"},{"taxonomy":"product_cat","embeddable":true,"href":"https:\/\/stylingagenten.com\/no\/wp-json\/wp\/v2\/product_cat?post=376498"},{"taxonomy":"product_tag","embeddable":true,"href":"https:\/\/stylingagenten.com\/no\/wp-json\/wp\/v2\/product_tag?post=376498"},{"taxonomy":"berocket_brand","embeddable":true,"href":"https:\/\/stylingagenten.com\/no\/wp-json\/wp\/v2\/berocket_brand?post=376498"}],"curies":[{"name":"wp","href":"https:\/\/api.w.org\/{rel}","templated":true}]}}