{"id":376487,"date":"2025-05-18T20:57:09","date_gmt":"2025-05-18T20:57:09","guid":{"rendered":"https:\/\/staging2.stylingagenten.com\/no\/produkt\/nautica-voyage-edt-200ml\/"},"modified":"2025-12-18T21:42:19","modified_gmt":"2025-12-18T21:42:19","slug":"nautica-voyage-edt-200ml","status":"publish","type":"product","link":"https:\/\/stylingagenten.com\/no\/produkt\/nautica-voyage-edt-200ml\/","title":{"rendered":"Nautica Voyage Edt 200ml"},"content":{"rendered":"<p>For den selvsikre mannen som t\u00f8r \u00e5 trosse ukjente farvann og oppdage nye eventyr, er denne eau de toiletten en maskulin, frukt-forward duft perfekt for hver dag. Denne friske, dristige og akvatiske duften er forankret av en rik blanding av skarpe gr\u00f8nne eple, gjennomv\u00e5t mimosa og vannlotus.<br \/>Toppnoter: gr\u00f8nt eple og gr\u00f8nne blader.<br \/>Basinoter: mimosa, vannakkord og vannlotus<\/p>\n","protected":false},"excerpt":{"rendered":"<p>For den selvsikre mannen som t\u00f8r \u00e5 trosse ukjente farvann og oppdage nye eventyr, er denne eau de toiletten en maskulin, frukt-forward duft perfekt for hver dag. Denne friske, dristige og akvatiske duften er forankret av en rik blanding av skarpe gr\u00f8nne eple, gjennomv\u00e5t mimosa og vannlotus.Toppnoter: gr\u00f8nt eple og gr\u00f8nne blader.Basinoter: mimosa, vannakkord og [&hellip;]<\/p>\n","protected":false},"featured_media":376484,"comment_status":"open","ping_status":"closed","template":"","meta":{"_trash_the_other_posts":false},"product_brand":[],"product_cat":[709],"product_tag":[3630],"berocket_brand":[1230],"class_list":{"0":"post-376487","1":"product","2":"type-product","3":"status-publish","4":"has-post-thumbnail","6":"product_cat-eau-de-toilette-herre","7":"product_tag-nautica-voyage-edt","8":"pa_brand-nautica","9":"pa_variant-200ml","10":"berocket_brand-nautica","12":"first","13":"outofstock","14":"sale","15":"taxable","16":"shipping-taxable","17":"purchasable","18":"product-type-simple"},"_links":{"self":[{"href":"https:\/\/stylingagenten.com\/no\/wp-json\/wp\/v2\/product\/376487","targetHints":{"allow":["GET"]}}],"collection":[{"href":"https:\/\/stylingagenten.com\/no\/wp-json\/wp\/v2\/product"}],"about":[{"href":"https:\/\/stylingagenten.com\/no\/wp-json\/wp\/v2\/types\/product"}],"replies":[{"embeddable":true,"href":"https:\/\/stylingagenten.com\/no\/wp-json\/wp\/v2\/comments?post=376487"}],"version-history":[{"count":0,"href":"https:\/\/stylingagenten.com\/no\/wp-json\/wp\/v2\/product\/376487\/revisions"}],"wp:featuredmedia":[{"embeddable":true,"href":"https:\/\/stylingagenten.com\/no\/wp-json\/wp\/v2\/media\/376484"}],"wp:attachment":[{"href":"https:\/\/stylingagenten.com\/no\/wp-json\/wp\/v2\/media?parent=376487"}],"wp:term":[{"taxonomy":"product_brand","embeddable":true,"href":"https:\/\/stylingagenten.com\/no\/wp-json\/wp\/v2\/product_brand?post=376487"},{"taxonomy":"product_cat","embeddable":true,"href":"https:\/\/stylingagenten.com\/no\/wp-json\/wp\/v2\/product_cat?post=376487"},{"taxonomy":"product_tag","embeddable":true,"href":"https:\/\/stylingagenten.com\/no\/wp-json\/wp\/v2\/product_tag?post=376487"},{"taxonomy":"berocket_brand","embeddable":true,"href":"https:\/\/stylingagenten.com\/no\/wp-json\/wp\/v2\/berocket_brand?post=376487"}],"curies":[{"name":"wp","href":"https:\/\/api.w.org\/{rel}","templated":true}]}}