{"id":376455,"date":"2025-05-18T20:57:01","date_gmt":"2025-05-18T20:57:01","guid":{"rendered":"https:\/\/staging2.stylingagenten.com\/no\/produkt\/replay-tank-for-him-edt-100ml\/"},"modified":"2026-03-15T17:37:49","modified_gmt":"2026-03-15T17:37:49","slug":"replay-tank-for-him-edt-100ml","status":"publish","type":"product","link":"https:\/\/stylingagenten.com\/no\/produkt\/replay-tank-for-him-edt-100ml\/","title":{"rendered":"Replay # Tank For Him Edt 100ml"},"content":{"rendered":"<p>Replay #TANK FOR HIM fanger de mest ikoniske aspektene ved Replays industrielle \u00e5nd. En eksklusiv flaske i form av en tank i indigobl\u00e5tt, dekorert med metalliske elementer. Livlighet og dynamikk konsentrert i et reservoar av ren energi. Duften er frisk og elegant for en energisk og moderne mann. Den \u00e5pner med en sitrusharmoni av sprudlende bergamott og mandarin, st\u00f8ttet av krydret kardemomme og friskheten til teblader. En original blanding av forfriskende mynte, krydret ingef\u00e6r og vanedannende sjasmin sprer seg fra hjertet og skaper et spennende spor. I basen formidler l\u00e6rakkorden og sedertre styrke og maskulinitet, mens musk, rav og tonkab\u00f8nne gir et s\u00f8tt preg til duften.<\/p>\n<p>Toppnoter: Bergamott, kardemomme, teblad og mandarin<br \/>Hjerte noter: Gr\u00f8nne toner, ingef\u00e6r, sjasmin og mynte<br \/>Basenoter: Musk, l\u00e6r, sedertre, rav og tonkab\u00f8nner<\/p>\n","protected":false},"excerpt":{"rendered":"<p>Replay #TANK FOR HIM fanger de mest ikoniske aspektene ved Replays industrielle \u00e5nd. En eksklusiv flaske i form av en tank i indigobl\u00e5tt, dekorert med metalliske elementer. Livlighet og dynamikk konsentrert i et reservoar av ren energi. Duften er frisk og elegant for en energisk og moderne mann. Den \u00e5pner med en sitrusharmoni av sprudlende [&hellip;]<\/p>\n","protected":false},"featured_media":376450,"comment_status":"open","ping_status":"closed","template":"","meta":{"_trash_the_other_posts":false},"product_brand":[],"product_cat":[709,735,1000,1005],"product_tag":[3889],"berocket_brand":[1120],"class_list":{"0":"post-376455","1":"product","2":"type-product","3":"status-publish","4":"has-post-thumbnail","6":"product_cat-eau-de-toilette-herre","7":"product_cat-kampanje","8":"product_cat-kampanjetilbud-for-ham","9":"product_cat-outlet","10":"product_tag-replay-tank-for-him-edt","11":"pa_brand-replay","12":"pa_variant-100ml","13":"berocket_brand-replay","15":"first","16":"instock","17":"sale","18":"taxable","19":"shipping-taxable","20":"purchasable","21":"product-type-simple"},"_links":{"self":[{"href":"https:\/\/stylingagenten.com\/no\/wp-json\/wp\/v2\/product\/376455","targetHints":{"allow":["GET"]}}],"collection":[{"href":"https:\/\/stylingagenten.com\/no\/wp-json\/wp\/v2\/product"}],"about":[{"href":"https:\/\/stylingagenten.com\/no\/wp-json\/wp\/v2\/types\/product"}],"replies":[{"embeddable":true,"href":"https:\/\/stylingagenten.com\/no\/wp-json\/wp\/v2\/comments?post=376455"}],"version-history":[{"count":0,"href":"https:\/\/stylingagenten.com\/no\/wp-json\/wp\/v2\/product\/376455\/revisions"}],"wp:featuredmedia":[{"embeddable":true,"href":"https:\/\/stylingagenten.com\/no\/wp-json\/wp\/v2\/media\/376450"}],"wp:attachment":[{"href":"https:\/\/stylingagenten.com\/no\/wp-json\/wp\/v2\/media?parent=376455"}],"wp:term":[{"taxonomy":"product_brand","embeddable":true,"href":"https:\/\/stylingagenten.com\/no\/wp-json\/wp\/v2\/product_brand?post=376455"},{"taxonomy":"product_cat","embeddable":true,"href":"https:\/\/stylingagenten.com\/no\/wp-json\/wp\/v2\/product_cat?post=376455"},{"taxonomy":"product_tag","embeddable":true,"href":"https:\/\/stylingagenten.com\/no\/wp-json\/wp\/v2\/product_tag?post=376455"},{"taxonomy":"berocket_brand","embeddable":true,"href":"https:\/\/stylingagenten.com\/no\/wp-json\/wp\/v2\/berocket_brand?post=376455"}],"curies":[{"name":"wp","href":"https:\/\/api.w.org\/{rel}","templated":true}]}}