{"id":376448,"date":"2025-05-18T20:56:59","date_gmt":"2025-05-18T20:56:59","guid":{"rendered":"https:\/\/staging2.stylingagenten.com\/no\/produkt\/versace-pour-homme-edt-200ml\/"},"modified":"2026-03-24T10:47:43","modified_gmt":"2026-03-24T10:47:43","slug":"versace-pour-homme-edt-200ml","status":"publish","type":"product","link":"https:\/\/stylingagenten.com\/no\/produkt\/versace-pour-homme-edt-200ml\/","title":{"rendered":"Versace Pour Homme Edt 200ml"},"content":{"rendered":"<p>Versace Pour Homme er skapt med en selvsikker og stilig mann i tankene. Mannen som b\u00e6rer denne parfymen er dynamisk og moderne med en sterk personlighet. En klassisk herreparfyme med n\u00f8ye utvalgte ingredienser som skaper en tidl\u00f8s aromatisk, sitrusduft for alle anledninger.<br \/>Topp: Bergamot, Neroli, Sitron, Appelsinblad<br \/>Hjerte: Geranium, Sage, Hyacinth, Cedarwood<br \/>Base: Amber, Oud, Musk, Tonkab\u00f8nne<\/p>\n","protected":false},"excerpt":{"rendered":"<p>Versace Pour Homme er skapt med en selvsikker og stilig mann i tankene. Mannen som b\u00e6rer denne parfymen er dynamisk og moderne med en sterk personlighet. En klassisk herreparfyme med n\u00f8ye utvalgte ingredienser som skaper en tidl\u00f8s aromatisk, sitrusduft for alle anledninger.Topp: Bergamot, Neroli, Sitron, AppelsinbladHjerte: Geranium, Sage, Hyacinth, CedarwoodBase: Amber, Oud, Musk, Tonkab\u00f8nne<\/p>\n","protected":false},"featured_media":376441,"comment_status":"open","ping_status":"closed","template":"","meta":{"_trash_the_other_posts":false},"product_brand":[],"product_cat":[1003,709],"product_tag":[4045],"berocket_brand":[1083],"class_list":{"0":"post-376448","1":"product","2":"type-product","3":"status-publish","4":"has-post-thumbnail","6":"product_cat-bestselgere","7":"product_cat-eau-de-toilette-herre","8":"product_tag-versace-pour-homme-edt","9":"pa_brand-versace","10":"pa_variant-200ml","11":"berocket_brand-versace","13":"first","14":"instock","15":"sale","16":"taxable","17":"shipping-taxable","18":"purchasable","19":"product-type-simple"},"_links":{"self":[{"href":"https:\/\/stylingagenten.com\/no\/wp-json\/wp\/v2\/product\/376448","targetHints":{"allow":["GET"]}}],"collection":[{"href":"https:\/\/stylingagenten.com\/no\/wp-json\/wp\/v2\/product"}],"about":[{"href":"https:\/\/stylingagenten.com\/no\/wp-json\/wp\/v2\/types\/product"}],"replies":[{"embeddable":true,"href":"https:\/\/stylingagenten.com\/no\/wp-json\/wp\/v2\/comments?post=376448"}],"version-history":[{"count":0,"href":"https:\/\/stylingagenten.com\/no\/wp-json\/wp\/v2\/product\/376448\/revisions"}],"wp:featuredmedia":[{"embeddable":true,"href":"https:\/\/stylingagenten.com\/no\/wp-json\/wp\/v2\/media\/376441"}],"wp:attachment":[{"href":"https:\/\/stylingagenten.com\/no\/wp-json\/wp\/v2\/media?parent=376448"}],"wp:term":[{"taxonomy":"product_brand","embeddable":true,"href":"https:\/\/stylingagenten.com\/no\/wp-json\/wp\/v2\/product_brand?post=376448"},{"taxonomy":"product_cat","embeddable":true,"href":"https:\/\/stylingagenten.com\/no\/wp-json\/wp\/v2\/product_cat?post=376448"},{"taxonomy":"product_tag","embeddable":true,"href":"https:\/\/stylingagenten.com\/no\/wp-json\/wp\/v2\/product_tag?post=376448"},{"taxonomy":"berocket_brand","embeddable":true,"href":"https:\/\/stylingagenten.com\/no\/wp-json\/wp\/v2\/berocket_brand?post=376448"}],"curies":[{"name":"wp","href":"https:\/\/api.w.org\/{rel}","templated":true}]}}