{"id":376426,"date":"2025-05-18T20:56:55","date_gmt":"2025-05-18T20:56:55","guid":{"rendered":"https:\/\/staging2.stylingagenten.com\/no\/produkt\/replay-signature-for-man-edt-100ml\/"},"modified":"2026-02-19T06:36:34","modified_gmt":"2026-02-19T06:36:34","slug":"replay-signature-for-man-edt-100ml","status":"publish","type":"product","link":"https:\/\/stylingagenten.com\/no\/produkt\/replay-signature-for-man-edt-100ml\/","title":{"rendered":"Replay Signature For Man Edt 100ml"},"content":{"rendered":"<p>Med sitt innovative design har Replay Signature som m\u00e5l \u00e5 overf\u00f8re \u00e5nden til Replay-motekolleksjonen til parfymeverdenen. Den institusjonelle formen p\u00e5 flasken er forsterket av relieffer p\u00e5 begge sider. Kamuflasjemotivet pryder hele flasken og gj\u00f8r den veldig i\u00f8ynefallende. Duften er den nye pulserende sensualiteten for menn. Den forf\u00f8rer umiddelbart med sin karakteristiske f\u00f8rste note av rosa pepper, bekreftet av frisk bergamott og varm kanel. Aromatisk myntegeranium og sterk muskatn\u00f8tt utvikler en kraftig maskulin krydret blanding, harmonisert av balsamicorose og t\u00f8rr sedertre. Basen er laget av edle tresorter, som gir styrke og varme til duften sammen med delikate toner av rav-musk.<\/p>\n<p>Toppnoter: Kanel, Rosepepper, Bergamot<br \/>Hjertenoter: Cedarwood, Muskat, Rose, geranium, mynte og bassnoter: edelt tre<\/p>\n","protected":false},"excerpt":{"rendered":"<p>Med sitt innovative design har Replay Signature som m\u00e5l \u00e5 overf\u00f8re \u00e5nden til Replay-motekolleksjonen til parfymeverdenen. Den institusjonelle formen p\u00e5 flasken er forsterket av relieffer p\u00e5 begge sider. Kamuflasjemotivet pryder hele flasken og gj\u00f8r den veldig i\u00f8ynefallende. Duften er den nye pulserende sensualiteten for menn. Den forf\u00f8rer umiddelbart med sin karakteristiske f\u00f8rste note av rosa [&hellip;]<\/p>\n","protected":false},"featured_media":376420,"comment_status":"open","ping_status":"closed","template":"","meta":{"_trash_the_other_posts":false},"product_brand":[],"product_cat":[709,735,1000],"product_tag":[3894],"berocket_brand":[1120],"class_list":{"0":"post-376426","1":"product","2":"type-product","3":"status-publish","4":"has-post-thumbnail","6":"product_cat-eau-de-toilette-herre","7":"product_cat-kampanje","8":"product_cat-kampanjetilbud-for-ham","9":"product_tag-replay-signature-for-man-edt","10":"pa_brand-replay","11":"pa_variant-100ml","12":"berocket_brand-replay","14":"first","15":"instock","16":"sale","17":"taxable","18":"shipping-taxable","19":"purchasable","20":"product-type-simple"},"_links":{"self":[{"href":"https:\/\/stylingagenten.com\/no\/wp-json\/wp\/v2\/product\/376426","targetHints":{"allow":["GET"]}}],"collection":[{"href":"https:\/\/stylingagenten.com\/no\/wp-json\/wp\/v2\/product"}],"about":[{"href":"https:\/\/stylingagenten.com\/no\/wp-json\/wp\/v2\/types\/product"}],"replies":[{"embeddable":true,"href":"https:\/\/stylingagenten.com\/no\/wp-json\/wp\/v2\/comments?post=376426"}],"version-history":[{"count":0,"href":"https:\/\/stylingagenten.com\/no\/wp-json\/wp\/v2\/product\/376426\/revisions"}],"wp:featuredmedia":[{"embeddable":true,"href":"https:\/\/stylingagenten.com\/no\/wp-json\/wp\/v2\/media\/376420"}],"wp:attachment":[{"href":"https:\/\/stylingagenten.com\/no\/wp-json\/wp\/v2\/media?parent=376426"}],"wp:term":[{"taxonomy":"product_brand","embeddable":true,"href":"https:\/\/stylingagenten.com\/no\/wp-json\/wp\/v2\/product_brand?post=376426"},{"taxonomy":"product_cat","embeddable":true,"href":"https:\/\/stylingagenten.com\/no\/wp-json\/wp\/v2\/product_cat?post=376426"},{"taxonomy":"product_tag","embeddable":true,"href":"https:\/\/stylingagenten.com\/no\/wp-json\/wp\/v2\/product_tag?post=376426"},{"taxonomy":"berocket_brand","embeddable":true,"href":"https:\/\/stylingagenten.com\/no\/wp-json\/wp\/v2\/berocket_brand?post=376426"}],"curies":[{"name":"wp","href":"https:\/\/api.w.org\/{rel}","templated":true}]}}