{"id":376410,"date":"2025-05-18T20:56:50","date_gmt":"2025-05-18T20:56:50","guid":{"rendered":"https:\/\/staging2.stylingagenten.com\/no\/produkt\/replay-signature-red-dragon-for-man-edt-30ml\/"},"modified":"2026-03-30T21:28:37","modified_gmt":"2026-03-30T21:28:37","slug":"replay-signature-red-dragon-for-man-edt-30ml","status":"publish","type":"product","link":"https:\/\/stylingagenten.com\/no\/produkt\/replay-signature-red-dragon-for-man-edt-30ml\/","title":{"rendered":"Replay Signature Red Dragon For Man Edt 30ml"},"content":{"rendered":"<p>Replay Signature Red Dragon for Man, en praktfull r\u00f8d drage dekorerer flasken og formidler styrke og mystikk. Med denne parfymen avsl\u00f8rer menn sine ufattelige sjeler med besluttsomhet, mot og energi. Duften \u00e5pner med rosa pepper og kardemomme i en krydret, sprudlende lek som kommer inn i et uventet hjerte av te og geranium og overrasker oss i en base av hvite tresorter og vetiver. En tidl\u00f8s og evig elegant duft for en modig og elegant mann.<\/p>\n<p>Toppnoter: Rosepepper, Kardemomme<br \/>Hjertenoter: Te, Geranium<br \/>Basenoter: Vetiver, White Woods<\/p>\n","protected":false},"excerpt":{"rendered":"<p>Replay Signature Red Dragon for Man, en praktfull r\u00f8d drage dekorerer flasken og formidler styrke og mystikk. Med denne parfymen avsl\u00f8rer menn sine ufattelige sjeler med besluttsomhet, mot og energi. Duften \u00e5pner med rosa pepper og kardemomme i en krydret, sprudlende lek som kommer inn i et uventet hjerte av te og geranium og overrasker [&hellip;]<\/p>\n","protected":false},"featured_media":376404,"comment_status":"open","ping_status":"closed","template":"","meta":{"_trash_the_other_posts":false},"product_brand":[],"product_cat":[709,735,1000],"product_tag":[3898],"berocket_brand":[1120],"class_list":{"0":"post-376410","1":"product","2":"type-product","3":"status-publish","4":"has-post-thumbnail","6":"product_cat-eau-de-toilette-herre","7":"product_cat-kampanje","8":"product_cat-kampanjetilbud-for-ham","9":"product_tag-replay-signature-red-dragon-for-man-edt","10":"pa_brand-replay","11":"pa_variant-30ml","12":"berocket_brand-replay","14":"first","15":"instock","16":"sale","17":"taxable","18":"shipping-taxable","19":"purchasable","20":"product-type-simple"},"_links":{"self":[{"href":"https:\/\/stylingagenten.com\/no\/wp-json\/wp\/v2\/product\/376410","targetHints":{"allow":["GET"]}}],"collection":[{"href":"https:\/\/stylingagenten.com\/no\/wp-json\/wp\/v2\/product"}],"about":[{"href":"https:\/\/stylingagenten.com\/no\/wp-json\/wp\/v2\/types\/product"}],"replies":[{"embeddable":true,"href":"https:\/\/stylingagenten.com\/no\/wp-json\/wp\/v2\/comments?post=376410"}],"version-history":[{"count":0,"href":"https:\/\/stylingagenten.com\/no\/wp-json\/wp\/v2\/product\/376410\/revisions"}],"wp:featuredmedia":[{"embeddable":true,"href":"https:\/\/stylingagenten.com\/no\/wp-json\/wp\/v2\/media\/376404"}],"wp:attachment":[{"href":"https:\/\/stylingagenten.com\/no\/wp-json\/wp\/v2\/media?parent=376410"}],"wp:term":[{"taxonomy":"product_brand","embeddable":true,"href":"https:\/\/stylingagenten.com\/no\/wp-json\/wp\/v2\/product_brand?post=376410"},{"taxonomy":"product_cat","embeddable":true,"href":"https:\/\/stylingagenten.com\/no\/wp-json\/wp\/v2\/product_cat?post=376410"},{"taxonomy":"product_tag","embeddable":true,"href":"https:\/\/stylingagenten.com\/no\/wp-json\/wp\/v2\/product_tag?post=376410"},{"taxonomy":"berocket_brand","embeddable":true,"href":"https:\/\/stylingagenten.com\/no\/wp-json\/wp\/v2\/berocket_brand?post=376410"}],"curies":[{"name":"wp","href":"https:\/\/api.w.org\/{rel}","templated":true}]}}