{"id":376407,"date":"2025-05-18T20:56:49","date_gmt":"2025-05-18T20:56:49","guid":{"rendered":"https:\/\/staging2.stylingagenten.com\/no\/produkt\/samba-sport-man-edt-100ml\/"},"modified":"2026-03-30T08:18:48","modified_gmt":"2026-03-30T08:18:48","slug":"samba-sport-man-edt-100ml","status":"publish","type":"product","link":"https:\/\/stylingagenten.com\/no\/produkt\/samba-sport-man-edt-100ml\/","title":{"rendered":"Samba Sport Man Edt 100ml"},"content":{"rendered":"<p>Samba Sport Man er en eksplosjon av adrenalin; en plutselig b\u00f8lge av styrke og energi.<br \/>Han er klar til \u00e5 handle, til \u00e5 bevege seg og trives med \u00e5 v\u00e6re godt balansert b\u00e5de i sinn og kropp.<br \/>Samba Sport Man \u00e5pner med en frisk sitruseksplosjon av bergamott blandet med en s\u00f8t sprut av litchi og koriander. Den balanserende hjertenoten kombinerer forfriskende br\u00f8nnkarse og blomstertoner blandet med lyse tresorter. I en flytende utvikling er basisnotene en kraftig kombinasjon av musk og tretoner.<\/p>\n<p>Toppnoter: Frisk bergamott, sprut av litchi, koriander<br \/>Hjertenoter: Br\u00f8nnkarse, Davana-blomst, Drivved<br \/> Basenoter: Tonkab\u00f8nner, ren musk, ambrox, hvit patchouli<\/p>\n","protected":false},"excerpt":{"rendered":"<p>Samba Sport Man er en eksplosjon av adrenalin; en plutselig b\u00f8lge av styrke og energi.Han er klar til \u00e5 handle, til \u00e5 bevege seg og trives med \u00e5 v\u00e6re godt balansert b\u00e5de i sinn og kropp.Samba Sport Man \u00e5pner med en frisk sitruseksplosjon av bergamott blandet med en s\u00f8t sprut av litchi og koriander. Den [&hellip;]<\/p>\n","protected":false},"featured_media":376397,"comment_status":"open","ping_status":"closed","template":"","meta":{"_trash_the_other_posts":false},"product_brand":[],"product_cat":[709,735,1000],"product_tag":[],"berocket_brand":[1381],"class_list":{"0":"post-376407","1":"product","2":"type-product","3":"status-publish","4":"has-post-thumbnail","6":"product_cat-eau-de-toilette-herre","7":"product_cat-kampanje","8":"product_cat-kampanjetilbud-for-ham","9":"pa_brand-samba","10":"berocket_brand-samba","12":"first","13":"instock","14":"sale","15":"taxable","16":"shipping-taxable","17":"purchasable","18":"product-type-simple"},"_links":{"self":[{"href":"https:\/\/stylingagenten.com\/no\/wp-json\/wp\/v2\/product\/376407","targetHints":{"allow":["GET"]}}],"collection":[{"href":"https:\/\/stylingagenten.com\/no\/wp-json\/wp\/v2\/product"}],"about":[{"href":"https:\/\/stylingagenten.com\/no\/wp-json\/wp\/v2\/types\/product"}],"replies":[{"embeddable":true,"href":"https:\/\/stylingagenten.com\/no\/wp-json\/wp\/v2\/comments?post=376407"}],"version-history":[{"count":0,"href":"https:\/\/stylingagenten.com\/no\/wp-json\/wp\/v2\/product\/376407\/revisions"}],"wp:featuredmedia":[{"embeddable":true,"href":"https:\/\/stylingagenten.com\/no\/wp-json\/wp\/v2\/media\/376397"}],"wp:attachment":[{"href":"https:\/\/stylingagenten.com\/no\/wp-json\/wp\/v2\/media?parent=376407"}],"wp:term":[{"taxonomy":"product_brand","embeddable":true,"href":"https:\/\/stylingagenten.com\/no\/wp-json\/wp\/v2\/product_brand?post=376407"},{"taxonomy":"product_cat","embeddable":true,"href":"https:\/\/stylingagenten.com\/no\/wp-json\/wp\/v2\/product_cat?post=376407"},{"taxonomy":"product_tag","embeddable":true,"href":"https:\/\/stylingagenten.com\/no\/wp-json\/wp\/v2\/product_tag?post=376407"},{"taxonomy":"berocket_brand","embeddable":true,"href":"https:\/\/stylingagenten.com\/no\/wp-json\/wp\/v2\/berocket_brand?post=376407"}],"curies":[{"name":"wp","href":"https:\/\/api.w.org\/{rel}","templated":true}]}}