{"id":376386,"date":"2025-05-18T20:56:44","date_gmt":"2025-05-18T20:56:44","guid":{"rendered":"https:\/\/staging2.stylingagenten.com\/no\/produkt\/replay-signature-lovers-for-man-edt-50ml\/"},"modified":"2026-04-11T12:58:47","modified_gmt":"2026-04-11T12:58:47","slug":"replay-signature-lovers-for-man-edt-50ml","status":"publish","type":"product","link":"https:\/\/stylingagenten.com\/no\/produkt\/replay-signature-lovers-for-man-edt-50ml\/","title":{"rendered":"Replay Signature Lovers For Man Edt 50ml"},"content":{"rendered":"<p>Replay Signature Lovers Man er dekorert med prestisjetunge tatoveringer som kommuniserer et budskap om positiv kj\u00e6rlighet i Biker Replay-stil. Duften \u00e5pner med fruktige toner av plomme, mandarin og pomelo; \u00e5 flette sammen med hjertenotene av kardemomme, lavendel og fiolett p\u00e5 en base av Labdanum, Guaiac Wood og Bourbon Vetiver.<\/p>\n<p>Toppnoter: Plomme, Mandarin, Pomelo<br \/>Hjerteroter: Kardemomme, Lavendel, Fiolett<br \/>Basenoter: Labdanum, Guaiac Wood, Bourbon Vetiver<\/p>\n","protected":false},"excerpt":{"rendered":"<p>Replay Signature Lovers Man er dekorert med prestisjetunge tatoveringer som kommuniserer et budskap om positiv kj\u00e6rlighet i Biker Replay-stil. Duften \u00e5pner med fruktige toner av plomme, mandarin og pomelo; \u00e5 flette sammen med hjertenotene av kardemomme, lavendel og fiolett p\u00e5 en base av Labdanum, Guaiac Wood og Bourbon Vetiver. Toppnoter: Plomme, Mandarin, PomeloHjerteroter: Kardemomme, Lavendel, [&hellip;]<\/p>\n","protected":false},"featured_media":376376,"comment_status":"open","ping_status":"closed","template":"","meta":{"_trash_the_other_posts":false},"product_brand":[],"product_cat":[709,735,1000],"product_tag":[3896],"berocket_brand":[1120],"class_list":{"0":"post-376386","1":"product","2":"type-product","3":"status-publish","4":"has-post-thumbnail","6":"product_cat-eau-de-toilette-herre","7":"product_cat-kampanje","8":"product_cat-kampanjetilbud-for-ham","9":"product_tag-replay-signature-lovers-for-man-edt","10":"pa_brand-replay","11":"pa_variant-50ml","12":"berocket_brand-replay","14":"first","15":"instock","16":"sale","17":"taxable","18":"shipping-taxable","19":"purchasable","20":"product-type-simple"},"_links":{"self":[{"href":"https:\/\/stylingagenten.com\/no\/wp-json\/wp\/v2\/product\/376386","targetHints":{"allow":["GET"]}}],"collection":[{"href":"https:\/\/stylingagenten.com\/no\/wp-json\/wp\/v2\/product"}],"about":[{"href":"https:\/\/stylingagenten.com\/no\/wp-json\/wp\/v2\/types\/product"}],"replies":[{"embeddable":true,"href":"https:\/\/stylingagenten.com\/no\/wp-json\/wp\/v2\/comments?post=376386"}],"version-history":[{"count":0,"href":"https:\/\/stylingagenten.com\/no\/wp-json\/wp\/v2\/product\/376386\/revisions"}],"wp:featuredmedia":[{"embeddable":true,"href":"https:\/\/stylingagenten.com\/no\/wp-json\/wp\/v2\/media\/376376"}],"wp:attachment":[{"href":"https:\/\/stylingagenten.com\/no\/wp-json\/wp\/v2\/media?parent=376386"}],"wp:term":[{"taxonomy":"product_brand","embeddable":true,"href":"https:\/\/stylingagenten.com\/no\/wp-json\/wp\/v2\/product_brand?post=376386"},{"taxonomy":"product_cat","embeddable":true,"href":"https:\/\/stylingagenten.com\/no\/wp-json\/wp\/v2\/product_cat?post=376386"},{"taxonomy":"product_tag","embeddable":true,"href":"https:\/\/stylingagenten.com\/no\/wp-json\/wp\/v2\/product_tag?post=376386"},{"taxonomy":"berocket_brand","embeddable":true,"href":"https:\/\/stylingagenten.com\/no\/wp-json\/wp\/v2\/berocket_brand?post=376386"}],"curies":[{"name":"wp","href":"https:\/\/api.w.org\/{rel}","templated":true}]}}