{"id":376383,"date":"2025-05-18T20:56:44","date_gmt":"2025-05-18T20:56:44","guid":{"rendered":"https:\/\/staging2.stylingagenten.com\/no\/produkt\/replay-signature-re-verse-for-man-edt-30ml\/"},"modified":"2026-01-22T16:26:34","modified_gmt":"2026-01-22T16:26:34","slug":"replay-signature-re-verse-for-man-edt-30ml","status":"publish","type":"product","link":"https:\/\/stylingagenten.com\/no\/produkt\/replay-signature-re-verse-for-man-edt-30ml\/","title":{"rendered":"Replay Signature Re-Verse For Man Edt 30ml"},"content":{"rendered":"<p>Forf\u00f8rende, sensuell og selvsikker: det er Replay, Signature Re-verse For Men. Den delikate og raffinerte duften tilh\u00f8rer duftfamilien fougere-aromatisk-treaktig. Toppnotene \u00e5pner med sitrusakkorder av bergamott og forfriskende virvler av mynte. Allsidigheten til hjertenotene str\u00f8mmer inn i hjertet med iskalde havb\u00f8lger og omsluttes med beroligende sprut av lavendel. Basisnotene fremhever duften med et ekko av treaktige nyanser og varmt rav.<\/p>\n<p>Toppnoter: Bergamott, Mint<br \/>Hjertenoter: Lavendel, Marine Accord<br \/>Basenoter: Amber, Treaktige noter<\/p>\n","protected":false},"excerpt":{"rendered":"<p>Forf\u00f8rende, sensuell og selvsikker: det er Replay, Signature Re-verse For Men. Den delikate og raffinerte duften tilh\u00f8rer duftfamilien fougere-aromatisk-treaktig. Toppnotene \u00e5pner med sitrusakkorder av bergamott og forfriskende virvler av mynte. Allsidigheten til hjertenotene str\u00f8mmer inn i hjertet med iskalde havb\u00f8lger og omsluttes med beroligende sprut av lavendel. Basisnotene fremhever duften med et ekko av treaktige [&hellip;]<\/p>\n","protected":false},"featured_media":376375,"comment_status":"open","ping_status":"closed","template":"","meta":{"_trash_the_other_posts":false},"product_brand":[],"product_cat":[709,735,1000],"product_tag":[],"berocket_brand":[1120],"class_list":{"0":"post-376383","1":"product","2":"type-product","3":"status-publish","4":"has-post-thumbnail","6":"product_cat-eau-de-toilette-herre","7":"product_cat-kampanje","8":"product_cat-kampanjetilbud-for-ham","9":"pa_brand-replay","10":"berocket_brand-replay","12":"first","13":"instock","14":"sale","15":"taxable","16":"shipping-taxable","17":"purchasable","18":"product-type-simple"},"_links":{"self":[{"href":"https:\/\/stylingagenten.com\/no\/wp-json\/wp\/v2\/product\/376383","targetHints":{"allow":["GET"]}}],"collection":[{"href":"https:\/\/stylingagenten.com\/no\/wp-json\/wp\/v2\/product"}],"about":[{"href":"https:\/\/stylingagenten.com\/no\/wp-json\/wp\/v2\/types\/product"}],"replies":[{"embeddable":true,"href":"https:\/\/stylingagenten.com\/no\/wp-json\/wp\/v2\/comments?post=376383"}],"version-history":[{"count":0,"href":"https:\/\/stylingagenten.com\/no\/wp-json\/wp\/v2\/product\/376383\/revisions"}],"wp:featuredmedia":[{"embeddable":true,"href":"https:\/\/stylingagenten.com\/no\/wp-json\/wp\/v2\/media\/376375"}],"wp:attachment":[{"href":"https:\/\/stylingagenten.com\/no\/wp-json\/wp\/v2\/media?parent=376383"}],"wp:term":[{"taxonomy":"product_brand","embeddable":true,"href":"https:\/\/stylingagenten.com\/no\/wp-json\/wp\/v2\/product_brand?post=376383"},{"taxonomy":"product_cat","embeddable":true,"href":"https:\/\/stylingagenten.com\/no\/wp-json\/wp\/v2\/product_cat?post=376383"},{"taxonomy":"product_tag","embeddable":true,"href":"https:\/\/stylingagenten.com\/no\/wp-json\/wp\/v2\/product_tag?post=376383"},{"taxonomy":"berocket_brand","embeddable":true,"href":"https:\/\/stylingagenten.com\/no\/wp-json\/wp\/v2\/berocket_brand?post=376383"}],"curies":[{"name":"wp","href":"https:\/\/api.w.org\/{rel}","templated":true}]}}