{"id":376367,"date":"2025-05-18T20:56:40","date_gmt":"2025-05-18T20:56:40","guid":{"rendered":"https:\/\/staging2.stylingagenten.com\/no\/produkt\/cuba-green-edt-100ml\/"},"modified":"2026-04-13T10:58:54","modified_gmt":"2026-04-13T10:58:54","slug":"cuba-green-edt-100ml","status":"publish","type":"product","link":"https:\/\/stylingagenten.com\/no\/produkt\/cuba-green-edt-100ml\/","title":{"rendered":"Cuba Green Edt 100ml"},"content":{"rendered":"<p>Cuba Green edt 100ml<br \/>Cuba Green er en maskulin duft som utstr\u00e5ler styrke. Treaktige toner er blandet med friske gr\u00f8nne toner og r\u00f8ykfylte, t\u00f8rre toner av vetiver. Bruk den gjerne p\u00e5 kvelden f\u00f8r du m\u00f8ter noen spesiell eller sprits p\u00e5 litt f\u00f8r kveldsturen.<\/p>\n","protected":false},"excerpt":{"rendered":"<p>Cuba Green edt 100mlCuba Green er en maskulin duft som utstr\u00e5ler styrke. Treaktige toner er blandet med friske gr\u00f8nne toner og r\u00f8ykfylte, t\u00f8rre toner av vetiver. Bruk den gjerne p\u00e5 kvelden f\u00f8r du m\u00f8ter noen spesiell eller sprits p\u00e5 litt f\u00f8r kveldsturen.<\/p>\n","protected":false},"featured_media":376366,"comment_status":"open","ping_status":"closed","template":"","meta":{"_trash_the_other_posts":false},"product_brand":[],"product_cat":[735,1000,535],"product_tag":[],"berocket_brand":[1213],"class_list":{"0":"post-376367","1":"product","2":"type-product","3":"status-publish","4":"has-post-thumbnail","6":"product_cat-kampanje","7":"product_cat-kampanjetilbud-for-ham","8":"product_cat-parfyme-menn","9":"pa_brand-cuba","10":"berocket_brand-cuba","12":"first","13":"instock","14":"sale","15":"taxable","16":"shipping-taxable","17":"purchasable","18":"product-type-simple"},"_links":{"self":[{"href":"https:\/\/stylingagenten.com\/no\/wp-json\/wp\/v2\/product\/376367","targetHints":{"allow":["GET"]}}],"collection":[{"href":"https:\/\/stylingagenten.com\/no\/wp-json\/wp\/v2\/product"}],"about":[{"href":"https:\/\/stylingagenten.com\/no\/wp-json\/wp\/v2\/types\/product"}],"replies":[{"embeddable":true,"href":"https:\/\/stylingagenten.com\/no\/wp-json\/wp\/v2\/comments?post=376367"}],"version-history":[{"count":0,"href":"https:\/\/stylingagenten.com\/no\/wp-json\/wp\/v2\/product\/376367\/revisions"}],"wp:featuredmedia":[{"embeddable":true,"href":"https:\/\/stylingagenten.com\/no\/wp-json\/wp\/v2\/media\/376366"}],"wp:attachment":[{"href":"https:\/\/stylingagenten.com\/no\/wp-json\/wp\/v2\/media?parent=376367"}],"wp:term":[{"taxonomy":"product_brand","embeddable":true,"href":"https:\/\/stylingagenten.com\/no\/wp-json\/wp\/v2\/product_brand?post=376367"},{"taxonomy":"product_cat","embeddable":true,"href":"https:\/\/stylingagenten.com\/no\/wp-json\/wp\/v2\/product_cat?post=376367"},{"taxonomy":"product_tag","embeddable":true,"href":"https:\/\/stylingagenten.com\/no\/wp-json\/wp\/v2\/product_tag?post=376367"},{"taxonomy":"berocket_brand","embeddable":true,"href":"https:\/\/stylingagenten.com\/no\/wp-json\/wp\/v2\/berocket_brand?post=376367"}],"curies":[{"name":"wp","href":"https:\/\/api.w.org\/{rel}","templated":true}]}}