{"id":376350,"date":"2025-05-18T20:56:36","date_gmt":"2025-05-18T20:56:36","guid":{"rendered":"https:\/\/staging2.stylingagenten.com\/no\/produkt\/cacharel-pour-lhomme-edt-100ml\/"},"modified":"2026-04-12T10:58:36","modified_gmt":"2026-04-12T10:58:36","slug":"cacharel-pour-lhomme-edt-100ml","status":"publish","type":"product","link":"https:\/\/stylingagenten.com\/no\/produkt\/cacharel-pour-lhomme-edt-100ml\/","title":{"rendered":"Cacharel Pour L&#8217;Homme Edt 100ml"},"content":{"rendered":"<p>Cacharel Pour L&#8217;Homme Edt 100ml<br \/>Cacharel Pour Homme eau de toilette 100ml er den ultimate duften for den moderne mannen. Med en unik og forf\u00f8rende blanding av aromatiske toner av lavendel, mynte og koriander, gir denne duften en frisk og maskulin f\u00f8lelse som varer hele dagen. Den elegante flasken inneholder en h\u00f8y konsentrasjon av naturlige ingredienser som holder duften sterk og intens hele dagen. Cacharel Pour Homme eau de toilette 100ml er et must for alle menn som \u00f8nsker \u00e5 f\u00f8le seg trygge og attraktive<br \/>Cacharel Pour Homme er en klassisk duft for menn fra Cacharel lansert i 1981. Denne parfymen er en tidl\u00f8s klassiker som fortsetter \u00e5 v\u00e6re popul\u00e6r blant menn i alle aldre.<br \/>Duftnoter<br \/>\u2022Toppnoter: Muskat, lavendel, salvie og bergamot<br \/>\u2022Hjertenoter: Cyclamen, Nellik, Jasmin, Ylang-Ylang, Lily of the Valley og Geranium<br \/>\u2022Basenoter: Furu, Amber, Sandeltre, Musk, Eikemose, Cedarwood og Vetiver<\/p>\n","protected":false},"excerpt":{"rendered":"<p>Cacharel Pour L&#8217;Homme Edt 100mlCacharel Pour Homme eau de toilette 100ml er den ultimate duften for den moderne mannen. Med en unik og forf\u00f8rende blanding av aromatiske toner av lavendel, mynte og koriander, gir denne duften en frisk og maskulin f\u00f8lelse som varer hele dagen. Den elegante flasken inneholder en h\u00f8y konsentrasjon av naturlige ingredienser [&hellip;]<\/p>\n","protected":false},"featured_media":376344,"comment_status":"open","ping_status":"closed","template":"","meta":{"_trash_the_other_posts":false},"product_brand":[],"product_cat":[709,735,1006,1000,535],"product_tag":[2623],"berocket_brand":[1098],"class_list":{"0":"post-376350","1":"product","2":"type-product","3":"status-publish","4":"has-post-thumbnail","6":"product_cat-eau-de-toilette-herre","7":"product_cat-kampanje","8":"product_cat-kampanjepris","9":"product_cat-kampanjetilbud-for-ham","10":"product_cat-parfyme-menn","11":"product_tag-cacharel-pour-lhomme-edt","12":"pa_brand-cacharel","13":"pa_variant-100ml","14":"berocket_brand-cacharel","16":"first","17":"outofstock","18":"sale","19":"taxable","20":"shipping-taxable","21":"purchasable","22":"product-type-simple"},"_links":{"self":[{"href":"https:\/\/stylingagenten.com\/no\/wp-json\/wp\/v2\/product\/376350","targetHints":{"allow":["GET"]}}],"collection":[{"href":"https:\/\/stylingagenten.com\/no\/wp-json\/wp\/v2\/product"}],"about":[{"href":"https:\/\/stylingagenten.com\/no\/wp-json\/wp\/v2\/types\/product"}],"replies":[{"embeddable":true,"href":"https:\/\/stylingagenten.com\/no\/wp-json\/wp\/v2\/comments?post=376350"}],"version-history":[{"count":0,"href":"https:\/\/stylingagenten.com\/no\/wp-json\/wp\/v2\/product\/376350\/revisions"}],"wp:featuredmedia":[{"embeddable":true,"href":"https:\/\/stylingagenten.com\/no\/wp-json\/wp\/v2\/media\/376344"}],"wp:attachment":[{"href":"https:\/\/stylingagenten.com\/no\/wp-json\/wp\/v2\/media?parent=376350"}],"wp:term":[{"taxonomy":"product_brand","embeddable":true,"href":"https:\/\/stylingagenten.com\/no\/wp-json\/wp\/v2\/product_brand?post=376350"},{"taxonomy":"product_cat","embeddable":true,"href":"https:\/\/stylingagenten.com\/no\/wp-json\/wp\/v2\/product_cat?post=376350"},{"taxonomy":"product_tag","embeddable":true,"href":"https:\/\/stylingagenten.com\/no\/wp-json\/wp\/v2\/product_tag?post=376350"},{"taxonomy":"berocket_brand","embeddable":true,"href":"https:\/\/stylingagenten.com\/no\/wp-json\/wp\/v2\/berocket_brand?post=376350"}],"curies":[{"name":"wp","href":"https:\/\/api.w.org\/{rel}","templated":true}]}}