{"id":376339,"date":"2025-05-18T20:56:33","date_gmt":"2025-05-18T20:56:33","guid":{"rendered":"https:\/\/staging2.stylingagenten.com\/no\/produkt\/tom-ford-noir-edp-50ml\/"},"modified":"2026-04-08T15:27:41","modified_gmt":"2026-04-08T15:27:41","slug":"tom-ford-noir-edp-50ml","status":"publish","type":"product","link":"https:\/\/stylingagenten.com\/no\/produkt\/tom-ford-noir-edp-50ml\/","title":{"rendered":"Tom Ford Noir Edp 50ml"},"content":{"rendered":"<p>Tom Ford Noir edp 50ml<br \/>Sensuell. Elegant. Attraktivt. Tom Ford Noir Eau de Parfum er en sensuell duft av rav som fanger den maskuline dualiteten av \u00e5 v\u00e6re elegant og sensuell p\u00e5 samme tid. Skarpe og livlige toner i en perfekt duftsammensetning av maskuline blomsternoter og varme toner av l\u00e6r, rav og vanilje.<\/p>\n<p>Duftnoter: italiensk bergamott, sort pepper, muskatn\u00f8tt, bulgarsk rose, rav, vanilje<\/p>\n","protected":false},"excerpt":{"rendered":"<p>Tom Ford Noir edp 50mlSensuell. Elegant. Attraktivt. Tom Ford Noir Eau de Parfum er en sensuell duft av rav som fanger den maskuline dualiteten av \u00e5 v\u00e6re elegant og sensuell p\u00e5 samme tid. Skarpe og livlige toner i en perfekt duftsammensetning av maskuline blomsternoter og varme toner av l\u00e6r, rav og vanilje. Duftnoter: italiensk bergamott, [&hellip;]<\/p>\n","protected":false},"featured_media":376337,"comment_status":"open","ping_status":"closed","template":"","meta":{"_trash_the_other_posts":false},"product_brand":[],"product_cat":[1003,708,735,1006,1000,713],"product_tag":[],"berocket_brand":[1158],"class_list":{"0":"post-376339","1":"product","2":"type-product","3":"status-publish","4":"has-post-thumbnail","6":"product_cat-bestselgere","7":"product_cat-eau-de-parfum-herr","8":"product_cat-kampanje","9":"product_cat-kampanjepris","10":"product_cat-kampanjetilbud-for-ham","11":"product_cat-parfyme-unisex","12":"pa_brand-tom-ford","13":"berocket_brand-tom-ford","15":"first","16":"instock","17":"sale","18":"taxable","19":"shipping-taxable","20":"purchasable","21":"product-type-simple"},"_links":{"self":[{"href":"https:\/\/stylingagenten.com\/no\/wp-json\/wp\/v2\/product\/376339","targetHints":{"allow":["GET"]}}],"collection":[{"href":"https:\/\/stylingagenten.com\/no\/wp-json\/wp\/v2\/product"}],"about":[{"href":"https:\/\/stylingagenten.com\/no\/wp-json\/wp\/v2\/types\/product"}],"replies":[{"embeddable":true,"href":"https:\/\/stylingagenten.com\/no\/wp-json\/wp\/v2\/comments?post=376339"}],"version-history":[{"count":0,"href":"https:\/\/stylingagenten.com\/no\/wp-json\/wp\/v2\/product\/376339\/revisions"}],"wp:featuredmedia":[{"embeddable":true,"href":"https:\/\/stylingagenten.com\/no\/wp-json\/wp\/v2\/media\/376337"}],"wp:attachment":[{"href":"https:\/\/stylingagenten.com\/no\/wp-json\/wp\/v2\/media?parent=376339"}],"wp:term":[{"taxonomy":"product_brand","embeddable":true,"href":"https:\/\/stylingagenten.com\/no\/wp-json\/wp\/v2\/product_brand?post=376339"},{"taxonomy":"product_cat","embeddable":true,"href":"https:\/\/stylingagenten.com\/no\/wp-json\/wp\/v2\/product_cat?post=376339"},{"taxonomy":"product_tag","embeddable":true,"href":"https:\/\/stylingagenten.com\/no\/wp-json\/wp\/v2\/product_tag?post=376339"},{"taxonomy":"berocket_brand","embeddable":true,"href":"https:\/\/stylingagenten.com\/no\/wp-json\/wp\/v2\/berocket_brand?post=376339"}],"curies":[{"name":"wp","href":"https:\/\/api.w.org\/{rel}","templated":true}]}}