{"id":376314,"date":"2025-05-18T20:56:27","date_gmt":"2025-05-18T20:56:27","guid":{"rendered":"https:\/\/staging2.stylingagenten.com\/no\/produkt\/hugo-boss-boss-bottled-parfum-100ml\/"},"modified":"2026-04-12T09:58:38","modified_gmt":"2026-04-12T09:58:38","slug":"hugo-boss-boss-bottled-parfum-100ml","status":"publish","type":"product","link":"https:\/\/stylingagenten.com\/no\/produkt\/hugo-boss-boss-bottled-parfum-100ml\/","title":{"rendered":"Hugo Boss Boss Bottled Parfum 100ml"},"content":{"rendered":"<p>Hugo Boss Boss Bottled Parfum 100ml<br \/>\u00c5 v\u00e6re din egen BOSS er \u00e5 leve som en. \u00c5 v\u00e6re en mann som stoler p\u00e5 instinktene sine. Han venter ikke p\u00e5 at ting skal skje \u2013 han f\u00e5r dem til \u00e5 skje. Han tar kontroll over livet sitt fordi han vet at handling er veien videre. Styrken og karismaen som kommer av \u00e5 kjenne deg selv. Han er raffinert og hans varme er inspirerende. BOSS Bottled Parfum for Men gjenspeiler hans sterke holdning \u2013 en dyp duft som lokker med vakre toner av tre, rav, orris og fiken.<br \/>&#8211;<br \/>BOSS Bottled Parfum for Men er skapt av parfymer Annick M\u00e9nardo og Suzy Le Helley, og denne duften er den mest konsentrerte til dags dato i den ikoniske BOSS Bottled-duftserien. Denne treaktige eau de parfumen \u00e5pner med friske toner av mandarin og toner av krydret r\u00f8kelse. Boss-parfymen avsl\u00f8rer en fascinerende dybde og kraft med hjertenoter av orris og fiken, som gjenspeiler mannens sterke karisma. Duften avrundes med noter av sedertre og vegetabilsk l\u00e6r som gir duften varme, kraft og langvarig intensitet.<br \/>&#8211;<br \/>Den velkjente BOSS Bottled-flasken er lakkert i matt sort og den svarte korken har en vakker b\u00f8rstet finish. Flasken og den matte svarte boksen er preget med gullskrift som gjenspeiler denne dristige herreduften.<br \/>&#8211;<br \/>Duftnotater:<br \/>Toppnoter: Mandarin, Frankincense<br \/>Hjertenoter: Orris, Fig<br \/>Base Notater: sedertre, vegetabilsk sedertre<\/p>\n","protected":false},"excerpt":{"rendered":"<p>Hugo Boss Boss Bottled Parfum 100ml\u00c5 v\u00e6re din egen BOSS er \u00e5 leve som en. \u00c5 v\u00e6re en mann som stoler p\u00e5 instinktene sine. Han venter ikke p\u00e5 at ting skal skje \u2013 han f\u00e5r dem til \u00e5 skje. Han tar kontroll over livet sitt fordi han vet at handling er veien videre. Styrken og [&hellip;]<\/p>\n","protected":false},"featured_media":376306,"comment_status":"open","ping_status":"closed","template":"","meta":{"_trash_the_other_posts":false},"product_brand":[],"product_cat":[708,735,1006,1000,535],"product_tag":[2969],"berocket_brand":[1339],"class_list":{"0":"post-376314","1":"product","2":"type-product","3":"status-publish","4":"has-post-thumbnail","6":"product_cat-eau-de-parfum-herr","7":"product_cat-kampanje","8":"product_cat-kampanjepris","9":"product_cat-kampanjetilbud-for-ham","10":"product_cat-parfyme-menn","11":"product_tag-hugo-boss-boss-bottled-parfum","12":"pa_brand-hugo-boss","13":"pa_variant-100ml","14":"berocket_brand-hugo-boss","16":"first","17":"instock","18":"sale","19":"taxable","20":"shipping-taxable","21":"purchasable","22":"product-type-simple"},"_links":{"self":[{"href":"https:\/\/stylingagenten.com\/no\/wp-json\/wp\/v2\/product\/376314","targetHints":{"allow":["GET"]}}],"collection":[{"href":"https:\/\/stylingagenten.com\/no\/wp-json\/wp\/v2\/product"}],"about":[{"href":"https:\/\/stylingagenten.com\/no\/wp-json\/wp\/v2\/types\/product"}],"replies":[{"embeddable":true,"href":"https:\/\/stylingagenten.com\/no\/wp-json\/wp\/v2\/comments?post=376314"}],"version-history":[{"count":0,"href":"https:\/\/stylingagenten.com\/no\/wp-json\/wp\/v2\/product\/376314\/revisions"}],"wp:featuredmedia":[{"embeddable":true,"href":"https:\/\/stylingagenten.com\/no\/wp-json\/wp\/v2\/media\/376306"}],"wp:attachment":[{"href":"https:\/\/stylingagenten.com\/no\/wp-json\/wp\/v2\/media?parent=376314"}],"wp:term":[{"taxonomy":"product_brand","embeddable":true,"href":"https:\/\/stylingagenten.com\/no\/wp-json\/wp\/v2\/product_brand?post=376314"},{"taxonomy":"product_cat","embeddable":true,"href":"https:\/\/stylingagenten.com\/no\/wp-json\/wp\/v2\/product_cat?post=376314"},{"taxonomy":"product_tag","embeddable":true,"href":"https:\/\/stylingagenten.com\/no\/wp-json\/wp\/v2\/product_tag?post=376314"},{"taxonomy":"berocket_brand","embeddable":true,"href":"https:\/\/stylingagenten.com\/no\/wp-json\/wp\/v2\/berocket_brand?post=376314"}],"curies":[{"name":"wp","href":"https:\/\/api.w.org\/{rel}","templated":true}]}}