{"id":376293,"date":"2025-05-18T20:56:24","date_gmt":"2025-05-18T20:56:24","guid":{"rendered":"https:\/\/staging2.stylingagenten.com\/no\/produkt\/paco-rabanne-1-million-edt-15ml\/"},"modified":"2026-04-12T08:38:46","modified_gmt":"2026-04-12T08:38:46","slug":"paco-rabanne-1-million-edt-15ml","status":"publish","type":"product","link":"https:\/\/stylingagenten.com\/no\/produkt\/paco-rabanne-1-million-edt-15ml\/","title":{"rendered":"Paco Rabanne 1 Million Edt 15ml"},"content":{"rendered":"<p>1 Million fra Paco Rabanne er en sensuell og maskulin duft med en kul design. Duften \u00e5pner med friske noter av blodappelsin og mynte. Basen er sammensatt av amber og l\u00e6r. En eksplosiv og frisk duft som utstr\u00e5ler makt og luksus.<\/p>\n<p>Toppnoter \u2013 Blodappelsin, grapefrukt og mynte<br \/>\n<br \/>Mellomnoter \u2013 Rose, kanel og krydrede noter<br \/>\n<br \/>Basenoter \u2013 Lyst l\u00e6r, patchouli, amber og treaktige noter<\/p>\n<p>15ml<\/p>\n","protected":false},"excerpt":{"rendered":"<p>1 Million fra Paco Rabanne er en sensuell og maskulin duft med en kul design. Duften \u00e5pner med friske noter av blodappelsin og mynte. Basen er sammensatt av amber og l\u00e6r. En eksplosiv og frisk duft som utstr\u00e5ler makt og luksus. Toppnoter \u2013 Blodappelsin, grapefrukt og mynte Mellomnoter \u2013 Rose, kanel og krydrede noter Basenoter [&hellip;]<\/p>\n","protected":false},"featured_media":376289,"comment_status":"open","ping_status":"closed","template":"","meta":{"_trash_the_other_posts":false},"product_brand":[],"product_cat":[708,735,1000],"product_tag":[3731],"berocket_brand":[1048],"class_list":{"0":"post-376293","1":"product","2":"type-product","3":"status-publish","4":"has-post-thumbnail","6":"product_cat-eau-de-parfum-herr","7":"product_cat-kampanje","8":"product_cat-kampanjetilbud-for-ham","9":"product_tag-paco-rabanne-1-million-edt","10":"pa_brand-paco-rabanne","11":"pa_variant-15ml","12":"berocket_brand-paco-rabanne","14":"first","15":"instock","16":"sale","17":"taxable","18":"shipping-taxable","19":"purchasable","20":"product-type-simple"},"_links":{"self":[{"href":"https:\/\/stylingagenten.com\/no\/wp-json\/wp\/v2\/product\/376293","targetHints":{"allow":["GET"]}}],"collection":[{"href":"https:\/\/stylingagenten.com\/no\/wp-json\/wp\/v2\/product"}],"about":[{"href":"https:\/\/stylingagenten.com\/no\/wp-json\/wp\/v2\/types\/product"}],"replies":[{"embeddable":true,"href":"https:\/\/stylingagenten.com\/no\/wp-json\/wp\/v2\/comments?post=376293"}],"version-history":[{"count":0,"href":"https:\/\/stylingagenten.com\/no\/wp-json\/wp\/v2\/product\/376293\/revisions"}],"wp:featuredmedia":[{"embeddable":true,"href":"https:\/\/stylingagenten.com\/no\/wp-json\/wp\/v2\/media\/376289"}],"wp:attachment":[{"href":"https:\/\/stylingagenten.com\/no\/wp-json\/wp\/v2\/media?parent=376293"}],"wp:term":[{"taxonomy":"product_brand","embeddable":true,"href":"https:\/\/stylingagenten.com\/no\/wp-json\/wp\/v2\/product_brand?post=376293"},{"taxonomy":"product_cat","embeddable":true,"href":"https:\/\/stylingagenten.com\/no\/wp-json\/wp\/v2\/product_cat?post=376293"},{"taxonomy":"product_tag","embeddable":true,"href":"https:\/\/stylingagenten.com\/no\/wp-json\/wp\/v2\/product_tag?post=376293"},{"taxonomy":"berocket_brand","embeddable":true,"href":"https:\/\/stylingagenten.com\/no\/wp-json\/wp\/v2\/berocket_brand?post=376293"}],"curies":[{"name":"wp","href":"https:\/\/api.w.org\/{rel}","templated":true}]}}