{"id":376290,"date":"2025-05-18T20:56:23","date_gmt":"2025-05-18T20:56:23","guid":{"rendered":"https:\/\/staging2.stylingagenten.com\/no\/produkt\/lattafa-asdaaf-ameer-al-arab-imperium-edp-100ml\/"},"modified":"2026-03-14T20:27:40","modified_gmt":"2026-03-14T20:27:40","slug":"lattafa-asdaaf-ameer-al-arab-imperium-edp-100ml","status":"publish","type":"product","link":"https:\/\/stylingagenten.com\/no\/produkt\/lattafa-asdaaf-ameer-al-arab-imperium-edp-100ml\/","title":{"rendered":"Lattafa Asdaaf Ameer Al Arab Imperium Edp 100ml"},"content":{"rendered":"<p>Oppdag den fengslende tiltrekningen av Ameer Al Arab Imperium fra Lattafa. Denne uts\u00f8kte duften begynner med den oppfriskende friskheten av bergamot, salvie og ingef\u00e6r, og skaper en energisk introduksjon som vekker sansene. I hjertet avsl\u00f8rer duften en sofistikert blanding av geranium, cashmeran og eple, noe som gir komposisjonen dybde og eleganse. N\u00e5r den setter seg, gir basenotene av rav, sandeltre og musk en varm og sensuell avslutning, og omfavner deg i en tr\u00f8stende og tiltrekkende omfavnelse. Ameer Al Arab Imperium er en perfekt harmoni av friskhet, dybde og varme, og gj\u00f8r det til en virkelig uforglemmelig opplevelse.<\/p>\n<p>Toppnoter: Kanel og Bittermandel<br \/>\n<br \/>Hjertenoter: Jasmin, Pomarose og Akigalawood<br \/>\n<br \/>Basenoter: Vanilje Absolute, Rav og Tonkab\u00f8nne<\/p>\n<p>100ml<\/p>\n","protected":false},"excerpt":{"rendered":"<p>Oppdag den fengslende tiltrekningen av Ameer Al Arab Imperium fra Lattafa. Denne uts\u00f8kte duften begynner med den oppfriskende friskheten av bergamot, salvie og ingef\u00e6r, og skaper en energisk introduksjon som vekker sansene. I hjertet avsl\u00f8rer duften en sofistikert blanding av geranium, cashmeran og eple, noe som gir komposisjonen dybde og eleganse. N\u00e5r den setter seg, [&hellip;]<\/p>\n","protected":false},"featured_media":376283,"comment_status":"open","ping_status":"closed","template":"","meta":{"_trash_the_other_posts":false},"product_brand":[],"product_cat":[729,735,1000],"product_tag":[],"berocket_brand":[1414],"class_list":{"0":"post-376290","1":"product","2":"type-product","3":"status-publish","4":"has-post-thumbnail","6":"product_cat-eau-de-parfum-unisex","7":"product_cat-kampanje","8":"product_cat-kampanjetilbud-for-ham","9":"pa_brand-lattafa","10":"berocket_brand-lattafa","12":"first","13":"instock","14":"sale","15":"taxable","16":"shipping-taxable","17":"purchasable","18":"product-type-simple"},"_links":{"self":[{"href":"https:\/\/stylingagenten.com\/no\/wp-json\/wp\/v2\/product\/376290","targetHints":{"allow":["GET"]}}],"collection":[{"href":"https:\/\/stylingagenten.com\/no\/wp-json\/wp\/v2\/product"}],"about":[{"href":"https:\/\/stylingagenten.com\/no\/wp-json\/wp\/v2\/types\/product"}],"replies":[{"embeddable":true,"href":"https:\/\/stylingagenten.com\/no\/wp-json\/wp\/v2\/comments?post=376290"}],"version-history":[{"count":0,"href":"https:\/\/stylingagenten.com\/no\/wp-json\/wp\/v2\/product\/376290\/revisions"}],"wp:featuredmedia":[{"embeddable":true,"href":"https:\/\/stylingagenten.com\/no\/wp-json\/wp\/v2\/media\/376283"}],"wp:attachment":[{"href":"https:\/\/stylingagenten.com\/no\/wp-json\/wp\/v2\/media?parent=376290"}],"wp:term":[{"taxonomy":"product_brand","embeddable":true,"href":"https:\/\/stylingagenten.com\/no\/wp-json\/wp\/v2\/product_brand?post=376290"},{"taxonomy":"product_cat","embeddable":true,"href":"https:\/\/stylingagenten.com\/no\/wp-json\/wp\/v2\/product_cat?post=376290"},{"taxonomy":"product_tag","embeddable":true,"href":"https:\/\/stylingagenten.com\/no\/wp-json\/wp\/v2\/product_tag?post=376290"},{"taxonomy":"berocket_brand","embeddable":true,"href":"https:\/\/stylingagenten.com\/no\/wp-json\/wp\/v2\/berocket_brand?post=376290"}],"curies":[{"name":"wp","href":"https:\/\/api.w.org\/{rel}","templated":true}]}}