{"id":376282,"date":"2025-05-18T20:56:22","date_gmt":"2025-05-18T20:56:22","guid":{"rendered":"https:\/\/staging2.stylingagenten.com\/no\/produkt\/lattafa-fakhar-rose-edp-100ml\/"},"modified":"2026-04-10T06:48:39","modified_gmt":"2026-04-10T06:48:39","slug":"lattafa-fakhar-rose-edp-100ml","status":"publish","type":"product","link":"https:\/\/stylingagenten.com\/no\/produkt\/lattafa-fakhar-rose-edp-100ml\/","title":{"rendered":"Lattafa Fakhar Rose Edp 100ml"},"content":{"rendered":"<p>Lattafa Fakhar Lattafa Men eau de parfum for menn hjelper deg \u00e5 finne din indre maskulinitet, styrke og mot. Duften overrasker med sin maskulinitet og fremhever p\u00e5 en perfekt m\u00e5te din karakter i alle situasjoner.<\/p>\n<p>Toppnoter: Eple, Bergamot, Ingef\u00e6r<br \/>\n<br \/>Hjertenoter: Lavendel, Salvie, Einer, Pelargon<br \/>\n<br \/>Basenoter: Tonkab\u00f8nner, Amberwood, Sedertre, Vetiver<\/p>\n<p>100ml<\/p>\n","protected":false},"excerpt":{"rendered":"<p>Lattafa Fakhar Lattafa Men eau de parfum for menn hjelper deg \u00e5 finne din indre maskulinitet, styrke og mot. Duften overrasker med sin maskulinitet og fremhever p\u00e5 en perfekt m\u00e5te din karakter i alle situasjoner. Toppnoter: Eple, Bergamot, Ingef\u00e6r Hjertenoter: Lavendel, Salvie, Einer, Pelargon Basenoter: Tonkab\u00f8nner, Amberwood, Sedertre, Vetiver 100ml<\/p>\n","protected":false},"featured_media":376278,"comment_status":"open","ping_status":"closed","template":"","meta":{"_trash_the_other_posts":false},"product_brand":[],"product_cat":[708,735,1000],"product_tag":[],"berocket_brand":[1414],"class_list":{"0":"post-376282","1":"product","2":"type-product","3":"status-publish","4":"has-post-thumbnail","6":"product_cat-eau-de-parfum-herr","7":"product_cat-kampanje","8":"product_cat-kampanjetilbud-for-ham","9":"pa_brand-lattafa","10":"berocket_brand-lattafa","12":"first","13":"instock","14":"sale","15":"taxable","16":"shipping-taxable","17":"purchasable","18":"product-type-simple"},"_links":{"self":[{"href":"https:\/\/stylingagenten.com\/no\/wp-json\/wp\/v2\/product\/376282","targetHints":{"allow":["GET"]}}],"collection":[{"href":"https:\/\/stylingagenten.com\/no\/wp-json\/wp\/v2\/product"}],"about":[{"href":"https:\/\/stylingagenten.com\/no\/wp-json\/wp\/v2\/types\/product"}],"replies":[{"embeddable":true,"href":"https:\/\/stylingagenten.com\/no\/wp-json\/wp\/v2\/comments?post=376282"}],"version-history":[{"count":0,"href":"https:\/\/stylingagenten.com\/no\/wp-json\/wp\/v2\/product\/376282\/revisions"}],"wp:featuredmedia":[{"embeddable":true,"href":"https:\/\/stylingagenten.com\/no\/wp-json\/wp\/v2\/media\/376278"}],"wp:attachment":[{"href":"https:\/\/stylingagenten.com\/no\/wp-json\/wp\/v2\/media?parent=376282"}],"wp:term":[{"taxonomy":"product_brand","embeddable":true,"href":"https:\/\/stylingagenten.com\/no\/wp-json\/wp\/v2\/product_brand?post=376282"},{"taxonomy":"product_cat","embeddable":true,"href":"https:\/\/stylingagenten.com\/no\/wp-json\/wp\/v2\/product_cat?post=376282"},{"taxonomy":"product_tag","embeddable":true,"href":"https:\/\/stylingagenten.com\/no\/wp-json\/wp\/v2\/product_tag?post=376282"},{"taxonomy":"berocket_brand","embeddable":true,"href":"https:\/\/stylingagenten.com\/no\/wp-json\/wp\/v2\/berocket_brand?post=376282"}],"curies":[{"name":"wp","href":"https:\/\/api.w.org\/{rel}","templated":true}]}}