{"id":376266,"date":"2025-05-18T20:56:19","date_gmt":"2025-05-18T20:56:19","guid":{"rendered":"https:\/\/staging2.stylingagenten.com\/no\/produkt\/lattafa-sheikh-al-shuyukh-luxe-edition-edp-100ml\/"},"modified":"2026-03-15T23:57:42","modified_gmt":"2026-03-15T23:57:42","slug":"lattafa-sheikh-al-shuyukh-luxe-edition-edp-100ml","status":"publish","type":"product","link":"https:\/\/stylingagenten.com\/no\/produkt\/lattafa-sheikh-al-shuyukh-luxe-edition-edp-100ml\/","title":{"rendered":"Lattafa Sheikh Al Shuyukh Luxe Edition Edp 100ml"},"content":{"rendered":"<p>En ny dag, nye muligheter. Eau de Parfum Lattafa Sheikh Al Shuyukh Luxe Edition frisker opp sinnet og f\u00e5r deg til \u00e5 f\u00f8lge instinktene dine. Se frem til daglige eventyr.<\/p>\n<p>Toppnoter: Rose, Safran, Kanel<br \/>\n<br \/>Hjertenoter: Cola, Patchouli<br \/>\n<br \/>Basenoter: Treaktige noter, Vanilje, Amber, Ambroxan<\/p>\n<p>100ml<\/p>\n","protected":false},"excerpt":{"rendered":"<p>En ny dag, nye muligheter. Eau de Parfum Lattafa Sheikh Al Shuyukh Luxe Edition frisker opp sinnet og f\u00e5r deg til \u00e5 f\u00f8lge instinktene dine. Se frem til daglige eventyr. Toppnoter: Rose, Safran, Kanel Hjertenoter: Cola, Patchouli Basenoter: Treaktige noter, Vanilje, Amber, Ambroxan 100ml<\/p>\n","protected":false},"featured_media":376256,"comment_status":"open","ping_status":"closed","template":"","meta":{"_trash_the_other_posts":false},"product_brand":[],"product_cat":[729,735,1000],"product_tag":[],"berocket_brand":[1414],"class_list":{"0":"post-376266","1":"product","2":"type-product","3":"status-publish","4":"has-post-thumbnail","6":"product_cat-eau-de-parfum-unisex","7":"product_cat-kampanje","8":"product_cat-kampanjetilbud-for-ham","9":"pa_brand-lattafa","10":"berocket_brand-lattafa","12":"first","13":"instock","14":"sale","15":"taxable","16":"shipping-taxable","17":"purchasable","18":"product-type-simple"},"_links":{"self":[{"href":"https:\/\/stylingagenten.com\/no\/wp-json\/wp\/v2\/product\/376266","targetHints":{"allow":["GET"]}}],"collection":[{"href":"https:\/\/stylingagenten.com\/no\/wp-json\/wp\/v2\/product"}],"about":[{"href":"https:\/\/stylingagenten.com\/no\/wp-json\/wp\/v2\/types\/product"}],"replies":[{"embeddable":true,"href":"https:\/\/stylingagenten.com\/no\/wp-json\/wp\/v2\/comments?post=376266"}],"version-history":[{"count":0,"href":"https:\/\/stylingagenten.com\/no\/wp-json\/wp\/v2\/product\/376266\/revisions"}],"wp:featuredmedia":[{"embeddable":true,"href":"https:\/\/stylingagenten.com\/no\/wp-json\/wp\/v2\/media\/376256"}],"wp:attachment":[{"href":"https:\/\/stylingagenten.com\/no\/wp-json\/wp\/v2\/media?parent=376266"}],"wp:term":[{"taxonomy":"product_brand","embeddable":true,"href":"https:\/\/stylingagenten.com\/no\/wp-json\/wp\/v2\/product_brand?post=376266"},{"taxonomy":"product_cat","embeddable":true,"href":"https:\/\/stylingagenten.com\/no\/wp-json\/wp\/v2\/product_cat?post=376266"},{"taxonomy":"product_tag","embeddable":true,"href":"https:\/\/stylingagenten.com\/no\/wp-json\/wp\/v2\/product_tag?post=376266"},{"taxonomy":"berocket_brand","embeddable":true,"href":"https:\/\/stylingagenten.com\/no\/wp-json\/wp\/v2\/berocket_brand?post=376266"}],"curies":[{"name":"wp","href":"https:\/\/api.w.org\/{rel}","templated":true}]}}