{"id":376258,"date":"2025-05-18T20:56:18","date_gmt":"2025-05-18T20:56:18","guid":{"rendered":"https:\/\/staging2.stylingagenten.com\/no\/produkt\/lattafa-ekhtiari-edp-100ml\/"},"modified":"2026-03-24T23:27:37","modified_gmt":"2026-03-24T23:27:37","slug":"lattafa-ekhtiari-edp-100ml","status":"publish","type":"product","link":"https:\/\/stylingagenten.com\/no\/produkt\/lattafa-ekhtiari-edp-100ml\/","title":{"rendered":"Lattafa Ekhtiari Edp 100ml"},"content":{"rendered":"<p>Oppdag en verden av fortryllende dufter med Lattafa Perfumes Ekhtiari Eau de Parfum! Denne parfymen er en fest for sansene, med friske blomster- og tre-noter som danser p\u00e5 huden. Perfekt for den selvsikre og stilige, som \u00f8nsker \u00e5 etterlate et varig inntrykk!<\/p>\n<p>Toppnoter: Mandarin, Frukt<br \/>\n<br \/>Hjertenoter: Jasmin, Gardenia<br \/>\n<br \/>Basenoter: Musk, Vanilje, Tonkab\u00f8nne<\/p>\n<p>100ml<\/p>\n","protected":false},"excerpt":{"rendered":"<p>Oppdag en verden av fortryllende dufter med Lattafa Perfumes Ekhtiari Eau de Parfum! Denne parfymen er en fest for sansene, med friske blomster- og tre-noter som danser p\u00e5 huden. Perfekt for den selvsikre og stilige, som \u00f8nsker \u00e5 etterlate et varig inntrykk! Toppnoter: Mandarin, Frukt Hjertenoter: Jasmin, Gardenia Basenoter: Musk, Vanilje, Tonkab\u00f8nne 100ml<\/p>\n","protected":false},"featured_media":376251,"comment_status":"open","ping_status":"closed","template":"","meta":{"_trash_the_other_posts":false},"product_brand":[],"product_cat":[729,735,1000],"product_tag":[],"berocket_brand":[1414],"class_list":{"0":"post-376258","1":"product","2":"type-product","3":"status-publish","4":"has-post-thumbnail","6":"product_cat-eau-de-parfum-unisex","7":"product_cat-kampanje","8":"product_cat-kampanjetilbud-for-ham","9":"pa_brand-lattafa","10":"berocket_brand-lattafa","12":"first","13":"instock","14":"sale","15":"taxable","16":"shipping-taxable","17":"purchasable","18":"product-type-simple"},"_links":{"self":[{"href":"https:\/\/stylingagenten.com\/no\/wp-json\/wp\/v2\/product\/376258","targetHints":{"allow":["GET"]}}],"collection":[{"href":"https:\/\/stylingagenten.com\/no\/wp-json\/wp\/v2\/product"}],"about":[{"href":"https:\/\/stylingagenten.com\/no\/wp-json\/wp\/v2\/types\/product"}],"replies":[{"embeddable":true,"href":"https:\/\/stylingagenten.com\/no\/wp-json\/wp\/v2\/comments?post=376258"}],"version-history":[{"count":0,"href":"https:\/\/stylingagenten.com\/no\/wp-json\/wp\/v2\/product\/376258\/revisions"}],"wp:featuredmedia":[{"embeddable":true,"href":"https:\/\/stylingagenten.com\/no\/wp-json\/wp\/v2\/media\/376251"}],"wp:attachment":[{"href":"https:\/\/stylingagenten.com\/no\/wp-json\/wp\/v2\/media?parent=376258"}],"wp:term":[{"taxonomy":"product_brand","embeddable":true,"href":"https:\/\/stylingagenten.com\/no\/wp-json\/wp\/v2\/product_brand?post=376258"},{"taxonomy":"product_cat","embeddable":true,"href":"https:\/\/stylingagenten.com\/no\/wp-json\/wp\/v2\/product_cat?post=376258"},{"taxonomy":"product_tag","embeddable":true,"href":"https:\/\/stylingagenten.com\/no\/wp-json\/wp\/v2\/product_tag?post=376258"},{"taxonomy":"berocket_brand","embeddable":true,"href":"https:\/\/stylingagenten.com\/no\/wp-json\/wp\/v2\/berocket_brand?post=376258"}],"curies":[{"name":"wp","href":"https:\/\/api.w.org\/{rel}","templated":true}]}}