{"id":376228,"date":"2025-05-18T20:56:15","date_gmt":"2025-05-18T20:56:15","guid":{"rendered":"https:\/\/staging2.stylingagenten.com\/no\/produkt\/montblanc-explorer-platinum-edp-30ml\/"},"modified":"2026-03-11T21:53:29","modified_gmt":"2026-03-11T21:53:29","slug":"montblanc-explorer-platinum-edp-30ml","status":"publish","type":"product","link":"https:\/\/stylingagenten.com\/no\/produkt\/montblanc-explorer-platinum-edp-30ml\/","title":{"rendered":"Montblanc Explorer Platinum Edp 30ml"},"content":{"rendered":"<p>Montblanc Explorer Platinum EdP er en herreparfyme med gnistrende og skarpe gr\u00f8nne noter, inkludert sypress. Den inneholder ogs\u00e5 sensuell salvie. Helhetsinntrykket er luftig og kj\u00f8lig, og vekker assosiasjoner til sn\u00f8 og is. Kraftige noter av sedertre gir en treaktig karakter med innslag av rav.<\/p>\n<p>30ml<\/p>\n","protected":false},"excerpt":{"rendered":"<p>Montblanc Explorer Platinum EdP er en herreparfyme med gnistrende og skarpe gr\u00f8nne noter, inkludert sypress. Den inneholder ogs\u00e5 sensuell salvie. Helhetsinntrykket er luftig og kj\u00f8lig, og vekker assosiasjoner til sn\u00f8 og is. Kraftige noter av sedertre gir en treaktig karakter med innslag av rav. 30ml<\/p>\n","protected":false},"featured_media":376215,"comment_status":"open","ping_status":"closed","template":"","meta":{"_trash_the_other_posts":false},"product_brand":[],"product_cat":[708,735,1000],"product_tag":[3578],"berocket_brand":[1079],"class_list":{"0":"post-376228","1":"product","2":"type-product","3":"status-publish","4":"has-post-thumbnail","6":"product_cat-eau-de-parfum-herr","7":"product_cat-kampanje","8":"product_cat-kampanjetilbud-for-ham","9":"product_tag-montblanc-explorer-platinum-edp","10":"pa_brand-mont-blanc","11":"pa_variant-30ml","12":"berocket_brand-mont-blanc","14":"first","15":"instock","16":"sale","17":"taxable","18":"shipping-taxable","19":"purchasable","20":"product-type-simple"},"_links":{"self":[{"href":"https:\/\/stylingagenten.com\/no\/wp-json\/wp\/v2\/product\/376228","targetHints":{"allow":["GET"]}}],"collection":[{"href":"https:\/\/stylingagenten.com\/no\/wp-json\/wp\/v2\/product"}],"about":[{"href":"https:\/\/stylingagenten.com\/no\/wp-json\/wp\/v2\/types\/product"}],"replies":[{"embeddable":true,"href":"https:\/\/stylingagenten.com\/no\/wp-json\/wp\/v2\/comments?post=376228"}],"version-history":[{"count":0,"href":"https:\/\/stylingagenten.com\/no\/wp-json\/wp\/v2\/product\/376228\/revisions"}],"wp:featuredmedia":[{"embeddable":true,"href":"https:\/\/stylingagenten.com\/no\/wp-json\/wp\/v2\/media\/376215"}],"wp:attachment":[{"href":"https:\/\/stylingagenten.com\/no\/wp-json\/wp\/v2\/media?parent=376228"}],"wp:term":[{"taxonomy":"product_brand","embeddable":true,"href":"https:\/\/stylingagenten.com\/no\/wp-json\/wp\/v2\/product_brand?post=376228"},{"taxonomy":"product_cat","embeddable":true,"href":"https:\/\/stylingagenten.com\/no\/wp-json\/wp\/v2\/product_cat?post=376228"},{"taxonomy":"product_tag","embeddable":true,"href":"https:\/\/stylingagenten.com\/no\/wp-json\/wp\/v2\/product_tag?post=376228"},{"taxonomy":"berocket_brand","embeddable":true,"href":"https:\/\/stylingagenten.com\/no\/wp-json\/wp\/v2\/berocket_brand?post=376228"}],"curies":[{"name":"wp","href":"https:\/\/api.w.org\/{rel}","templated":true}]}}