{"id":376226,"date":"2025-05-18T20:56:14","date_gmt":"2025-05-18T20:56:14","guid":{"rendered":"https:\/\/staging2.stylingagenten.com\/no\/produkt\/calvin-klein-eternity-for-men-cologne-edt-100ml\/"},"modified":"2026-04-08T19:58:32","modified_gmt":"2026-04-08T19:58:32","slug":"calvin-klein-eternity-for-men-cologne-edt-100ml","status":"publish","type":"product","link":"https:\/\/stylingagenten.com\/no\/produkt\/calvin-klein-eternity-for-men-cologne-edt-100ml\/","title":{"rendered":"Calvin Klein Eternity for Men Cologne Edt 100ml"},"content":{"rendered":"<p>Opplev en tidl\u00f8s duft med Calvin Klein Eternity For Men Cologne! Den friske kombinasjonen av sitrus og krydder vekker sansene dine, mens de elegante bunnotene av tre og musk gir en sofistikert f\u00f8lelse. Perfekt for den moderne mannen som \u00f8nsker \u00e5 skille seg ut.<\/p>\n<p>Toppnoter: Ingef\u00e6r, Gr\u00f8nne noter, Appelsin<br \/>\n<br \/>Hjertenoter: Eineb\u00e6r, Kokosvann, Lavendel<br \/>\n<br \/>Bunnoter: Amber, Vetiver, Sedertre<\/p>\n<p>100ml<\/p>\n","protected":false},"excerpt":{"rendered":"<p>Opplev en tidl\u00f8s duft med Calvin Klein Eternity For Men Cologne! Den friske kombinasjonen av sitrus og krydder vekker sansene dine, mens de elegante bunnotene av tre og musk gir en sofistikert f\u00f8lelse. Perfekt for den moderne mannen som \u00f8nsker \u00e5 skille seg ut. Toppnoter: Ingef\u00e6r, Gr\u00f8nne noter, Appelsin Hjertenoter: Eineb\u00e6r, Kokosvann, Lavendel Bunnoter: Amber, [&hellip;]<\/p>\n","protected":false},"featured_media":376209,"comment_status":"open","ping_status":"closed","template":"","meta":{"_trash_the_other_posts":false},"product_brand":[],"product_cat":[710,735,1000],"product_tag":[],"berocket_brand":[1014],"class_list":{"0":"post-376226","1":"product","2":"type-product","3":"status-publish","4":"has-post-thumbnail","6":"product_cat-eau-de-cologne-herr","7":"product_cat-kampanje","8":"product_cat-kampanjetilbud-for-ham","9":"pa_brand-calvin-klein","10":"berocket_brand-calvin-klein","12":"first","13":"instock","14":"sale","15":"taxable","16":"shipping-taxable","17":"purchasable","18":"product-type-simple"},"_links":{"self":[{"href":"https:\/\/stylingagenten.com\/no\/wp-json\/wp\/v2\/product\/376226","targetHints":{"allow":["GET"]}}],"collection":[{"href":"https:\/\/stylingagenten.com\/no\/wp-json\/wp\/v2\/product"}],"about":[{"href":"https:\/\/stylingagenten.com\/no\/wp-json\/wp\/v2\/types\/product"}],"replies":[{"embeddable":true,"href":"https:\/\/stylingagenten.com\/no\/wp-json\/wp\/v2\/comments?post=376226"}],"version-history":[{"count":0,"href":"https:\/\/stylingagenten.com\/no\/wp-json\/wp\/v2\/product\/376226\/revisions"}],"wp:featuredmedia":[{"embeddable":true,"href":"https:\/\/stylingagenten.com\/no\/wp-json\/wp\/v2\/media\/376209"}],"wp:attachment":[{"href":"https:\/\/stylingagenten.com\/no\/wp-json\/wp\/v2\/media?parent=376226"}],"wp:term":[{"taxonomy":"product_brand","embeddable":true,"href":"https:\/\/stylingagenten.com\/no\/wp-json\/wp\/v2\/product_brand?post=376226"},{"taxonomy":"product_cat","embeddable":true,"href":"https:\/\/stylingagenten.com\/no\/wp-json\/wp\/v2\/product_cat?post=376226"},{"taxonomy":"product_tag","embeddable":true,"href":"https:\/\/stylingagenten.com\/no\/wp-json\/wp\/v2\/product_tag?post=376226"},{"taxonomy":"berocket_brand","embeddable":true,"href":"https:\/\/stylingagenten.com\/no\/wp-json\/wp\/v2\/berocket_brand?post=376226"}],"curies":[{"name":"wp","href":"https:\/\/api.w.org\/{rel}","templated":true}]}}