{"id":376194,"date":"2025-05-18T20:56:10","date_gmt":"2025-05-18T20:56:10","guid":{"rendered":"https:\/\/staging2.stylingagenten.com\/no\/produkt\/ford-mustang-green-for-men-edt-100ml\/"},"modified":"2026-04-08T15:30:54","modified_gmt":"2026-04-08T15:30:54","slug":"ford-mustang-green-for-men-edt-100ml","status":"publish","type":"product","link":"https:\/\/stylingagenten.com\/no\/produkt\/ford-mustang-green-for-men-edt-100ml\/","title":{"rendered":"Ford Mustang Green For Men Edt 100ml"},"content":{"rendered":"<p>Uansett hvor h\u00f8ye m\u00e5l du har, vil ingen av dem v\u00e6re umulige med Mustang Green eau de toilette for menn. Noen f\u00e5 dr\u00e5per av denne duften gir deg mot til \u00e5 ta neste skritt mot dr\u00f8mmene dine!<br \/>\n<br \/>Toppnoter: Sitron, Granateple, Ananasblad<br \/>\n<br \/>Hjertenoter: Salvie, Krydder, Bj\u00f8rk<br \/>\n<br \/>Basenoter: Eikemose, L\u00e6r, Sedertre<\/p>\n<p>100ml<\/p>\n","protected":false},"excerpt":{"rendered":"<p>Uansett hvor h\u00f8ye m\u00e5l du har, vil ingen av dem v\u00e6re umulige med Mustang Green eau de toilette for menn. Noen f\u00e5 dr\u00e5per av denne duften gir deg mot til \u00e5 ta neste skritt mot dr\u00f8mmene dine! Toppnoter: Sitron, Granateple, Ananasblad Hjertenoter: Salvie, Krydder, Bj\u00f8rk Basenoter: Eikemose, L\u00e6r, Sedertre 100ml<\/p>\n","protected":false},"featured_media":376186,"comment_status":"open","ping_status":"closed","template":"","meta":{"_trash_the_other_posts":false},"product_brand":[],"product_cat":[709,735,1000],"product_tag":[],"berocket_brand":[1318],"class_list":{"0":"post-376194","1":"product","2":"type-product","3":"status-publish","4":"has-post-thumbnail","6":"product_cat-eau-de-toilette-herre","7":"product_cat-kampanje","8":"product_cat-kampanjetilbud-for-ham","9":"pa_brand-ford-mustang","10":"berocket_brand-ford-mustang","12":"first","13":"instock","14":"sale","15":"taxable","16":"shipping-taxable","17":"purchasable","18":"product-type-simple"},"_links":{"self":[{"href":"https:\/\/stylingagenten.com\/no\/wp-json\/wp\/v2\/product\/376194","targetHints":{"allow":["GET"]}}],"collection":[{"href":"https:\/\/stylingagenten.com\/no\/wp-json\/wp\/v2\/product"}],"about":[{"href":"https:\/\/stylingagenten.com\/no\/wp-json\/wp\/v2\/types\/product"}],"replies":[{"embeddable":true,"href":"https:\/\/stylingagenten.com\/no\/wp-json\/wp\/v2\/comments?post=376194"}],"version-history":[{"count":0,"href":"https:\/\/stylingagenten.com\/no\/wp-json\/wp\/v2\/product\/376194\/revisions"}],"wp:featuredmedia":[{"embeddable":true,"href":"https:\/\/stylingagenten.com\/no\/wp-json\/wp\/v2\/media\/376186"}],"wp:attachment":[{"href":"https:\/\/stylingagenten.com\/no\/wp-json\/wp\/v2\/media?parent=376194"}],"wp:term":[{"taxonomy":"product_brand","embeddable":true,"href":"https:\/\/stylingagenten.com\/no\/wp-json\/wp\/v2\/product_brand?post=376194"},{"taxonomy":"product_cat","embeddable":true,"href":"https:\/\/stylingagenten.com\/no\/wp-json\/wp\/v2\/product_cat?post=376194"},{"taxonomy":"product_tag","embeddable":true,"href":"https:\/\/stylingagenten.com\/no\/wp-json\/wp\/v2\/product_tag?post=376194"},{"taxonomy":"berocket_brand","embeddable":true,"href":"https:\/\/stylingagenten.com\/no\/wp-json\/wp\/v2\/berocket_brand?post=376194"}],"curies":[{"name":"wp","href":"https:\/\/api.w.org\/{rel}","templated":true}]}}