{"id":376182,"date":"2025-05-18T20:56:09","date_gmt":"2025-05-18T20:56:09","guid":{"rendered":"https:\/\/staging2.stylingagenten.com\/no\/produkt\/david-beckham-classic-blue-edt-100ml\/"},"modified":"2026-04-14T03:48:31","modified_gmt":"2026-04-14T03:48:31","slug":"david-beckham-classic-blue-edt-100ml","status":"publish","type":"product","link":"https:\/\/stylingagenten.com\/no\/produkt\/david-beckham-classic-blue-edt-100ml\/","title":{"rendered":"David Beckham Classic Blue Edt 100ml"},"content":{"rendered":"<p>David Beckham Fragrances presenterer Classic Blue \u2013 en tidl\u00f8s Eau de Toilette for menn med en frisk vri. Den kan b\u00e6res b\u00e5de til hverdags og fest. Denne sprudlende herreduften er inspirert av David Beckhams autentiske reiser, livsstil og verdier.<\/p>\n<p>Den \u00e5pner med en fruktig eksplosjon av frisk grapefrukt og saftig ananas, kombinert med fiolblad. Hjertenoten lokker med en aromatisk blanding av frisk salvie og geranium, som f\u00e5r vakkert motspill av friske, gr\u00f8nne epler. Varm cashmeran, patchouli og mose gir Classic Blue sin elegante signatur.<\/p>\n<p>Selve duften i denne David Beckham Eau de Toilette har en vakker himmelbl\u00e5 farge og presenteres i en sofistikert, m\u00f8nstret glassflaske med en elegant, metallbl\u00e5 kork. Classic Collection er en uimotst\u00e5elig tolkning av klassikernes styrke: Hver duft er laget med n\u00f8ye utvalgte ingredienser som har bevist sin verdi gjennom tidene.<\/p>\n<p>100ml<\/p>\n","protected":false},"excerpt":{"rendered":"<p>David Beckham Fragrances presenterer Classic Blue \u2013 en tidl\u00f8s Eau de Toilette for menn med en frisk vri. Den kan b\u00e6res b\u00e5de til hverdags og fest. Denne sprudlende herreduften er inspirert av David Beckhams autentiske reiser, livsstil og verdier. Den \u00e5pner med en fruktig eksplosjon av frisk grapefrukt og saftig ananas, kombinert med fiolblad. Hjertenoten [&hellip;]<\/p>\n","protected":false},"featured_media":376168,"comment_status":"open","ping_status":"closed","template":"","meta":{"_trash_the_other_posts":false},"product_brand":[],"product_cat":[709],"product_tag":[2762],"berocket_brand":[1281],"class_list":{"0":"post-376182","1":"product","2":"type-product","3":"status-publish","4":"has-post-thumbnail","6":"product_cat-eau-de-toilette-herre","7":"product_tag-david-beckham-classic-blue-edt","8":"pa_brand-david-beckham","9":"pa_variant-100ml","10":"berocket_brand-david-beckham","12":"first","13":"instock","14":"sale","15":"taxable","16":"shipping-taxable","17":"purchasable","18":"product-type-simple"},"_links":{"self":[{"href":"https:\/\/stylingagenten.com\/no\/wp-json\/wp\/v2\/product\/376182","targetHints":{"allow":["GET"]}}],"collection":[{"href":"https:\/\/stylingagenten.com\/no\/wp-json\/wp\/v2\/product"}],"about":[{"href":"https:\/\/stylingagenten.com\/no\/wp-json\/wp\/v2\/types\/product"}],"replies":[{"embeddable":true,"href":"https:\/\/stylingagenten.com\/no\/wp-json\/wp\/v2\/comments?post=376182"}],"version-history":[{"count":0,"href":"https:\/\/stylingagenten.com\/no\/wp-json\/wp\/v2\/product\/376182\/revisions"}],"wp:featuredmedia":[{"embeddable":true,"href":"https:\/\/stylingagenten.com\/no\/wp-json\/wp\/v2\/media\/376168"}],"wp:attachment":[{"href":"https:\/\/stylingagenten.com\/no\/wp-json\/wp\/v2\/media?parent=376182"}],"wp:term":[{"taxonomy":"product_brand","embeddable":true,"href":"https:\/\/stylingagenten.com\/no\/wp-json\/wp\/v2\/product_brand?post=376182"},{"taxonomy":"product_cat","embeddable":true,"href":"https:\/\/stylingagenten.com\/no\/wp-json\/wp\/v2\/product_cat?post=376182"},{"taxonomy":"product_tag","embeddable":true,"href":"https:\/\/stylingagenten.com\/no\/wp-json\/wp\/v2\/product_tag?post=376182"},{"taxonomy":"berocket_brand","embeddable":true,"href":"https:\/\/stylingagenten.com\/no\/wp-json\/wp\/v2\/berocket_brand?post=376182"}],"curies":[{"name":"wp","href":"https:\/\/api.w.org\/{rel}","templated":true}]}}