{"id":376173,"date":"2025-05-18T20:56:07","date_gmt":"2025-05-18T20:56:07","guid":{"rendered":"https:\/\/staging2.stylingagenten.com\/no\/produkt\/ford-mustang-blue-for-men-edt-100ml\/"},"modified":"2026-04-08T15:30:29","modified_gmt":"2026-04-08T15:30:29","slug":"ford-mustang-blue-for-men-edt-100ml","status":"publish","type":"product","link":"https:\/\/stylingagenten.com\/no\/produkt\/ford-mustang-blue-for-men-edt-100ml\/","title":{"rendered":"Ford Mustang Blue For Men Edt 100ml"},"content":{"rendered":"<p>Vi presenterer Mustang Blue, en fengslende duft designet eksklusivt for menn. Med en eksepsjonell blanding av aromatiske noter lover Mustang Blue \u00e5 gj\u00f8re et varig inntrykk, uansett anledning.<br \/>\n<br \/>Denne tidl\u00f8se duften \u00e5pner med forfriskende toppnoter av saftig bergamott, frisk sitron og syrlig mynte. N\u00e5r duften utvikler seg, tar et energigivende hjerte av lavendel, krydret basilikum og spr\u00f8tt gr\u00f8nt eple plass, som fortryller sansene og tilf\u00f8rer en touch av eleganse. Til slutt avrundes duften med basenoter av varm amber, jordn\u00e6r sedertre og sensuell musk, som etterlater et forf\u00f8rende og langvarig spor.<\/p>\n<p>100ml<\/p>\n","protected":false},"excerpt":{"rendered":"<p>Vi presenterer Mustang Blue, en fengslende duft designet eksklusivt for menn. Med en eksepsjonell blanding av aromatiske noter lover Mustang Blue \u00e5 gj\u00f8re et varig inntrykk, uansett anledning. Denne tidl\u00f8se duften \u00e5pner med forfriskende toppnoter av saftig bergamott, frisk sitron og syrlig mynte. N\u00e5r duften utvikler seg, tar et energigivende hjerte av lavendel, krydret basilikum [&hellip;]<\/p>\n","protected":false},"featured_media":376167,"comment_status":"open","ping_status":"closed","template":"","meta":{"_trash_the_other_posts":false},"product_brand":[],"product_cat":[709,735,1000],"product_tag":[],"berocket_brand":[1318],"class_list":{"0":"post-376173","1":"product","2":"type-product","3":"status-publish","4":"has-post-thumbnail","6":"product_cat-eau-de-toilette-herre","7":"product_cat-kampanje","8":"product_cat-kampanjetilbud-for-ham","9":"pa_brand-ford-mustang","10":"berocket_brand-ford-mustang","12":"first","13":"instock","14":"sale","15":"taxable","16":"shipping-taxable","17":"purchasable","18":"product-type-simple"},"_links":{"self":[{"href":"https:\/\/stylingagenten.com\/no\/wp-json\/wp\/v2\/product\/376173","targetHints":{"allow":["GET"]}}],"collection":[{"href":"https:\/\/stylingagenten.com\/no\/wp-json\/wp\/v2\/product"}],"about":[{"href":"https:\/\/stylingagenten.com\/no\/wp-json\/wp\/v2\/types\/product"}],"replies":[{"embeddable":true,"href":"https:\/\/stylingagenten.com\/no\/wp-json\/wp\/v2\/comments?post=376173"}],"version-history":[{"count":0,"href":"https:\/\/stylingagenten.com\/no\/wp-json\/wp\/v2\/product\/376173\/revisions"}],"wp:featuredmedia":[{"embeddable":true,"href":"https:\/\/stylingagenten.com\/no\/wp-json\/wp\/v2\/media\/376167"}],"wp:attachment":[{"href":"https:\/\/stylingagenten.com\/no\/wp-json\/wp\/v2\/media?parent=376173"}],"wp:term":[{"taxonomy":"product_brand","embeddable":true,"href":"https:\/\/stylingagenten.com\/no\/wp-json\/wp\/v2\/product_brand?post=376173"},{"taxonomy":"product_cat","embeddable":true,"href":"https:\/\/stylingagenten.com\/no\/wp-json\/wp\/v2\/product_cat?post=376173"},{"taxonomy":"product_tag","embeddable":true,"href":"https:\/\/stylingagenten.com\/no\/wp-json\/wp\/v2\/product_tag?post=376173"},{"taxonomy":"berocket_brand","embeddable":true,"href":"https:\/\/stylingagenten.com\/no\/wp-json\/wp\/v2\/berocket_brand?post=376173"}],"curies":[{"name":"wp","href":"https:\/\/api.w.org\/{rel}","templated":true}]}}