{"id":376165,"date":"2025-05-18T20:56:06","date_gmt":"2025-05-18T20:56:06","guid":{"rendered":"https:\/\/staging2.stylingagenten.com\/no\/produkt\/david-beckham-classic-homme-edt-100ml\/"},"modified":"2026-04-14T11:47:32","modified_gmt":"2026-04-14T11:47:32","slug":"david-beckham-classic-homme-edt-100ml","status":"publish","type":"product","link":"https:\/\/stylingagenten.com\/no\/produkt\/david-beckham-classic-homme-edt-100ml\/","title":{"rendered":"David Beckham Classic Homme Edt 100ml"},"content":{"rendered":"<p>David Beckham Fragrances presenterer Classic Homme \u2013 en moderne tolkning av en herreduft med en krydret vri. Bruk den med selvtillit ved alle anledninger. Classic Homme Eau de Toilette Spray er en lett krydret trefull duft med en aromatisk blanding av varme r\u00f8yktone og friske krydrede noter. Duften \u00e5pner med frisk rosa grapefrukt og rosmarin, med et hint av sterk pepper. Hjertenoten er en karakteristisk fusjon av cashmere, l\u00e6r og svart dahlia, som skaper en fyldig og maskulin duft, som fremheves av basenoten mahogni, patchouli og sensuell musk.<\/p>\n<p>Den unike sylindriske flasken er utsmykket med et vakkert fiskebensm\u00f8nster, og den elegante m\u00f8rkegr\u00e5 korken gir denne David Beckham Eau de Toilette-designet et moderne og maskulint preg. Classic Collection er en uimotst\u00e5elig tolkning av klassikernes styrke: Hver duft er laget med n\u00f8ye utvalgte ingredienser som har bevist sin verdi gjennom tidene.<\/p>\n<p>100ml<\/p>\n","protected":false},"excerpt":{"rendered":"<p>David Beckham Fragrances presenterer Classic Homme \u2013 en moderne tolkning av en herreduft med en krydret vri. Bruk den med selvtillit ved alle anledninger. Classic Homme Eau de Toilette Spray er en lett krydret trefull duft med en aromatisk blanding av varme r\u00f8yktone og friske krydrede noter. Duften \u00e5pner med frisk rosa grapefrukt og rosmarin, [&hellip;]<\/p>\n","protected":false},"featured_media":376145,"comment_status":"open","ping_status":"closed","template":"","meta":{"_trash_the_other_posts":false},"product_brand":[],"product_cat":[709,735,1000],"product_tag":[],"berocket_brand":[1281],"class_list":{"0":"post-376165","1":"product","2":"type-product","3":"status-publish","4":"has-post-thumbnail","6":"product_cat-eau-de-toilette-herre","7":"product_cat-kampanje","8":"product_cat-kampanjetilbud-for-ham","9":"pa_brand-david-beckham","10":"berocket_brand-david-beckham","12":"first","13":"instock","14":"sale","15":"taxable","16":"shipping-taxable","17":"purchasable","18":"product-type-simple"},"_links":{"self":[{"href":"https:\/\/stylingagenten.com\/no\/wp-json\/wp\/v2\/product\/376165","targetHints":{"allow":["GET"]}}],"collection":[{"href":"https:\/\/stylingagenten.com\/no\/wp-json\/wp\/v2\/product"}],"about":[{"href":"https:\/\/stylingagenten.com\/no\/wp-json\/wp\/v2\/types\/product"}],"replies":[{"embeddable":true,"href":"https:\/\/stylingagenten.com\/no\/wp-json\/wp\/v2\/comments?post=376165"}],"version-history":[{"count":0,"href":"https:\/\/stylingagenten.com\/no\/wp-json\/wp\/v2\/product\/376165\/revisions"}],"wp:featuredmedia":[{"embeddable":true,"href":"https:\/\/stylingagenten.com\/no\/wp-json\/wp\/v2\/media\/376145"}],"wp:attachment":[{"href":"https:\/\/stylingagenten.com\/no\/wp-json\/wp\/v2\/media?parent=376165"}],"wp:term":[{"taxonomy":"product_brand","embeddable":true,"href":"https:\/\/stylingagenten.com\/no\/wp-json\/wp\/v2\/product_brand?post=376165"},{"taxonomy":"product_cat","embeddable":true,"href":"https:\/\/stylingagenten.com\/no\/wp-json\/wp\/v2\/product_cat?post=376165"},{"taxonomy":"product_tag","embeddable":true,"href":"https:\/\/stylingagenten.com\/no\/wp-json\/wp\/v2\/product_tag?post=376165"},{"taxonomy":"berocket_brand","embeddable":true,"href":"https:\/\/stylingagenten.com\/no\/wp-json\/wp\/v2\/berocket_brand?post=376165"}],"curies":[{"name":"wp","href":"https:\/\/api.w.org\/{rel}","templated":true}]}}