{"id":376154,"date":"2025-05-18T20:56:05","date_gmt":"2025-05-18T20:56:05","guid":{"rendered":"https:\/\/staging2.stylingagenten.com\/no\/produkt\/cristiano-ronaldo-discover-edt-50ml\/"},"modified":"2026-03-11T21:54:18","modified_gmt":"2026-03-11T21:54:18","slug":"cristiano-ronaldo-discover-edt-50ml","status":"publish","type":"product","link":"https:\/\/stylingagenten.com\/no\/produkt\/cristiano-ronaldo-discover-edt-50ml\/","title":{"rendered":"Cristiano Ronaldo Discover Edt 50ml"},"content":{"rendered":"<p>Cristiano Ronaldo Discover Edt er en livlig, oppfriskende og dynamisk duft, laget for \u00e5 fange essensen av Cristiano Ronaldos dristige og eventyrlystne \u00e5nd. Denne fengslende duften markerer et nytt kapittel i Ronaldos reise og inviterer den moderne mannen til \u00e5 omfavne selvrealisering og eventyr. Duften \u00e5pner friskt og oppl\u00f8ftende med en trio av fersk sitrus, der appelsin, siciliansk sitron og mandarin flettes sammen for \u00e5 skape en livlig og stimulerende f\u00f8lelse. N\u00e5r duften utvikler seg, avsl\u00f8rer hjertet en harmonisk blanding av muskatellsalvia, petitgrain og lavandin som beriker duften med et sofistikert dybde. Til slutt gir noter av cistus, vetiver og patchouli en sterk og varig base, og etterlater et varig inntrykk.<\/p>\n<p>Toppnoter: Appelsin, siciliansk sitron, mandarin<\/p>\n<p>Hjerte-noter: Muskatellsalvia, petitgrain, lavandin<\/p>\n<p>Bunnnoter: Cistus, vetiver, patchouli<\/p>\n<p>50ml<\/p>\n","protected":false},"excerpt":{"rendered":"<p>Cristiano Ronaldo Discover Edt er en livlig, oppfriskende og dynamisk duft, laget for \u00e5 fange essensen av Cristiano Ronaldos dristige og eventyrlystne \u00e5nd. Denne fengslende duften markerer et nytt kapittel i Ronaldos reise og inviterer den moderne mannen til \u00e5 omfavne selvrealisering og eventyr. Duften \u00e5pner friskt og oppl\u00f8ftende med en trio av fersk sitrus, [&hellip;]<\/p>\n","protected":false},"featured_media":376134,"comment_status":"open","ping_status":"closed","template":"","meta":{"_trash_the_other_posts":false},"product_brand":[],"product_cat":[709,735,1000],"product_tag":[2746],"berocket_brand":[1141],"class_list":{"0":"post-376154","1":"product","2":"type-product","3":"status-publish","4":"has-post-thumbnail","6":"product_cat-eau-de-toilette-herre","7":"product_cat-kampanje","8":"product_cat-kampanjetilbud-for-ham","9":"product_tag-cristiano-ronaldo-discover-edt","10":"pa_brand-cristiano-ronaldo","11":"pa_variant-50ml","12":"berocket_brand-cristiano-ronaldo","14":"first","15":"instock","16":"sale","17":"taxable","18":"shipping-taxable","19":"purchasable","20":"product-type-simple"},"_links":{"self":[{"href":"https:\/\/stylingagenten.com\/no\/wp-json\/wp\/v2\/product\/376154","targetHints":{"allow":["GET"]}}],"collection":[{"href":"https:\/\/stylingagenten.com\/no\/wp-json\/wp\/v2\/product"}],"about":[{"href":"https:\/\/stylingagenten.com\/no\/wp-json\/wp\/v2\/types\/product"}],"replies":[{"embeddable":true,"href":"https:\/\/stylingagenten.com\/no\/wp-json\/wp\/v2\/comments?post=376154"}],"version-history":[{"count":0,"href":"https:\/\/stylingagenten.com\/no\/wp-json\/wp\/v2\/product\/376154\/revisions"}],"wp:featuredmedia":[{"embeddable":true,"href":"https:\/\/stylingagenten.com\/no\/wp-json\/wp\/v2\/media\/376134"}],"wp:attachment":[{"href":"https:\/\/stylingagenten.com\/no\/wp-json\/wp\/v2\/media?parent=376154"}],"wp:term":[{"taxonomy":"product_brand","embeddable":true,"href":"https:\/\/stylingagenten.com\/no\/wp-json\/wp\/v2\/product_brand?post=376154"},{"taxonomy":"product_cat","embeddable":true,"href":"https:\/\/stylingagenten.com\/no\/wp-json\/wp\/v2\/product_cat?post=376154"},{"taxonomy":"product_tag","embeddable":true,"href":"https:\/\/stylingagenten.com\/no\/wp-json\/wp\/v2\/product_tag?post=376154"},{"taxonomy":"berocket_brand","embeddable":true,"href":"https:\/\/stylingagenten.com\/no\/wp-json\/wp\/v2\/berocket_brand?post=376154"}],"curies":[{"name":"wp","href":"https:\/\/api.w.org\/{rel}","templated":true}]}}