{"id":376140,"date":"2025-05-18T20:56:03","date_gmt":"2025-05-18T20:56:03","guid":{"rendered":"https:\/\/staging2.stylingagenten.com\/no\/produkt\/creed-erolfa-edp-100ml\/"},"modified":"2026-03-11T22:01:57","modified_gmt":"2026-03-11T22:01:57","slug":"creed-erolfa-edp-100ml","status":"publish","type":"product","link":"https:\/\/stylingagenten.com\/no\/produkt\/creed-erolfa-edp-100ml\/","title":{"rendered":"Creed Erolfa Edp 100ml"},"content":{"rendered":"<p>Creed Erolfa Edp er en frisk og allsidig duft som kan brukes fra morgen til kveld. Bergamott, mandarin og basilikum pirrer sansene, mens sandeltre, sedertre og musk utgj\u00f8r basenotene i denne friske, blomstrende duften. Denne duften er like oppfriskende som beroligende og passer for alle \u00e5rstider.<\/p>\n<p>Toppnoter: Karve, Lime, Melon, Gr\u00f8nne noter, Fiol, Bergamott og Sitron.<br \/>\n<br \/>Hjertenoter: Syklamen, Furu, Ingef\u00e6r, Pepper, Jasmin, Muskat og Gr\u00f8nne noter.<br \/>\n<br \/>Basenoter: Sandeltre, Musk, Eikemose, Sedertre og Amber.<\/p>\n<p>100ml<\/p>\n","protected":false},"excerpt":{"rendered":"<p>Creed Erolfa Edp er en frisk og allsidig duft som kan brukes fra morgen til kveld. Bergamott, mandarin og basilikum pirrer sansene, mens sandeltre, sedertre og musk utgj\u00f8r basenotene i denne friske, blomstrende duften. Denne duften er like oppfriskende som beroligende og passer for alle \u00e5rstider. Toppnoter: Karve, Lime, Melon, Gr\u00f8nne noter, Fiol, Bergamott og [&hellip;]<\/p>\n","protected":false},"featured_media":376129,"comment_status":"open","ping_status":"closed","template":"","meta":{"_trash_the_other_posts":false},"product_brand":[],"product_cat":[708,735,1000],"product_tag":[],"berocket_brand":[1236],"class_list":{"0":"post-376140","1":"product","2":"type-product","3":"status-publish","4":"has-post-thumbnail","6":"product_cat-eau-de-parfum-herr","7":"product_cat-kampanje","8":"product_cat-kampanjetilbud-for-ham","9":"pa_brand-creed","10":"berocket_brand-creed","12":"first","13":"instock","14":"sale","15":"taxable","16":"shipping-taxable","17":"purchasable","18":"product-type-simple"},"_links":{"self":[{"href":"https:\/\/stylingagenten.com\/no\/wp-json\/wp\/v2\/product\/376140","targetHints":{"allow":["GET"]}}],"collection":[{"href":"https:\/\/stylingagenten.com\/no\/wp-json\/wp\/v2\/product"}],"about":[{"href":"https:\/\/stylingagenten.com\/no\/wp-json\/wp\/v2\/types\/product"}],"replies":[{"embeddable":true,"href":"https:\/\/stylingagenten.com\/no\/wp-json\/wp\/v2\/comments?post=376140"}],"version-history":[{"count":0,"href":"https:\/\/stylingagenten.com\/no\/wp-json\/wp\/v2\/product\/376140\/revisions"}],"wp:featuredmedia":[{"embeddable":true,"href":"https:\/\/stylingagenten.com\/no\/wp-json\/wp\/v2\/media\/376129"}],"wp:attachment":[{"href":"https:\/\/stylingagenten.com\/no\/wp-json\/wp\/v2\/media?parent=376140"}],"wp:term":[{"taxonomy":"product_brand","embeddable":true,"href":"https:\/\/stylingagenten.com\/no\/wp-json\/wp\/v2\/product_brand?post=376140"},{"taxonomy":"product_cat","embeddable":true,"href":"https:\/\/stylingagenten.com\/no\/wp-json\/wp\/v2\/product_cat?post=376140"},{"taxonomy":"product_tag","embeddable":true,"href":"https:\/\/stylingagenten.com\/no\/wp-json\/wp\/v2\/product_tag?post=376140"},{"taxonomy":"berocket_brand","embeddable":true,"href":"https:\/\/stylingagenten.com\/no\/wp-json\/wp\/v2\/berocket_brand?post=376140"}],"curies":[{"name":"wp","href":"https:\/\/api.w.org\/{rel}","templated":true}]}}