{"id":376132,"date":"2025-05-18T20:56:02","date_gmt":"2025-05-18T20:56:02","guid":{"rendered":"https:\/\/staging2.stylingagenten.com\/no\/produkt\/hugo-boss-boss-bottled-edp-100ml\/"},"modified":"2026-03-11T22:01:25","modified_gmt":"2026-03-11T22:01:25","slug":"hugo-boss-boss-bottled-edp-100ml","status":"publish","type":"product","link":"https:\/\/stylingagenten.com\/no\/produkt\/hugo-boss-boss-bottled-edp-100ml\/","title":{"rendered":"Hugo Boss Boss Bottled Edp 100ml"},"content":{"rendered":"<p>En intens og elegant maskulinitet skjuler seg i BOSS Bottled Eau de Parfum for Men. Denne edle komposisjonen, skapt for m\u00e5lbevisste og ambisi\u00f8se menn som er klare til \u00e5 m\u00f8te enhver utfordring, tilf\u00f8rer ny intensitet til varmen og livligheten som kjennetegner tidl\u00f8se BOSS Bottled. En eksplosjon av eple og bergamott, kombinert med essens av sort pepper, vekker sansene til liv. Deretter utvikler den krydrede hjertenoten seg, preget av varme og avhengighetsskapende kardemomme- og kaneloljer. M\u00f8rk vetiver og musk dominerer bunnoten, som sakte tar over og utstr\u00e5ler en kraftfull balanse mellom styrke og sofistikert raffinement, samtidig som den tilf\u00f8rer en r\u00f8ykfylt og l\u00e6raktig signatur.<\/p>\n<p>Toppnoter: Bergamott, Eple &amp; Sort Pepper<br \/>Hjertenoter: Kardemomme, Kanel &amp; Salvie<br \/>Bunnoter: Vetiver, Musk &amp; Oliventre<\/p>\n<p>100ml<\/p>\n","protected":false},"excerpt":{"rendered":"<p>En intens og elegant maskulinitet skjuler seg i BOSS Bottled Eau de Parfum for Men. Denne edle komposisjonen, skapt for m\u00e5lbevisste og ambisi\u00f8se menn som er klare til \u00e5 m\u00f8te enhver utfordring, tilf\u00f8rer ny intensitet til varmen og livligheten som kjennetegner tidl\u00f8se BOSS Bottled. En eksplosjon av eple og bergamott, kombinert med essens av sort [&hellip;]<\/p>\n","protected":false},"featured_media":376101,"comment_status":"open","ping_status":"closed","template":"","meta":{"_trash_the_other_posts":false},"product_brand":[],"product_cat":[708,735,1000],"product_tag":[2966],"berocket_brand":[1339],"class_list":{"0":"post-376132","1":"product","2":"type-product","3":"status-publish","4":"has-post-thumbnail","6":"product_cat-eau-de-parfum-herr","7":"product_cat-kampanje","8":"product_cat-kampanjetilbud-for-ham","9":"product_tag-hugo-boss-boss-bottled-edp","10":"pa_brand-hugo-boss","11":"pa_variant-100ml","12":"berocket_brand-hugo-boss","14":"first","15":"instock","16":"sale","17":"taxable","18":"shipping-taxable","19":"purchasable","20":"product-type-simple"},"_links":{"self":[{"href":"https:\/\/stylingagenten.com\/no\/wp-json\/wp\/v2\/product\/376132","targetHints":{"allow":["GET"]}}],"collection":[{"href":"https:\/\/stylingagenten.com\/no\/wp-json\/wp\/v2\/product"}],"about":[{"href":"https:\/\/stylingagenten.com\/no\/wp-json\/wp\/v2\/types\/product"}],"replies":[{"embeddable":true,"href":"https:\/\/stylingagenten.com\/no\/wp-json\/wp\/v2\/comments?post=376132"}],"version-history":[{"count":0,"href":"https:\/\/stylingagenten.com\/no\/wp-json\/wp\/v2\/product\/376132\/revisions"}],"wp:featuredmedia":[{"embeddable":true,"href":"https:\/\/stylingagenten.com\/no\/wp-json\/wp\/v2\/media\/376101"}],"wp:attachment":[{"href":"https:\/\/stylingagenten.com\/no\/wp-json\/wp\/v2\/media?parent=376132"}],"wp:term":[{"taxonomy":"product_brand","embeddable":true,"href":"https:\/\/stylingagenten.com\/no\/wp-json\/wp\/v2\/product_brand?post=376132"},{"taxonomy":"product_cat","embeddable":true,"href":"https:\/\/stylingagenten.com\/no\/wp-json\/wp\/v2\/product_cat?post=376132"},{"taxonomy":"product_tag","embeddable":true,"href":"https:\/\/stylingagenten.com\/no\/wp-json\/wp\/v2\/product_tag?post=376132"},{"taxonomy":"berocket_brand","embeddable":true,"href":"https:\/\/stylingagenten.com\/no\/wp-json\/wp\/v2\/berocket_brand?post=376132"}],"curies":[{"name":"wp","href":"https:\/\/api.w.org\/{rel}","templated":true}]}}